{"id":1408,"date":"2023-07-12T11:26:17","date_gmt":"2023-07-12T09:26:17","guid":{"rendered":"https:\/\/www.newbikeproducts.com\/conditions-de-vente\/"},"modified":"2023-07-14T15:13:53","modified_gmt":"2023-07-14T13:13:53","slug":"conditions-de-vente","status":"publish","type":"page","link":"https:\/\/www.newbikeproducts.com\/fr\/conditions-de-vente\/","title":{"rendered":"CONDITIONS DE VENTE"},"content":{"rendered":"\n<h3 class=\"wp-block-heading has-text-align-center\">Conditions g\u00e9n\u00e9rales<\/h3>\n\n<p><strong>Conditions g\u00e9n\u00e9rales de vente<\/strong><br\/>Les pr\u00e9sentes Conditions G\u00e9n\u00e9rales de Vente r\u00e9gissent les relations contractuelles entre les Clients du site NEWBIKEPRODUCTS.COM et la soci\u00e9t\u00e9 NEWBIKEPRODUCTS &#8211; Num\u00e9ro de TVA intracommunautaire FR90 847546256 Si\u00e8ge social : 12, Rue Alice Eynard 73100 AIX LES BAINS FRANCE ci-apr\u00e8s d\u00e9nomm\u00e9e NEWBIKEPRODUCTS.<\/p>\n\n<p>1. D\u00c9FINITIONS<br\/>2. ACCEPTATION DES CONDITIONS GENERALES DE VENTE<br\/>3.PROC\u00c9DURE D&rsquo;ACHAT EN LIGNE<br\/>4. PRIX DES PRODUITS<br\/>5. MODALIT\u00c9S DE PAIEMENT<br\/>6. LIVRAISON DE MARCHANDISES<br\/>7. DROIT DE R\u00c9TRACTATION<br\/>8. GARANTIES<br\/>9. INSTRUCTIONS<br\/>10. EXCLUSION DE RESPONSABILIT\u00c9<br\/>11. RESPONSABILIT\u00c9 POUR LES DOMMAGES PROVENANT DE PRODUITS D\u00c9FECTUEUX<br\/>12. LOI APPLICABLE ET JURIDICTION<br\/>13. COMMUNICATIONS ET PLAINTES<br\/>14. VALIDITE DES CLAUSES<\/p>\n\n<p><strong>1. D\u00c9FINITIONS<\/strong><br\/>Conform\u00e9ment aux pr\u00e9sentes Conditions G\u00e9n\u00e9rales de Vente, il existe les d\u00e9finitions suivantes :<\/p>\n\n<p>\u2022 SITE : Le site Internet NEWBIKEPRODUCTS.COM par l&rsquo;interm\u00e9diaire duquel la soci\u00e9t\u00e9 NEWBIKEPRODUCTS proc\u00e8de \u00e0 la vente au d\u00e9tail de PRODUITS.<br\/>\u2022 CLIENT : la personne physique qui ach\u00e8te des produits vendus par l&rsquo;interm\u00e9diaire du SITE. Pour effectuer des achats via le SITE, le CLIENT doit \u00eatre majeur (18 ans) et avoir la capacit\u00e9 d&rsquo;agir, ce qu&rsquo;il pr\u00e9tend poss\u00e9der.<br\/>\u2022 CONTRAT : Le contrat de vente \u00e0 distance conclu entre NEWBIKEPRODUCTS et le CLIENT.<br\/>\u2022 PRODUITS : Les produits NEWBIKEPRODUCTS d\u00e9crits, m\u00eame dans leurs caract\u00e9ristiques essentielles, directement sur le SITE (pour chaque produit consult\u00e9, le CLIENT aura la possibilit\u00e9 d&rsquo;acc\u00e9der \u00e0 une fiche sp\u00e9cifique reprenant les principales informations et donn\u00e9es relatives au produit lui-m\u00eame) et dont le Le CLIENT peut acheter via la proc\u00e9dure d&rsquo;achat en ligne d\u00e9crite ci-dessous. La repr\u00e9sentation visuelle des Produits sur le Site, lorsqu&rsquo;elle est disponible, a une valeur indicative et correspond normalement \u00e0 l&rsquo;image photographique des Produits eux-m\u00eames et a pour seul but de les pr\u00e9senter \u00e0 la vente, sans aucune garantie ni engagement de la part de NEWBIKEPRODUCTS concernant la correspondance exacte de l&rsquo;image repr\u00e9sent\u00e9e sur le Site avec le produit r\u00e9el ; \u00e0 cela en portant une attention particuli\u00e8re \u00e0 ses dimensions r\u00e9elles et\/ou aux aspects graphiques ou chromatiques des Produits et\/ou emballages.<\/p>\n\n<p><strong>2. ACCEPTATION DES CONDITIONS GENERALES DE VENTE<\/strong><br\/>La pr\u00e9sentation des PRODUITS sur le SITE, qui n&rsquo;engage pas le vendeur NEWBIKEPRODUCTS, constitue une simple invitation faite au CLIENT \u00e0 formuler une proposition contractuelle d&rsquo;achat.<br\/>Le bon de commande transmis par le CLIENT \u00e0 NEWBIKEPRODUCTS par l&rsquo;interm\u00e9diaire du SITE a valeur de proposition contractuelle et est r\u00e9gi par les pr\u00e9sentes Conditions G\u00e9n\u00e9rales de Vente, qui font partie int\u00e9grante de la commande, que le CLIENT est tenu d&rsquo;accepter int\u00e9gralement et sans r\u00e9serve \u00e0 moment de la transmission de la commande \u00e0 NEWBIKEPRODUCTS.<br\/>Avant de proc\u00e9der \u00e0 l&rsquo;achat des PRODUITS par l&rsquo;envoi de la commande, le CLIENT doit lire attentivement les pr\u00e9sentes Conditions de Vente, notamment la rubrique d\u00e9di\u00e9e au droit de r\u00e9tractation (point 7), imprimer et m\u00e9moriser ou reproduire une copie de celles-ci pour son propre compte usage personnel; en outre, il devra identifier et corriger les \u00e9ventuelles erreurs dans la saisie de ses donn\u00e9es.<br\/>Le bon de commande du CLIENT sera suivi par NEWBIKEPRODUCTS pour l&rsquo;adresser au CLIENT, \u00e0 l&rsquo;adresse e-mail d\u00e9clar\u00e9e par ce dernier lors de son inscription sur le SITE ou lors de l&rsquo;envoi de la commande, si le CLIENT ne s&rsquo;est pas encore inscrit sur le SITE, un e -mail confirmant la commande avec le r\u00e9capitulatif de la commande pass\u00e9e.<\/p>\n\n<p>Conform\u00e9ment \u00e0 l&rsquo;art. 12 du d\u00e9cret l\u00e9gislatif n.70\/2003, NEWBIKEPRODUCTS informe que la commande du CLIENT, la confirmation de la commande NEWBIKEPRODUCTS et les Conditions de Vente appliqu\u00e9es, sont stock\u00e9es sous forme num\u00e9rique sur le serveur chez le gestionnaire qui h\u00e9berge le SITE et sous forme papier ou num\u00e9rique chez NEWBIKEPRODUCTS lui-m\u00eame , en tout \u00e9tat de cause selon des crit\u00e8res de confidentialit\u00e9 et de s\u00e9curit\u00e9. Le CLIENT peut en avoir une copie en envoyant une demande par e-mail ou info@newbikeproducts.com<\/p>\n\n<p><strong>3.PROC\u00c9DURE D&rsquo;ACHAT EN LIGNE<\/strong><\/p>\n\n<p>Le CLIENT qui souhaite proc\u00e9der \u00e0 l&rsquo;achat doit :<br\/>\u2022 S\u00e9lectionnez une par une la taille et la couleur du produit choisi et ins\u00e9rez les PRODUITS souhait\u00e9s dans le panier virtuel appropri\u00e9 ;<br\/>\u2022 Apr\u00e8s avoir s\u00e9lectionn\u00e9 les PRODUITS, afin d&rsquo;acheter ceux inclus dans le panier, le CLIENT sera invit\u00e9 \u00e0 s&rsquo;inscrire sur le Site (ou \u00e0 se connecter, s&rsquo;il est d\u00e9j\u00e0 inscrit), ou pourra acheter en tant que \u00ab\u00a0visiteur\u00a0\u00bb en fournissant les donn\u00e9es demand\u00e9es ;<br\/>\u2022 Le CLIENT verra un r\u00e9capitulatif de la commande \u00e0 effectuer, dont il pourra modifier les quantit\u00e9s ou \u00e9liminer les produits : ainsi, apr\u00e8s lecture attentive, le CLIENT devra express\u00e9ment approuver les pr\u00e9sentes Conditions G\u00e9n\u00e9rales de Vente, en cochant la case appropri\u00e9e ;<br\/>\u2022 Le CLIENT sera invit\u00e9 \u00e0 choisir le mode d&rsquo;exp\u00e9dition et le mode de paiement, parmi ceux disponibles ;<br\/>\u2022 Enfin, par le bouton \u00ab Confirmer la commande \u00bb, le CLIENT sera invit\u00e9 \u00e0 confirmer sa commande, qui sera ainsi d\u00e9finitivement transmise \u00e0 NEWBIKEPRODUCTS et produira les effets pr\u00e9c\u00e9demment d\u00e9crits (point 2) ;<br\/>\u2022 D\u00e8s r\u00e9ception de la commande, NEWBIKEPRODUCTS enverra automatiquement un e-mail de confirmation de commande, qui ne vaut pas encore acceptation de la proposition d&rsquo;achat, mais uniquement confirmation d&rsquo;avoir re\u00e7u la commande et de l&rsquo;avoir soumise pour v\u00e9rifier la disponibilit\u00e9 des produits s\u00e9lectionn\u00e9s ;<br\/>\u2022 Le contrat sera conclu lorsque NEWBIKEPRODUCTS enverra un e-mail s\u00e9par\u00e9 dans lequel il confirmera l&rsquo;exp\u00e9dition de la commande envoy\u00e9e par le CLIENT.<\/p>\n\n<p>NEWBIKEPRODUCTS se r\u00e9serve le droit de refuser les commandes re\u00e7ues, \u00e9galement en raison d&rsquo;un \u00e9ventuel \u00e9puisement des PRODUITS demand\u00e9s, mais s&rsquo;engage \u00e0 informer rapidement le CLIENT de cette \u00e9ventualit\u00e9 dans l&rsquo;e-mail relatif \u00e0 l&rsquo;exp\u00e9dition.<\/p>\n\n<p><br\/><strong>4. PRIX DES PRODUITS<\/strong><br\/>Tous les prix de vente des PRODUITS sont exprim\u00e9s en euros. Les frais d&rsquo;exp\u00e9dition et les \u00e9ventuels frais accessoires ne sont pas inclus dans le prix d&rsquo;achat, mais indiqu\u00e9s et calcul\u00e9s s\u00e9par\u00e9ment. En remplissant le bon de commande, ou en tout cas avant que la proc\u00e9dure d&rsquo;achat ne soit termin\u00e9e conform\u00e9ment au point 2 ci-dessus, le CLIENT pourra v\u00e9rifier ces co\u00fbts et charges.<\/p>\n\n<p>Il convient \u00e9galement de noter que les PRODUITS vendus ne sont soumis \u00e0 aucune taxe \u00e0 l&rsquo;importation ou droit de douane, si leur vente et leur livraison ont lieu en FRANCE et dans les autres \u00c9tats membres de l&rsquo;Union europ\u00e9enne.<\/p>\n\n<p>Dans le cas de livraisons vers des pays hors Union Europ\u00e9enne, les PRODUITS pourront \u00eatre soumis \u00e0 des taxes \u00e0 l&rsquo;importation et\/ou \u00e0 des droits de douane selon le type de produit et le pays de destination : il n&rsquo;est donc en aucun cas possible de pr\u00e9voir si et lesquels des frais doivent \u00eatre encourus pour le d\u00e9douanement des marchandises. Pour plus d&rsquo;informations, le CLIENT sera tenu de contacter le bureau de douane de son pays. En tout \u00e9tat de cause, les \u00e9ventuels frais li\u00e9s aux taxes d&rsquo;importation et\/ou aux droits de douane seront \u00e0 la charge exclusive du CLIENT.<\/p>\n\n<p><strong>5. MODALIT\u00c9S DE PAIEMENT<\/strong><\/p>\n\n<p>Seul le type de paiement sp\u00e9cifi\u00e9 dans le r\u00e9capitulatif de confirmation de commande est accept\u00e9. Par ailleurs, le paiement du prix ne peut intervenir qu&rsquo;au moyen de l&rsquo;un des modes suivants :<\/p>\n\n<p>\u2022 VIREMENT BANCAIRE \u00c0 L&rsquo;AVANCE ; dans le transfert, le CLIENT doit indiquer le num\u00e9ro de commande, le nom et le pr\u00e9nom. Les marchandises ne partiront qu&rsquo;apr\u00e8s r\u00e9ception du cr\u00e9dit dans la banque de r\u00e9f\u00e9rence. Le d\u00e9lai de transfert d&rsquo;argent peut varier de 1 \u00e0 3 jours.<br\/><br\/><\/p>\n\n<p><strong>6. LIVRAISON DE MARCHANDISES<\/strong><br\/>NEWBIKEPRODUCTS S.r.l s&rsquo;engage \u00e0 livrer la marchandise sans retard excessif, sauf cas impr\u00e9visible La livraison des Produits sera effectu\u00e9e par coursier, et les d\u00e9lais varieront en fonction de la destination. Les d\u00e9lais indiqu\u00e9s au moment du bon de commande sont en tout cas indicatifs. Les cas de force majeure, l&rsquo;indisponibilit\u00e9 des moyens de transport, ainsi que les \u00e9v\u00e9nements impr\u00e9visibles ou in\u00e9vitables qui entra\u00eenent un retard dans les livraisons ou rendent les livraisons difficiles ou impossibles ou entra\u00eenent une augmentation significative des frais de livraison factur\u00e9s \u00e0 NEWBIKEPRODUCTS, donneront droit \u00e0 celui-ci \u00e0 fractionner, reporter ou annuler, en tout ou en partie, la livraison pr\u00e9vue ou r\u00e9silier le contrat d&rsquo;achat. Dans de tels cas, NEWBIKEPRODUCTS fournira une communication opportune et ad\u00e9quate de ses d\u00e9cisions \u00e0 l&rsquo;adresse e-mail indiqu\u00e9e par le Client et ce dernier aura droit au remboursement de tout prix d\u00e9j\u00e0 pay\u00e9, \u00e0 l&rsquo;exclusion de toute autre r\u00e9clamation, pour quelque raison que ce soit, contre par NEWBIKEPRODUCTS.<br\/>A la livraison des marchandises, le CLIENT est tenu de v\u00e9rifier :<br\/>1. que le nombre de colis correspond \u00e0 celui indiqu\u00e9 dans le document de transport ; <br\/>2. que les emballages sont ferm\u00e9s, intacts et n&rsquo;ont pas \u00e9t\u00e9 alt\u00e9r\u00e9s ou endommag\u00e9s ext\u00e9rieurement.<\/p>\n\n<p>Le d\u00e9faut de notification imm\u00e9diate au transporteur des \u00e9carts par rapport \u00e0 ce qui est indiqu\u00e9 aux points 1 et 2 ci-dessus, avant la signature de l&rsquo;acceptation de la marchandise, rendra impossible pour le CLIENT toute contestation future. En cas de litiges, au moment de la livraison, le CLIENT est tenu d&rsquo;apposer la r\u00e9serve sp\u00e9cifique de d\u00e9t\u00e9rioration constat\u00e9e sur le r\u00e9c\u00e9piss\u00e9.<\/p>\n\n<p>Tout probl\u00e8me concernant l&rsquo;int\u00e9grit\u00e9, l&rsquo;exhaustivit\u00e9 ou la correspondance des PRODUITS par rapport \u00e0 la commande doit \u00eatre signal\u00e9 \u00e0 NEWBIKEPRODUCTS dans les 8 (huit) jours \u00e0 compter de la date de livraison, par communication \u00e9lectronique \u00e0 l&rsquo;adresseinfo@newbikeproducts.com<\/p>\n\n<p>En cas de non-r\u00e9cup\u00e9ration de la marchandise par le CLIENT et de retour cons\u00e9cutif \u00e0 l&rsquo;exp\u00e9diteur, la commande sera annul\u00e9e et les frais de transport seront factur\u00e9s au CLIENT, qui pourront \u00eatre d\u00e9duits du montant d\u00e9j\u00e0 pay\u00e9.<\/p>\n\n<p><strong>7. DROIT DE R\u00c9TRACTATION<\/strong><br\/>Dans le cas de PRODUITS vendus dans l&rsquo;Union europ\u00e9enne, conform\u00e9ment \u00e0 la directive 2011\/83\/UE relative aux droits des consommateurs, le CLIENT a le droit de r\u00e9silier le CONTRAT, sans aucune p\u00e9nalit\u00e9 et sans en pr\u00e9ciser le motif, en demandant le remboursement du montant pay\u00e9 avant le retour de la marchandise.<\/p>\n\n<p><strong>Exercice du droit de r\u00e9tractation<\/strong><\/p>\n\n<p>Le d\u00e9lai de r\u00e9tractation expire 15 jours apr\u00e8s le jour o\u00f9 le CLIENT prend mat\u00e9riellement possession des PRODUITS achet\u00e9s en ligne. <\/p>\n\n<p>Pour exercer le droit de r\u00e9tractation, le CLIENT doit informer NEWBIKEPRODUCTS de sa d\u00e9cision de se r\u00e9tracter du CONTRAT en envoyant un email \u00e0 info@newbikeproducts.com.<\/p>\n\n<p>NEWBIKEPRODUCTS accusera r\u00e9ception de la notification de r\u00e9tractation du CLIENT par l&rsquo;envoi d&rsquo;un e-mail sp\u00e9cifique. <\/p>\n\n<p><strong>Effets du retrait &#8211; Remboursement du montant<\/strong><\/p>\n\n<p>En cas de r\u00e9tractation du CONTRAT, le prix d&rsquo;achat des seuls PRODUITS retourn\u00e9s sera rembours\u00e9 au CLIENT, sans retard excessif et en tout \u00e9tat de cause au plus tard 14 (quatorze) jours suivant l&rsquo;exp\u00e9dition des marchandises par le CLIENT et en en tout cas pas avant la r\u00e9ception de la marchandise.<\/p>\n\n<p>Ce remboursement sera effectu\u00e9 par virement bancaire dont les coordonn\u00e9es devront \u00eatre communiqu\u00e9es par le CLIENT avec l&rsquo;avis de r\u00e9tractation susvis\u00e9.<\/p>\n\n<p>Pour avoir droit au remboursement int\u00e9gral du prix pay\u00e9, les PRODUITS doivent \u00eatre retourn\u00e9s intacts (ils ne doivent pas avoir \u00e9t\u00e9 utilis\u00e9s et\/ou lav\u00e9s par le CLIENT ou endommag\u00e9s par le CLIENT) et dans leur emballage d&rsquo;origine (les \u00e9ventuelles \u00e9tiquettes d&rsquo;identification doivent encore \u00eatre attach\u00e9s aux PRODUITS car ils en font partie int\u00e9grante). En tout \u00e9tat de cause, le CLIENT reste responsable de la diminution de la valeur des PRODUITS r\u00e9sultant de leur manipulation autre que celle n\u00e9cessaire pour \u00e9tablir leur nature, leurs caract\u00e9ristiques et leur fonctionnement. A cet \u00e9gard, il est \u00e9galement pr\u00e9cis\u00e9 que, pr\u00e9cis\u00e9ment aux fins d&rsquo;\u00e9tablir la nature, les caract\u00e9ristiques et le fonctionnement des PRODUITS, le CLIENT est tenu de les manipuler et de les contr\u00f4ler avec toute la diligence requise et de la m\u00eame mani\u00e8re qu&rsquo;il serait autoris\u00e9 \u00e0 faites-le dans un magasin.<\/p>\n\n<p><strong>8. GARANTIES<\/strong><\/p>\n\n<p>NEWBIKEPRODUCTS garantit par son exp\u00e9rience la qualit\u00e9 et l&rsquo;efficacit\u00e9 de ses produits.<br\/>Pour exercer le droit de r\u00e9tractation, le CLIENT doit informer <strong>NEWBIKEPRODUCTS<\/strong> de sa d\u00e9cision de se r\u00e9tracter du CONTRAT en envoyant un email \u00e0 info@newbikeproducts.com.<br\/>En cas de d\u00e9faut de conformit\u00e9 du produit, NEWBIKEPRODUCTS proc\u00e9dera \u00e0 la r\u00e9paration gratuite du PRODUIT achet\u00e9 (si et dans la mesure du possible) ou au remplacement d&rsquo;une pi\u00e8ce d\u00e9fectueuse ou au remplacement du PRODUIT. Le CLIENT sera tenu de suivre les instructions sp\u00e9cifiques que NEWBIKEPRODUCTS communiquera pour offrir une assistance compl\u00e8te dans cette situation.<br\/>Six mois apr\u00e8s la livraison et dans un d\u00e9lai de deux ans, le client doit d\u00e9montrer que le d\u00e9faut \u00e9tait d\u00e9j\u00e0 pr\u00e9sent au moment de la livraison du produit.<br\/>Le d\u00e9faut doit \u00eatre rapidement communiqu\u00e9 \u00e0 <a href=\"mailto:shop@biotex.it\">NEWBIKEPRODUCTS<\/a> par e-mail info@newbikeproducts.com, la proc\u00e9dure sera envoy\u00e9e par e-mail en r\u00e9ponse.<\/p>\n\n<p><strong>D\u00e9claration de garantie<\/strong><br\/>La garantie ne comprend pas :<\/p>\n\n<p>\u2022 l&rsquo;usure normale du produit due \u00e0 son utilisation<br\/>\u2022 pi\u00e8ces sujettes \u00e0 une usure normale, telles que le lettrage r\u00e9fl\u00e9chissant, les fermetures \u00e9clair, les bandes Velcro, la coque arri\u00e8re, etc.<br\/>\u2022 les dommages caus\u00e9s par un entretien et\/ou un lavage inappropri\u00e9s<br\/>\u2022 les dommages caus\u00e9s par une imprudence, une n\u00e9gligence ou une utilisation inappropri\u00e9e<\/p>\n\n<p><strong>9. AVIS DE NON-RESPONSABILIT\u00c9<\/strong><br\/>NEWBIKEPRODUCTS ne sera pas responsable de tout retard ou inex\u00e9cution des obligations \u00e9nonc\u00e9es dans les pr\u00e9sentes Conditions G\u00e9n\u00e9rales de Vente si le retard ou l&rsquo;inex\u00e9cution d\u00e9coule d&rsquo;un cas fortuit ou d&rsquo;un cas de force majeure. Cette disposition n&rsquo;affecte pas les droits du consommateur d\u00e9coulant de la loi et notamment le droit de recevoir les biens achet\u00e9s dans un d\u00e9lai raisonnable ou d&rsquo;\u00eatre rembours\u00e9 en cas de non-livraison due \u00e0 des circonstances d\u00e9coulant de circonstances impr\u00e9visibles ou de force majeure.<\/p>\n\n<p><br\/><strong>10. LOI APPLICABLE ET JURIDICTION<\/strong><br\/>Ces Conditions G\u00e9n\u00e9rales de Vente sont r\u00e9gies et interpr\u00e9t\u00e9es conform\u00e9ment aux lois italiennes et en particulier par le d. lgs. 6 septembre 2005, n. 206, cd. Code de la consommation et ses modifications ult\u00e9rieures, notamment en ce qui concerne la l\u00e9gislation sur les contrats \u00e0 distance et par le d\u00e9cret l\u00e9gislatif lgs. 9 avril 2003, n. 70 sur le commerce \u00e9lectronique. Les droits attribu\u00e9s aux consommateurs par les dispositions imp\u00e9ratives de la loi en vigueur dans leur pays de domicile ou de r\u00e9sidence seront toujours sans pr\u00e9judice.<\/p>\n\n<p>En cas de litiges n\u00e9s du CONTRAT entre NEWBIKEPRODUCTS et le CLIENT, NEWBIKEPRODUCTS garantit la volont\u00e9 de proc\u00e9der \u00e0 une tentative de r\u00e9solution amiable. Si cela n&rsquo;est pas possible, pour la r\u00e9solution des litiges, les greffes d&rsquo;AIX LES BAINS seront seuls comp\u00e9tents sauf dans le cas o\u00f9 cette disposition ne s&rsquo;appliquerait pas en raison des lois imp\u00e9ratives en vigueur dans le pays de r\u00e9sidence ou de domicile du consommateur.<\/p>\n\n<p><br\/><strong>13. COMMUNICATIONS ET PLAINTES<\/strong><br\/>Les communications \u00e9crites adress\u00e9es \u00e0 NEWBIKEPRODUCTS et toute r\u00e9clamation ne seront consid\u00e9r\u00e9es comme valables que si elles sont envoy\u00e9es \u00e0 l&rsquo;adresse NEWBIKEPRODUCTS 12, Rue Alice Eynard 73100 AIX LES BAINS, FRANCE ; ou, envoy\u00e9 par e-mail \u00e0 l&rsquo;adresse e-mail: info@newbikeproducts.com<\/p>\n\n<p><br\/><strong>14. VALIDITE DES CLAUSES<\/strong><br\/>Dans le cas o\u00f9 une clause ou une partie de clause des pr\u00e9sentes Conditions G\u00e9n\u00e9rales de Vente serait d\u00e9clar\u00e9e nulle parce qu&rsquo;elle serait contraire ou contraire \u00e0 une loi, toutes les autres clauses du pr\u00e9sent contrat ou parties de la m\u00eame clause resteront pleinement valables et efficace. Les conditions contenues dans ce document peuvent \u00eatre modifi\u00e9es par NEWBIKEPRODUCTS sans pr\u00e9avis et seront valables \u00e0 compter de la date de publication sur le site NEWBIKEPRODUCTS.COM<\/p>\n","protected":false},"excerpt":{"rendered":"<p>Conditions g\u00e9n\u00e9rales Conditions g\u00e9n\u00e9rales de venteLes pr\u00e9sentes Conditions G\u00e9n\u00e9rales de Vente r\u00e9gissent les relations contractuelles entre les Clients du site NEWBIKEPRODUCTS.COM et la soci\u00e9t\u00e9 NEWBIKEPRODUCTS &#8211; Num\u00e9ro de TVA intracommunautaire FR90 847546256 Si\u00e8ge social : 12, Rue Alice Eynard 73100 AIX LES BAINS FRANCE ci-apr\u00e8s d\u00e9nomm\u00e9e NEWBIKEPRODUCTS. 1. D\u00c9FINITIONS2. ACCEPTATION DES CONDITIONS GENERALES DE VENTE3.PROC\u00c9DURE [&hellip;]<\/p>\n","protected":false},"author":1,"featured_media":0,"parent":0,"menu_order":0,"comment_status":"closed","ping_status":"closed","template":"","meta":{"footnotes":""},"class_list":["post-1408","page","type-page","status-publish","hentry"],"_links":{"self":[{"href":"https:\/\/www.newbikeproducts.com\/fr\/wp-json\/wp\/v2\/pages\/1408","targetHints":{"allow":["GET"]}}],"collection":[{"href":"https:\/\/www.newbikeproducts.com\/fr\/wp-json\/wp\/v2\/pages"}],"about":[{"href":"https:\/\/www.newbikeproducts.com\/fr\/wp-json\/wp\/v2\/types\/page"}],"author":[{"embeddable":true,"href":"https:\/\/www.newbikeproducts.com\/fr\/wp-json\/wp\/v2\/users\/1"}],"replies":[{"embeddable":true,"href":"https:\/\/www.newbikeproducts.com\/fr\/wp-json\/wp\/v2\/comments?post=1408"}],"version-history":[{"count":5,"href":"https:\/\/www.newbikeproducts.com\/fr\/wp-json\/wp\/v2\/pages\/1408\/revisions"}],"predecessor-version":[{"id":1435,"href":"https:\/\/www.newbikeproducts.com\/fr\/wp-json\/wp\/v2\/pages\/1408\/revisions\/1435"}],"wp:attachment":[{"href":"https:\/\/www.newbikeproducts.com\/fr\/wp-json\/wp\/v2\/media?parent=1408"}],"curies":[{"name":"wp","href":"https:\/\/api.w.org\/{rel}","templated":true}]}}