{"id":1756,"date":"2024-03-29T16:06:46","date_gmt":"2024-03-29T15:06:46","guid":{"rendered":"https:\/\/www.newbikeproducts.com\/qui-nous-sommes\/"},"modified":"2024-06-21T10:23:21","modified_gmt":"2024-06-21T08:23:21","slug":"qui-nous-sommes","status":"publish","type":"page","link":"https:\/\/www.newbikeproducts.com\/fr\/qui-nous-sommes\/","title":{"rendered":"QUI NOUS SOMMES"},"content":{"rendered":"\n<p><strong>NEWBIKEPRODUCTS.COM<\/strong> est une jeune entreprise fond\u00e9e en 2017 dans le but de fabriquer des produits pour les passionn\u00e9s de cyclisme et de VTT ! <\/p>\n\n\n\n<p>Nous aimons cr\u00e9er, innover et fabriquer des produits RIGOUREUSEMENT en ITALIE\/EUROPE, en \u00e9vitant les tours du monde et l&rsquo;exploitation d&rsquo;une main-d&rsquo;\u0153uvre bon march\u00e9.<\/p>\n\n\n\n<p>Produire en EUROPE nous permet \u00e9galement de r\u00e9duire les co\u00fbts et l&rsquo;impact environnemental de la logistique et de sauvegarder la PATRIMONIE de la production europ\u00e9enne.<\/p>\n\n\n\n<p><strong>NBP<\/strong> emploie des petits artisans et des petites\/moyennes entreprises avec lesquels le dialogue est beaucoup plus direct et constructif, ce qui nous permet de mieux suivre la production et l&rsquo;attention port\u00e9e aux d\u00e9tails.<\/p>\n\n\n\n<p>Gr\u00e2ce \u00e0 vos achats vous nous permettrez de grandir et votre bouche \u00e0 oreille nous fera tr\u00e8s plaisir.<\/p>\n","protected":false},"excerpt":{"rendered":"<p>NEWBIKEPRODUCTS.COM est une jeune entreprise fond\u00e9e en 2017 dans le but de fabriquer des produits pour les passionn\u00e9s de cyclisme et de VTT ! Nous aimons cr\u00e9er, innover et fabriquer des produits RIGOUREUSEMENT en ITALIE\/EUROPE, en \u00e9vitant les tours du monde et l&rsquo;exploitation d&rsquo;une main-d&rsquo;\u0153uvre bon march\u00e9. Produire en EUROPE nous permet \u00e9galement de r\u00e9duire [&hellip;]<\/p>\n","protected":false},"author":1,"featured_media":0,"parent":0,"menu_order":0,"comment_status":"closed","ping_status":"closed","template":"","meta":{"footnotes":""},"class_list":["post-1756","page","type-page","status-publish","hentry"],"_links":{"self":[{"href":"https:\/\/www.newbikeproducts.com\/fr\/wp-json\/wp\/v2\/pages\/1756","targetHints":{"allow":["GET"]}}],"collection":[{"href":"https:\/\/www.newbikeproducts.com\/fr\/wp-json\/wp\/v2\/pages"}],"about":[{"href":"https:\/\/www.newbikeproducts.com\/fr\/wp-json\/wp\/v2\/types\/page"}],"author":[{"embeddable":true,"href":"https:\/\/www.newbikeproducts.com\/fr\/wp-json\/wp\/v2\/users\/1"}],"replies":[{"embeddable":true,"href":"https:\/\/www.newbikeproducts.com\/fr\/wp-json\/wp\/v2\/comments?post=1756"}],"version-history":[{"count":2,"href":"https:\/\/www.newbikeproducts.com\/fr\/wp-json\/wp\/v2\/pages\/1756\/revisions"}],"predecessor-version":[{"id":1866,"href":"https:\/\/www.newbikeproducts.com\/fr\/wp-json\/wp\/v2\/pages\/1756\/revisions\/1866"}],"wp:attachment":[{"href":"https:\/\/www.newbikeproducts.com\/fr\/wp-json\/wp\/v2\/media?parent=1756"}],"curies":[{"name":"wp","href":"https:\/\/api.w.org\/{rel}","templated":true}]}}