{"id":1758,"date":"2024-03-29T16:09:20","date_gmt":"2024-03-29T15:09:20","guid":{"rendered":"https:\/\/www.newbikeproducts.com\/contact\/"},"modified":"2024-03-29T16:09:21","modified_gmt":"2024-03-29T15:09:21","slug":"contact","status":"publish","type":"page","link":"https:\/\/www.newbikeproducts.com\/fr\/contact\/","title":{"rendered":"Contact"},"content":{"rendered":"\n<p>NOUS SOMMES TOUJOURS \u00c0 VOTRE DISPOSITION !<\/p>\n\n<p>POUR TOUTE INFORMATION TECHNIQUE OU COMMERCIALE, N&rsquo;H\u00c9SITEZ PAS \u00c0 NOUS CONTACTER !<\/p>\n\n<div class=\"wp-block-group\"><div class=\"wp-block-group__inner-container is-layout-flow wp-block-group-is-layout-flow\">\n<div class=\"wp-block-group\"><div class=\"wp-block-group__inner-container is-layout-flow wp-block-group-is-layout-flow\">\n<p><strong>Ing. Fattorini Sandro<\/strong><\/p>\n\n\n\n<p><strong>12, Rue Alice Eynard<\/strong><\/p>\n\n\n\n<p><strong>73100 AIX LES BAINS &#8211; FRANCE<\/strong><\/p>\n\n\n\n<p><strong>TEL:<\/strong> +33 652053031 <strong>E-MAIL: <\/strong>INFO NEWBIKEPRODUCTS.COM<\/p>\n<\/div><\/div>\n\n\n\n<div class=\"wp-block-image\"><figure class=\"aligncenter size-full\"><img decoding=\"async\" src=\"https:\/\/www.newbikeproducts.com\/wp-content\/uploads\/2021\/11\/NEWBIKEPRODUCTS-NBP.png\" alt=\"\" class=\"wp-image-32\"\/><\/figure><\/div>\n<\/div><\/div>\n","protected":false},"excerpt":{"rendered":"<p>NOUS SOMMES TOUJOURS \u00c0 VOTRE DISPOSITION ! POUR TOUTE INFORMATION TECHNIQUE OU COMMERCIALE, N&rsquo;H\u00c9SITEZ PAS \u00c0 NOUS CONTACTER ! Ing. Fattorini Sandro 12, Rue Alice Eynard 73100 AIX LES BAINS &#8211; FRANCE TEL: +33 652053031 E-MAIL: INFO NEWBIKEPRODUCTS.COM<\/p>\n","protected":false},"author":1,"featured_media":0,"parent":0,"menu_order":0,"comment_status":"closed","ping_status":"closed","template":"","meta":{"footnotes":""},"class_list":["post-1758","page","type-page","status-publish","hentry"],"_links":{"self":[{"href":"https:\/\/www.newbikeproducts.com\/fr\/wp-json\/wp\/v2\/pages\/1758","targetHints":{"allow":["GET"]}}],"collection":[{"href":"https:\/\/www.newbikeproducts.com\/fr\/wp-json\/wp\/v2\/pages"}],"about":[{"href":"https:\/\/www.newbikeproducts.com\/fr\/wp-json\/wp\/v2\/types\/page"}],"author":[{"embeddable":true,"href":"https:\/\/www.newbikeproducts.com\/fr\/wp-json\/wp\/v2\/users\/1"}],"replies":[{"embeddable":true,"href":"https:\/\/www.newbikeproducts.com\/fr\/wp-json\/wp\/v2\/comments?post=1758"}],"version-history":[{"count":1,"href":"https:\/\/www.newbikeproducts.com\/fr\/wp-json\/wp\/v2\/pages\/1758\/revisions"}],"predecessor-version":[{"id":1759,"href":"https:\/\/www.newbikeproducts.com\/fr\/wp-json\/wp\/v2\/pages\/1758\/revisions\/1759"}],"wp:attachment":[{"href":"https:\/\/www.newbikeproducts.com\/fr\/wp-json\/wp\/v2\/media?parent=1758"}],"curies":[{"name":"wp","href":"https:\/\/api.w.org\/{rel}","templated":true}]}}