{"id":225,"date":"2021-12-04T13:33:52","date_gmt":"2021-12-04T12:33:52","guid":{"rendered":"https:\/\/www.newbikeproducts.com\/boutique\/"},"modified":"2025-05-16T12:04:22","modified_gmt":"2025-05-16T10:04:22","slug":"boutique","status":"publish","type":"page","link":"https:\/\/www.newbikeproducts.com\/fr\/","title":{"rendered":"Boutique"},"content":{"rendered":"\n<p>Bienvenue, vous trouverez ici des PRODUITS INNOVANTS fabriqu\u00e9s par des passionn\u00e9s comme vous.<\/p>\n\n\n\n<p>Les produits NewBike sont VOLONTAIREMENT et ENTI\u00c8REMENT fabriqu\u00e9s en EUROPE afin de pr\u00e9server les EMPLOIS, le patrimoine manufacturier europ\u00e9en et l&rsquo;environnement.<\/p>\n\n\n\n<p>Nous voulons \u00e9viter les transports ABSURDES dans le monde entier, d&rsquo;o\u00f9 une cha\u00eene d&rsquo;approvisionnement courte, l&rsquo;absence d&rsquo;exploitation d&rsquo;une main-d&rsquo;\u0153uvre bon march\u00e9 et une gestion appropri\u00e9e des d\u00e9chets.<\/p>\n\n\n\n<p>Achetez les produits <strong> NBP <\/strong> et laissez&nbsp; un avis, nous en serons heureux !<\/p>\n\n\n\n<p><\/p>\n","protected":false},"excerpt":{"rendered":"<p>Bienvenue, vous trouverez ici des PRODUITS INNOVANTS fabriqu\u00e9s par des passionn\u00e9s comme vous. Les produits NewBike sont VOLONTAIREMENT et ENTI\u00c8REMENT fabriqu\u00e9s en EUROPE afin de pr\u00e9server les EMPLOIS, le patrimoine manufacturier europ\u00e9en et l&rsquo;environnement. Nous voulons \u00e9viter les transports ABSURDES dans le monde entier, d&rsquo;o\u00f9 une cha\u00eene d&rsquo;approvisionnement courte, l&rsquo;absence d&rsquo;exploitation d&rsquo;une main-d&rsquo;\u0153uvre bon march\u00e9 [&hellip;]<\/p>\n","protected":false},"author":1,"featured_media":258,"parent":0,"menu_order":0,"comment_status":"closed","ping_status":"closed","template":"","meta":{"footnotes":""},"class_list":["post-225","page","type-page","status-publish","has-post-thumbnail","hentry"],"_links":{"self":[{"href":"https:\/\/www.newbikeproducts.com\/fr\/wp-json\/wp\/v2\/pages\/225","targetHints":{"allow":["GET"]}}],"collection":[{"href":"https:\/\/www.newbikeproducts.com\/fr\/wp-json\/wp\/v2\/pages"}],"about":[{"href":"https:\/\/www.newbikeproducts.com\/fr\/wp-json\/wp\/v2\/types\/page"}],"author":[{"embeddable":true,"href":"https:\/\/www.newbikeproducts.com\/fr\/wp-json\/wp\/v2\/users\/1"}],"replies":[{"embeddable":true,"href":"https:\/\/www.newbikeproducts.com\/fr\/wp-json\/wp\/v2\/comments?post=225"}],"version-history":[{"count":8,"href":"https:\/\/www.newbikeproducts.com\/fr\/wp-json\/wp\/v2\/pages\/225\/revisions"}],"predecessor-version":[{"id":2408,"href":"https:\/\/www.newbikeproducts.com\/fr\/wp-json\/wp\/v2\/pages\/225\/revisions\/2408"}],"wp:featuredmedia":[{"embeddable":true,"href":"https:\/\/www.newbikeproducts.com\/fr\/wp-json\/wp\/v2\/media\/258"}],"wp:attachment":[{"href":"https:\/\/www.newbikeproducts.com\/fr\/wp-json\/wp\/v2\/media?parent=225"}],"curies":[{"name":"wp","href":"https:\/\/api.w.org\/{rel}","templated":true}]}}