{"id":2519,"date":"2025-04-15T12:12:53","date_gmt":"2025-04-15T10:12:53","guid":{"rendered":"https:\/\/www.newbikeproducts.com\/?page_id=2519"},"modified":"2026-04-24T13:04:19","modified_gmt":"2026-04-24T11:04:19","slug":"calendrier-des-evenements-nbp","status":"publish","type":"page","link":"https:\/\/www.newbikeproducts.com\/fr\/calendrier-des-evenements-nbp\/","title":{"rendered":"CALENDRIER DES \u00c9V\u00c9NEMENTS NBP"},"content":{"rendered":"\n<p>NEWBIKEPRODUCTS participera \u00e0 ces EVENEMENTS avec son STAND o\u00f9 vous pourrez toucher et essayer nos produits fabriqu\u00e9s par des passionn\u00e9s comme vous !<\/p>\n\n\n\n<p>Lors de ces \u00e9v\u00e9nements, vous pourrez \u00e9galement RECEVOIR vos commandes pass\u00e9es sur notre site internet et ECONOMISER LES FRAIS DE TRANSPORT !<\/p>\n\n\n\n<p>Venez nous rendre visite, nous serions ravis de vous rencontrer !<\/p>\n\n\n<div class=\"wp-block-image\">\n<figure class=\"aligncenter size-large\"><img loading=\"lazy\" decoding=\"async\" width=\"1024\" height=\"727\" src=\"https:\/\/www.newbikeproducts.com\/wp-content\/uploads\/\/gazzebo-stand-nbp-1024x727.jpg\" alt=\"\" class=\"wp-image-2512\" srcset=\"https:\/\/www.newbikeproducts.com\/wp-content\/uploads\/gazzebo-stand-nbp-1024x727.jpg 1024w, https:\/\/www.newbikeproducts.com\/wp-content\/uploads\/gazzebo-stand-nbp-300x213.jpg 300w, https:\/\/www.newbikeproducts.com\/wp-content\/uploads\/gazzebo-stand-nbp-150x107.jpg 150w, https:\/\/www.newbikeproducts.com\/wp-content\/uploads\/gazzebo-stand-nbp-768x545.jpg 768w, https:\/\/www.newbikeproducts.com\/wp-content\/uploads\/gazzebo-stand-nbp-600x426.jpg 600w, https:\/\/www.newbikeproducts.com\/wp-content\/uploads\/gazzebo-stand-nbp.jpg 1180w\" sizes=\"auto, (max-width: 1024px) 100vw, 1024px\" \/><\/figure>\n<\/div>\n\n\n<p class=\"has-huge-font-size\"><strong>ANN\u00c9E 2026<\/strong><\/p>\n\n\n\n<p>FRANCE &#8211; <strong>RANDURO LA MANDRINOISE <\/strong>&#8211; DIMANCHE 19 AVRIL a NOVALAISE &#8211; 73470<\/p>\n\n\n\n<p>ITALIE &#8211; <strong>SENATOR CAMPIONATO ITALIANO ENDURO <\/strong>&#8211; SAMEDI et DIMANCE 19-20 SEPTEMBRE a VIDICIATICO &#8211; (BO)<\/p>\n\n\n\n<p><\/p>\n\n\n\n<p><\/p>\n\n\n\n<p style=\"font-size:38px\"><strong>ANN\u00c9E 2025<\/strong><\/p>\n\n\n\n<p>FRANCE &#8211; <strong>PACA ENDURO KIDS RSCUP<\/strong> &#8211; DIMANCHE 18 MAI \u00e0 l&rsquo;APT- 84400<\/p>\n\n\n\n<p>FRANCE &#8211;  <strong>AURA ENDURO KIDS<\/strong> et ENDURO &#8211; SAMEDI 6 ET DIMANCHE 7 SEPTEMBRE \u00e0 SUPERBESSE 63610, PUY DE DOME<\/p>\n","protected":false},"excerpt":{"rendered":"<p>NEWBIKEPRODUCTS participera \u00e0 ces EVENEMENTS avec son STAND o\u00f9 vous pourrez toucher et essayer nos produits fabriqu\u00e9s par des passionn\u00e9s comme vous ! Lors de ces \u00e9v\u00e9nements, vous pourrez \u00e9galement RECEVOIR vos commandes pass\u00e9es sur notre site internet et ECONOMISER LES FRAIS DE TRANSPORT ! Venez nous rendre visite, nous serions ravis de vous rencontrer [&hellip;]<\/p>\n","protected":false},"author":1,"featured_media":0,"parent":0,"menu_order":0,"comment_status":"closed","ping_status":"closed","template":"","meta":{"footnotes":""},"class_list":["post-2519","page","type-page","status-publish","hentry"],"_links":{"self":[{"href":"https:\/\/www.newbikeproducts.com\/fr\/wp-json\/wp\/v2\/pages\/2519","targetHints":{"allow":["GET"]}}],"collection":[{"href":"https:\/\/www.newbikeproducts.com\/fr\/wp-json\/wp\/v2\/pages"}],"about":[{"href":"https:\/\/www.newbikeproducts.com\/fr\/wp-json\/wp\/v2\/types\/page"}],"author":[{"embeddable":true,"href":"https:\/\/www.newbikeproducts.com\/fr\/wp-json\/wp\/v2\/users\/1"}],"replies":[{"embeddable":true,"href":"https:\/\/www.newbikeproducts.com\/fr\/wp-json\/wp\/v2\/comments?post=2519"}],"version-history":[{"count":8,"href":"https:\/\/www.newbikeproducts.com\/fr\/wp-json\/wp\/v2\/pages\/2519\/revisions"}],"predecessor-version":[{"id":3096,"href":"https:\/\/www.newbikeproducts.com\/fr\/wp-json\/wp\/v2\/pages\/2519\/revisions\/3096"}],"wp:attachment":[{"href":"https:\/\/www.newbikeproducts.com\/fr\/wp-json\/wp\/v2\/media?parent=2519"}],"curies":[{"name":"wp","href":"https:\/\/api.w.org\/{rel}","templated":true}]}}