{"id":1479,"date":"2023-07-26T18:12:12","date_gmt":"2023-07-26T16:12:12","guid":{"rendered":"https:\/\/www.newbikeproducts.com\/prodotto\/pettorina-mtb-enduro-dh-freeride-ebike\/"},"modified":"2024-12-07T11:35:49","modified_gmt":"2024-12-07T10:35:49","slug":"protections-poitrine-vtt-enduro-dh-freeride-ebike","status":"publish","type":"product","link":"https:\/\/www.newbikeproducts.com\/fr\/prodotto\/protections-poitrine-vtt-enduro-dh-freeride-ebike\/","title":{"rendered":"PROTECTION DE POITRINE VTT &#8211; ENDURO &#8211; DH &#8211; EBIKE"},"content":{"rendered":"<h1>Protection de poitrine MTB NIVEAU 1 int\u00e9gr\u00e9e au sac \u00e0 dos NBP &#8211; ENDURO-DOWHILL<\/h1>\n<p>Vous avez enfin un prot\u00e9ge poitrine PARFAITEMENT int\u00e9gr\u00e9 au sac \u00e0 dos NBP avec protection dorsal, combinant esth\u00e9tique et fonctionnalit\u00e9.<\/p>\n<p>La poitrine et le dos seront prot\u00e9g\u00e9s gr\u00e2ce au syst\u00e8me combin\u00e9 SAC \u00c0 DOS-PECTORAL; pour le dos, vous pouvez choisir une protection de NIVEAU 1 ou 2, tandis que pour la <strong>protection de poitrine<\/strong>, vous avez le NIVEAU 1.<\/p>\n<figure id=\"attachment_1448\" aria-describedby=\"caption-attachment-1448\" style=\"width: 300px\" class=\"wp-caption aligncenter\"><img loading=\"lazy\" decoding=\"async\" class=\"size-medium wp-image-1448\" src=\"https:\/\/www.newbikeproducts.com\/wp-content\/uploads\/\/protection-poitrine-VTT-300x300.jpg\" alt=\"Prot\u00e8ge poitrine VTT\" width=\"300\" height=\"300\" srcset=\"https:\/\/www.newbikeproducts.com\/wp-content\/uploads\/protection-poitrine-VTT-300x300.jpg 300w, https:\/\/www.newbikeproducts.com\/wp-content\/uploads\/protection-poitrine-VTT-150x150.jpg 150w, https:\/\/www.newbikeproducts.com\/wp-content\/uploads\/protection-poitrine-VTT-768x768.jpg 768w, https:\/\/www.newbikeproducts.com\/wp-content\/uploads\/protection-poitrine-VTT-600x600.jpg 600w, https:\/\/www.newbikeproducts.com\/wp-content\/uploads\/protection-poitrine-VTT-100x100.jpg 100w, https:\/\/www.newbikeproducts.com\/wp-content\/uploads\/protection-poitrine-VTT-50x50.jpg 50w, https:\/\/www.newbikeproducts.com\/wp-content\/uploads\/protection-poitrine-VTT.jpg 1024w\" sizes=\"auto, (max-width: 300px) 100vw, 300px\" \/><figcaption id=\"caption-attachment-1448\" class=\"wp-caption-text\">Prot\u00e8ge poitrine VTT int\u00e9gr\u00e9 dans le sac \u00e0 dos de protection<\/figcaption><\/figure>\n<p>Ceux qui utilisent d\u00e9j\u00e0 le sac \u00e0 dos sac VTT avec dorsale NBP connaissent le niveau de confort et rien ne change avec l&rsquo;ajout de la bavette !<\/p>\n<p>Lors des sorties en BIKEPARK, les adeptes du DOWNHILL ou de l&rsquo;ENDURO pourront retirer rapidement le protection pectoral lors des transferts ou des ascensions en l&rsquo;ins\u00e9rant dans leur sac \u00e0 dos sans qu&rsquo;il ne prenne autant de place qu&rsquo;un plastron VTT rigide.<\/p>\n<p>Le grand avantage du syst\u00e8me SAC A DOS-PROTECTIOND DE POITRINE est qu&rsquo;il est plus POLYVALENT que le prot\u00e8ge-poitrine rigide classique d\u00e9riv\u00e9 de MOTO, dans lequel il n&rsquo;est pas possible d&rsquo;ins\u00e9rer, par exemple, une poche \u00e0 eau, une cam\u00e9ra d&rsquo;action ou des v\u00eatements et divers petits objets tels que portefeuille, cl\u00e9s, etc.<\/p>\n<p>La coque homologu\u00e9 de la <strong>PROTECTION PECTORAL<\/strong> est fabriqu\u00e9 en r\u00e9sine VISCOELASTIC qui s&rsquo;assouplit avec la temp\u00e9rature du corps et se durcit avec l&rsquo;impact, garantissant ainsi un confort et une protection maximum.<\/p>\n<p>La coque a une structure tridimensionnelle qui assure un excellent maintien et permet une circulation minimale de l&rsquo;air.<\/p>\n<p>Le poids reste tr\u00e8s faible, seulement 240 g (170 g pour l&rsquo;insert) et il est plus fin que d&rsquo;autres protecteurs de la m\u00eame cat\u00e9gorie.<\/p>\n<p>Pour tous les amateurs de vid\u00e9o, vous pouvez attacher votre ACTION CAM \u00e0 la protection de la poitrine, en \u00e9vitant les sangles entre votre dos et votre sac \u00e0 dos, et vous serez prot\u00e9g\u00e9 en cas de chute.<\/p>\n<h4>POINTS FORTS<\/h4>\n<p>L\u00c9G\u00c8RE, seulement 240 g<\/p>\n<p>AER\u00c9E<\/p>\n<p>FLEXIBLE\/ANATOMIQUE gr\u00e2ce \u00e0 la mousse visco\u00e9lastique qui s&rsquo;assouplit avec la chaleur du cor<\/p>\n<p>R\u00c9UTILISABLE m\u00eame apr\u00e8s un choc<\/p>\n<p>COQUE HOMOLOGU\u00c9E NIVEAU 1 selon la norme EUROP\u00c9ENNE EN 1621-3:2018<\/p>\n<p>ATTACHE INTEGREE POUR GOPRO (\u00e9vite d&rsquo;avoir des sangles sur le dos)<\/p>\n<h4>INFORMATIONS TECHNIQUES<\/h4>\n<p>POIDS : 240 g<\/p>\n<p>NIVEAU DE PROTECTION 1<\/p>\n<p>DIMENSIONS L\/l\/H cm : environ 22\/28\/10<\/p>\n<p>TAILLE : UNIQUE<\/p>\n<p>COMPOSITION : R\u00e9sine thermoplastique<\/p>\n<p>ORIGINE: ITALIE<\/p>\n","protected":false},"excerpt":{"rendered":"<p>Protection de poitrine MTB NIVEAU 1 int\u00e9gr\u00e9e au sac \u00e0 dos NBP &#8211; ENDURO-DOWHILL Vous avez enfin un prot\u00e9ge poitrine PARFAITEMENT int\u00e9gr\u00e9 au sac \u00e0 dos NBP avec protection dorsal, combinant esth\u00e9tique et fonctionnalit\u00e9. La poitrine et le dos seront prot\u00e9g\u00e9s gr\u00e2ce au syst\u00e8me combin\u00e9 SAC \u00c0 DOS-PECTORAL; pour le dos, vous pouvez choisir une [&hellip;]<\/p>\n","protected":false},"featured_media":1448,"comment_status":"open","ping_status":"closed","template":"","meta":[],"product_brand":[],"product_cat":[364],"product_tag":[347,367,348,231,366,349],"class_list":{"0":"post-1479","1":"product","2":"type-product","3":"status-publish","4":"has-post-thumbnail","6":"product_cat-protections-vtt","7":"product_tag-gilet-protettivo-mtb-fr","8":"product_tag-meilleur-protections-pectoral-vtt-enduro","9":"product_tag-pettorina-mtb-fr","10":"product_tag-protecteurs-dh","11":"product_tag-protection-pectoral-nbp","12":"product_tag-protezione-pettorale-mtb-fr","14":"first","15":"instock","16":"shipping-taxable","17":"purchasable","18":"product-type-variable"},"tiered_pricing_type":"fixed","tiered_pricing_fixed_rules":[],"tiered_pricing_product_settings":{"layout":"default","base_unit_name":{"singular":null,"plural":null},"default_variation":null},"tiered_pricing_minimum_quantity":null,"tiered_pricing_roles_data":[],"tiered_pricing_percentage_rules":[],"_links":{"self":[{"href":"https:\/\/www.newbikeproducts.com\/fr\/wp-json\/wp\/v2\/product\/1479","targetHints":{"allow":["GET"]}}],"collection":[{"href":"https:\/\/www.newbikeproducts.com\/fr\/wp-json\/wp\/v2\/product"}],"about":[{"href":"https:\/\/www.newbikeproducts.com\/fr\/wp-json\/wp\/v2\/types\/product"}],"replies":[{"embeddable":true,"href":"https:\/\/www.newbikeproducts.com\/fr\/wp-json\/wp\/v2\/comments?post=1479"}],"wp:featuredmedia":[{"embeddable":true,"href":"https:\/\/www.newbikeproducts.com\/fr\/wp-json\/wp\/v2\/media\/1448"}],"wp:attachment":[{"href":"https:\/\/www.newbikeproducts.com\/fr\/wp-json\/wp\/v2\/media?parent=1479"}],"wp:term":[{"taxonomy":"product_brand","embeddable":true,"href":"https:\/\/www.newbikeproducts.com\/fr\/wp-json\/wp\/v2\/product_brand?post=1479"},{"taxonomy":"product_cat","embeddable":true,"href":"https:\/\/www.newbikeproducts.com\/fr\/wp-json\/wp\/v2\/product_cat?post=1479"},{"taxonomy":"product_tag","embeddable":true,"href":"https:\/\/www.newbikeproducts.com\/fr\/wp-json\/wp\/v2\/product_tag?post=1479"}],"curies":[{"name":"wp","href":"https:\/\/api.w.org\/{rel}","templated":true}]}}