{"id":1572,"date":"2023-03-07T16:31:26","date_gmt":"2023-09-27T16:58:48","guid":{"rendered":"https:\/\/www.newbikeproducts.com\/prodotto\/protege-poitrine-amovible-pour-vtt\/"},"modified":"2023-09-27T21:11:44","modified_gmt":"2023-09-27T19:11:44","slug":"coque-protection-pectoral-protege-poitrine-vtt","status":"publish","type":"product","link":"https:\/\/www.newbikeproducts.com\/fr\/prodotto\/coque-protection-pectoral-protege-poitrine-vtt\/","title":{"rendered":"Prot\u00e8ge-poitrine amovible pour VTT"},"content":{"rendered":"<h1>Plaque amovible SAS-TEC niveau 1 pour prot\u00e8ge la poitrine, int\u00e9gr\u00e9e dans la sac \u00e0 dos VTT NBP.<\/h1>\n<p>Il s\u2019agit de l\u2019insert homologu\u00e9 de niveau 1 \u00e0 ins\u00e9rer dans la poche du <strong><a href=\"https:\/\/www.newbikeproducts.com\/fr\/prodotto\/protections-poitrine-vtt-enduro-dh-freeride-ebike\/\">protecteur pectoral VTT<\/a><\/strong> int\u00e9gr\u00e9 dans le sac \u00e0 dos de protection NBP, alliant esth\u00e9tique et fonctionnalit\u00e9.<\/p>\n<p>Ceux qui utilisent d\u00e9j\u00e0 le sac \u00e0 dos de protection NBP connaissent le niveau de confort et rien ne change avec l&rsquo;ajout de la COQUE PECTORAL, qui est fabriqu\u00e9e en r\u00e9sine visco\u00e9lastique et avec une structure qui permet \u00e0 l&rsquo;air de circuler.<\/p>\n<p>La <strong>coque de protections<\/strong> en r\u00e9sine VISCOELASTIC s&rsquo;assouplit avec la temp\u00e9rature du corps et se durcit avec l&rsquo;impact, garantissant un confort maximal.<\/p>\n<figure id=\"attachment_938\" aria-describedby=\"caption-attachment-938\" style=\"width: 300px\" class=\"wp-caption aligncenter\"><img loading=\"lazy\" decoding=\"async\" class=\"size-medium wp-image-938\" src=\"https:\/\/www.newbikeproducts.com\/wp-content\/uploads\/\/plastron-de-poitrine-300x300.jpg\" alt=\"prot\u00e8ge poitrine VTT amovible\" width=\"300\" height=\"200\"><figcaption id=\"caption-attachment-938\" class=\"wp-caption-text\">Prot\u00e8ge poitrine VTT NBP &#8211; NIVEAU 1 &#8211; visco\u00e9lastique et amovible<\/figcaption><\/figure>\n<p>Le poids est tr\u00e8s faible, 170 g seulement, et il est plus fin que d&rsquo;autres protecteurs de la m\u00eame cat\u00e9gorie ; ins\u00e9r\u00e9 dans la structure de contention, il ne p\u00e8se que 230 g.<\/p>\n<p>Nous avons \u00e9galement d\u00e9cid\u00e9 de vendre l&rsquo;insert s\u00e9par\u00e9ment de la protections pectorales NBP pour ceux qui veulent en faire une \u00e0 leur go\u00fbt et comme pi\u00e8ce de rechange au cas o\u00f9 vous l&rsquo;endommageriez.<\/p>\n<h4>POINTS FORTS<\/h4>\n<p>L\u00c9G\u00c8RE, seulement 170 g<\/p>\n<p>AER\u00c9E<\/p>\n<p>ANATOMIQUE gr\u00e2ce \u00e0 la mousse visco\u00e9lastique qui s&rsquo;assouplit avec la chaleur du corps<\/p>\n<p>R\u00c9UTILISABLE m\u00eame apr\u00e8s un choc<\/p>\n<p>HOMOLOGU\u00c9 selon la norme europ\u00e9enne EN 1621-1<\/p>\n<h4>INFORMATIONS TECHNIQUES<\/h4>\n<p>NIVEAU DE PROTECTION : 1<\/p>\n<p>POIDS : 170 g<\/p>\n<p>DIMENSIONS<\/p>\n<p>TAILLE : taille unique<\/p>\n<p>COMPOSITION : R\u00e9sine thermoplastique<\/p>\n<p>ORIGINE : BULGARIE, la r\u00e9sine est ALLEMANDE<\/p>\n<p>&nbsp;<\/p>\n","protected":false},"excerpt":{"rendered":"<p>Plaque amovible SAS-TEC niveau 1 pour prot\u00e8ge la poitrine, int\u00e9gr\u00e9e dans la sac \u00e0 dos VTT NBP. Il s\u2019agit de l\u2019insert homologu\u00e9 de niveau 1 \u00e0 ins\u00e9rer dans la poche du protecteur pectoral VTT int\u00e9gr\u00e9 dans le sac \u00e0 dos de protection NBP, alliant esth\u00e9tique et fonctionnalit\u00e9. Ceux qui utilisent d\u00e9j\u00e0 le sac \u00e0 dos [&hellip;]<\/p>\n","protected":false},"featured_media":1542,"comment_status":"open","ping_status":"closed","template":"","meta":[],"product_brand":[],"product_cat":[364],"product_tag":[370,367,348,368,366,369,349],"class_list":{"0":"post-1572","1":"product","2":"type-product","3":"status-publish","4":"has-post-thumbnail","6":"product_cat-protections-vtt","7":"product_tag-coque-de-protections-pectoral-nbp","8":"product_tag-meilleur-protections-pectoral-vtt-enduro","9":"product_tag-pettorina-mtb-fr","10":"product_tag-plastron-dh","11":"product_tag-protection-pectoral-nbp","12":"product_tag-protectione-pectoral-enduro","13":"product_tag-protezione-pettorale-mtb-fr","15":"first","16":"instock","17":"shipping-taxable","18":"purchasable","19":"product-type-simple"},"tiered_pricing_type":"fixed","tiered_pricing_fixed_rules":[],"tiered_pricing_product_settings":{"layout":"default","base_unit_name":{"singular":null,"plural":null},"default_variation":null},"tiered_pricing_minimum_quantity":null,"tiered_pricing_roles_data":[],"tiered_pricing_percentage_rules":[],"_links":{"self":[{"href":"https:\/\/www.newbikeproducts.com\/fr\/wp-json\/wp\/v2\/product\/1572","targetHints":{"allow":["GET"]}}],"collection":[{"href":"https:\/\/www.newbikeproducts.com\/fr\/wp-json\/wp\/v2\/product"}],"about":[{"href":"https:\/\/www.newbikeproducts.com\/fr\/wp-json\/wp\/v2\/types\/product"}],"replies":[{"embeddable":true,"href":"https:\/\/www.newbikeproducts.com\/fr\/wp-json\/wp\/v2\/comments?post=1572"}],"wp:featuredmedia":[{"embeddable":true,"href":"https:\/\/www.newbikeproducts.com\/fr\/wp-json\/wp\/v2\/media\/1542"}],"wp:attachment":[{"href":"https:\/\/www.newbikeproducts.com\/fr\/wp-json\/wp\/v2\/media?parent=1572"}],"wp:term":[{"taxonomy":"product_brand","embeddable":true,"href":"https:\/\/www.newbikeproducts.com\/fr\/wp-json\/wp\/v2\/product_brand?post=1572"},{"taxonomy":"product_cat","embeddable":true,"href":"https:\/\/www.newbikeproducts.com\/fr\/wp-json\/wp\/v2\/product_cat?post=1572"},{"taxonomy":"product_tag","embeddable":true,"href":"https:\/\/www.newbikeproducts.com\/fr\/wp-json\/wp\/v2\/product_tag?post=1572"}],"curies":[{"name":"wp","href":"https:\/\/api.w.org\/{rel}","templated":true}]}}