{"id":1575,"date":"2023-09-13T08:30:36","date_gmt":"2023-09-13T06:30:36","guid":{"rendered":"https:\/\/www.newbikeproducts.com\/prodotto\/gomitiere-pedalabili-enduro-freeride-dh\/"},"modified":"2025-11-13T18:52:37","modified_gmt":"2025-11-13T17:52:37","slug":"coudieres-legeres-enduro-freeride-dh","status":"publish","type":"product","link":"https:\/\/www.newbikeproducts.com\/fr\/prodotto\/coudieres-legeres-enduro-freeride-dh\/","title":{"rendered":"Coudi\u00e8res l\u00e9gers et tr\u00e8s ventil\u00e9e pour VTT ENDURO, FREERIDE, DH"},"content":{"rendered":"<p>Coudi\u00e8res l\u00e9gers et tr\u00e8s ventil\u00e9e pour VTT recommand\u00e9s pour ENDURO, FREERIDE, DH<\/p>\n<p>Chers clients,<\/p>\n<p>Quels sont les points forts de ces <strong>coudi\u00e9res VTT<\/strong> pour l<strong>&lsquo;ENDURO, le DH et le FREERIDE<\/strong> ?<\/p>\n<p>Tout d&rsquo;abord, elles sont tr\u00e8s FACILES \u00c0 PORTER gr\u00e2ce \u00e0 leur construction SANS bandes Velcro ni silicone, et \u00e0 l&rsquo;insert protecteur tridimensionnel qui s&rsquo;assouplit avec la chaleur du corps et et s&rsquo;adaptent parfaitement au genou.<\/p>\n<p>Les <strong>coudi\u00e9res VTT<\/strong> <strong>NBP <\/strong>sont TELLEMENT CONFORTABLES que vous quitterez la maison en les portant et vous n&rsquo;aurez plus besoin de les transporter dans un sac \u00e0 dos ou sac banane.<\/p>\n<figure id=\"attachment_2254\" aria-describedby=\"caption-attachment-2254\" style=\"width: 300px\" class=\"wp-caption aligncenter\"><img loading=\"lazy\" decoding=\"async\" class=\"size-medium wp-image-2254\" src=\"https:\/\/www.newbikeproducts.com\/wp-content\/uploads\/coudiere-vtt-blue-nbp-300x300.jpg\" alt=\"coudi\u00e8re VTT ENDURO bleu HOMOLOGU\u00c9E Niveau 2\" width=\"300\" height=\"300\" srcset=\"https:\/\/www.newbikeproducts.com\/wp-content\/uploads\/coudiere-vtt-blue-nbp-300x300.jpg 300w, https:\/\/www.newbikeproducts.com\/wp-content\/uploads\/coudiere-vtt-blue-nbp-150x150.jpg 150w, https:\/\/www.newbikeproducts.com\/wp-content\/uploads\/coudiere-vtt-blue-nbp-768x768.jpg 768w, https:\/\/www.newbikeproducts.com\/wp-content\/uploads\/coudiere-vtt-blue-nbp-600x600.jpg 600w, https:\/\/www.newbikeproducts.com\/wp-content\/uploads\/coudiere-vtt-blue-nbp-100x100.jpg 100w, https:\/\/www.newbikeproducts.com\/wp-content\/uploads\/coudiere-vtt-blue-nbp-50x50.jpg 50w, https:\/\/www.newbikeproducts.com\/wp-content\/uploads\/coudiere-vtt-blue-nbp.jpg 1024w\" sizes=\"auto, (max-width: 300px) 100vw, 300px\" \/><figcaption id=\"caption-attachment-2254\" class=\"wp-caption-text\">coudi\u00e8re VTT bleu HOMOLOGU\u00c9E Niveau 2<\/figcaption><\/figure>\n<p>Ce confort se traduit \u00e9galement en S\u00c9CURIT\u00c9, car vous les porterez pendant TOUTE la sortie, et des accidents peuvent se produire m\u00eame sur des tron\u00e7ons insignifiants.<\/p>\n<p>Je pense qu&rsquo;il vous est \u00e9galement arriv\u00e9, par paresse, de ne pas mettre vos coudi\u00e8res sur des tron\u00e7ons de parcours qui le m\u00e9ritaient, simplement parce qu&rsquo;elles se trouvaient au fond de votre sac \u00e0 dos.<\/p>\n<p>Vous n&rsquo;avez plus l&rsquo;excuse que la chaleur vous fait trop transpirer&#8230;.les coudi\u00e8res NBP vous les porterez dans TOUS LES CLIMATS et TOUTES LES SAISONS car elles sont fabriqu\u00e9es en POLYAMIDE mesh qui permet \u00e0 l&rsquo;air et \u00e0 la sueur de passer \u00e0 travers ; m\u00eame l&rsquo;insert protecteur HOMOLOGU\u00c9 a des trous de ventilation et une structure tridimensionnelle qui permet \u00e0 l&rsquo;air et \u00e0 l&rsquo;eau de circuler.<\/p>\n<p>La maille en POLYAMIDE est r\u00e9sistante et fine comme une seconde peau et est \u00e9galement ELASTIQUE pour mieux s&rsquo;adapter \u00e0 la forme du coude\/avant-bras tout en gardant l&rsquo;ensemble de la coudi\u00e8re en l\u00e9g\u00e8re compression.<\/p>\n<p>Pour la rendre encore plus confortable, nous avons \u00e9galement travaill\u00e9 sur de petits d\u00e9tails comme le type de coutures en contact avec la peau, en choisissant de les r\u00e9aliser en ROVESCIO pour qu&rsquo;il n&rsquo;y ait pas d&rsquo;\u00e9paisseur, un peu comme sur certains cale\u00e7ons de cyclisme.<\/p>\n<p>Une coudi\u00e8re qui glisse au bout de quelques minutes n&rsquo;est pas tol\u00e9rable, c&rsquo;est pourquoi nous avons travaill\u00e9 dur pour \u00e9viter ce probl\u00e8me, que nous avons r\u00e9solu gr\u00e2ce \u00e0 l&rsquo;utilisation d&rsquo;un tissu antid\u00e9rapant et \u00e0 un excellent maintien.<\/p>\n<p>Nous avons \u00e9vit\u00e9 d&rsquo;utiliser les bandes \u00e9lastiques avec VELCRO, peu pratiques, car il est difficile d&rsquo;avoir le m\u00eame r\u00e9glage de serrage \u00e0 chaque sortie, avec le risque de les serrer trop ou pas assez ; en outre, il faut faire attention \u00e0 ne pas inverser le coude droit avec le coude gauche.<\/p>\n<p>Un autre probl\u00e8me du Velcro est qu&rsquo;avec la salet\u00e9 et le temps il perd de son efficacit\u00e9, avec le risque qu&rsquo;il se d\u00e9tache et pende lors d&rsquo;une descente.<\/p>\n<p>La <strong>coudi\u00e8re VTT<\/strong> NBP est \u00e9quip\u00e9e d&rsquo;une poche pratique qui permet d&rsquo;ins\u00e9rer l&rsquo;insert de protection <strong>NIVEAU 2<\/strong> <strong>HOMOLOGU\u00c9<\/strong> que vous pouvez retirer lorsque vous d\u00e9cidez de laver la coudi\u00e8re, garantissant ainsi une plus longue dur\u00e9e de vie ; de nombreuses coudi\u00e8res de la concurrence ont ces inserts qui ne peuvent pas \u00eatre retir\u00e9s et donc vous ne pouvez m\u00eame pas v\u00e9rifier, par exemple, si la coque est fissur\u00e9 ou pr\u00e9sente des signes \u00e9vidents de vieillissement tels que des craquelures<\/p>\n<p>Avec NBP, vous pouvez acheter chaque composant endommag\u00e9, seulement l&rsquo;insert, seulement le bo\u00eetier ou seulement une bande thermocollante !<\/p>\n<p>LE CONFORT et un haut NIVEAU 2 de protection ont \u00e9t\u00e9 les \u00c9L\u00c9MENTS DE D\u00c9PART DU DESIGN pour arriver \u00e0 cet excellent r\u00e9sultat ; maintenant c&rsquo;est \u00e0 vous de nous donner confiance et de nous soutenir avec votre achat!<\/p>\n<p>REMARQUE : toute personne achetant les NBP COUDI\u00c8RES fera un don pour r\u00e9duire le prix des genouill\u00e8res pour enfants afin de r\u00e9pondre aux besoins des familles et d&rsquo;habituer les jeunes enfants \u00e0 l&rsquo;utilisation de protections de QUALIT\u00c9.<\/p>\n<p>COMMENT CHOISIR VOTRE TAILLE :<\/p>\n<p>regardez le tableau des tailles et prenez un m\u00e8tre de couturi\u00e8re ou un m\u00e8tre ruban et mesurez la CIRCONFERENCE MAXIMALE de votre avant-bras \u00e0 l&rsquo;endroit indiqu\u00e9 et d\u00e9terminez la taille de votre coudi\u00e8re ; si vous \u00eates entre deux tailles et que vous avez une forte corpulence, prenez la taille sup\u00e9rieure, si vous \u00eates mince, prenez la taille inf\u00e9rieure.<\/p>\n<p>Notre tableau des tailles est vraiment bien fait et si vous prenez vos mesures correctement, vous n&rsquo;aurez AUCUN probl\u00e8me d&rsquo;ajustement !<\/p>\n<figure id=\"attachment_2209\" aria-describedby=\"caption-attachment-2209\" style=\"width: 300px\" class=\"wp-caption aligncenter\"><img loading=\"lazy\" decoding=\"async\" class=\"size-medium wp-image-2209\" src=\"https:\/\/www.newbikeproducts.com\/wp-content\/uploads\/tailles-coudieres-VTT-NBP-300x300.jpg\" alt=\"TAILLES COUDI\u00c8RES VTT NBP ENDURO\" width=\"300\" height=\"300\" srcset=\"https:\/\/www.newbikeproducts.com\/wp-content\/uploads\/tailles-coudieres-VTT-NBP-300x300.jpg 300w, https:\/\/www.newbikeproducts.com\/wp-content\/uploads\/tailles-coudieres-VTT-NBP-150x150.jpg 150w, https:\/\/www.newbikeproducts.com\/wp-content\/uploads\/tailles-coudieres-VTT-NBP-768x768.jpg 768w, https:\/\/www.newbikeproducts.com\/wp-content\/uploads\/tailles-coudieres-VTT-NBP-600x600.jpg 600w, https:\/\/www.newbikeproducts.com\/wp-content\/uploads\/tailles-coudieres-VTT-NBP-100x100.jpg 100w, https:\/\/www.newbikeproducts.com\/wp-content\/uploads\/tailles-coudieres-VTT-NBP-50x50.jpg 50w, https:\/\/www.newbikeproducts.com\/wp-content\/uploads\/tailles-coudieres-VTT-NBP.jpg 1024w\" sizes=\"auto, (max-width: 300px) 100vw, 300px\" \/><figcaption id=\"caption-attachment-2209\" class=\"wp-caption-text\">TAILLES COUDI\u00c8RES VTT NBP ENDURO<\/figcaption><\/figure>\n<p>Le prix indiqu\u00e9 est celui d&rsquo;une paire de coudi\u00e8res.<\/p>\n<h4>POINTS FORTS<\/h4>\n<p dir=\"auto\">PROTECTION NIVEAU 2, meilleure absorption des chocs<\/p>\n<p dir=\"auto\">Genouill\u00e8re PEDALABLE, donc tr\u00e8s confortable et pratique, elle sera toujours port\u00e9e !<\/p>\n<p dir=\"auto\">STABLE, adh\u00e9rence maximale gr\u00e2ce aux tissus antid\u00e9rapants<\/p>\n<p dir=\"auto\">RESPIRANTE, gr\u00e2ce \u00e0 l&rsquo;utilisation d&rsquo;une maille \u00e9lastique en polyamide dense et \u00e0 l&rsquo;insert de protection ventil\u00e9<\/p>\n<p dir=\"auto\">ELASTIQUE, pour un confort accru et une meilleure r\u00e9sistance aux vibrations<\/p>\n<p dir=\"auto\">L\u00c9G\u00c8RE gr\u00e2ce au choix judicieux des mat\u00e9riaux et \u00e0 l&rsquo;insert a\u00e9r\u00e9 tridimensionnel<\/p>\n<p dir=\"auto\">ETHIC enti\u00e8rement fabriqu\u00e9 en ITALIE<\/p>\n<p dir=\"auto\">BIEN VISIBLE, lettrage r\u00e9fl\u00e9chissant pour votre s\u00e9curit\u00e9 la nuit.<\/p>\n<h4>INFORMATIONS TECHNIQUES<\/h4>\n<p>POIDS : 245 g par paire<\/p>\n<p>NIVEAU DE PROTECTION 2<\/p>\n<p>COMPOSITION DE LA COQUE DE PROTECTION : r\u00e9sine thermoplastique<\/p>\n<p>TISSU EXT\u00c9RIEUR : polyamide et royca<\/p>\n<p>TISSU POCHE INT\u00c9RIEURE : 54% EA , 46% PES<\/p>\n<p>ORIGINE: ITALIE<\/p>\n<p>&nbsp;<\/p>\n","protected":false},"excerpt":{"rendered":"<p>Coudi\u00e8res l\u00e9gers et tr\u00e8s ventil\u00e9e pour VTT recommand\u00e9s pour ENDURO, FREERIDE, DH Chers clients, Quels sont les points forts de ces coudi\u00e9res VTT pour l&lsquo;ENDURO, le DH et le FREERIDE ? Tout d&rsquo;abord, elles sont tr\u00e8s FACILES \u00c0 PORTER gr\u00e2ce \u00e0 leur construction SANS bandes Velcro ni silicone, et \u00e0 l&rsquo;insert protecteur tridimensionnel qui s&rsquo;assouplit [&hellip;]<\/p>\n","protected":false},"featured_media":2254,"comment_status":"open","ping_status":"closed","template":"","meta":[],"product_brand":[],"product_cat":[364],"product_tag":[],"class_list":{"0":"post-1575","1":"product","2":"type-product","3":"status-publish","4":"has-post-thumbnail","6":"product_cat-protections-vtt","8":"first","9":"instock","10":"sale","11":"shipping-taxable","12":"purchasable","13":"product-type-variable"},"tiered_pricing_type":"fixed","tiered_pricing_fixed_rules":[],"tiered_pricing_product_settings":{"layout":"default","base_unit_name":{"singular":null,"plural":null},"default_variation":null},"tiered_pricing_minimum_quantity":null,"tiered_pricing_roles_data":[],"tiered_pricing_percentage_rules":[],"_links":{"self":[{"href":"https:\/\/www.newbikeproducts.com\/fr\/wp-json\/wp\/v2\/product\/1575","targetHints":{"allow":["GET"]}}],"collection":[{"href":"https:\/\/www.newbikeproducts.com\/fr\/wp-json\/wp\/v2\/product"}],"about":[{"href":"https:\/\/www.newbikeproducts.com\/fr\/wp-json\/wp\/v2\/types\/product"}],"replies":[{"embeddable":true,"href":"https:\/\/www.newbikeproducts.com\/fr\/wp-json\/wp\/v2\/comments?post=1575"}],"wp:featuredmedia":[{"embeddable":true,"href":"https:\/\/www.newbikeproducts.com\/fr\/wp-json\/wp\/v2\/media\/2254"}],"wp:attachment":[{"href":"https:\/\/www.newbikeproducts.com\/fr\/wp-json\/wp\/v2\/media?parent=1575"}],"wp:term":[{"taxonomy":"product_brand","embeddable":true,"href":"https:\/\/www.newbikeproducts.com\/fr\/wp-json\/wp\/v2\/product_brand?post=1575"},{"taxonomy":"product_cat","embeddable":true,"href":"https:\/\/www.newbikeproducts.com\/fr\/wp-json\/wp\/v2\/product_cat?post=1575"},{"taxonomy":"product_tag","embeddable":true,"href":"https:\/\/www.newbikeproducts.com\/fr\/wp-json\/wp\/v2\/product_tag?post=1575"}],"curies":[{"name":"wp","href":"https:\/\/api.w.org\/{rel}","templated":true}]}}