{"id":1593,"date":"2023-09-11T11:35:45","date_gmt":"2023-09-11T09:35:45","guid":{"rendered":"https:\/\/www.newbikeproducts.com\/prodotto\/ginocchiere-pedalabili-enduro-freeride-dh\/"},"modified":"2026-05-06T13:38:19","modified_gmt":"2026-05-06T11:38:19","slug":"genouilleres-vtt-enduro-freeride-dh","status":"publish","type":"product","link":"https:\/\/www.newbikeproducts.com\/fr\/prodotto\/genouilleres-vtt-enduro-freeride-dh\/","title":{"rendered":"GENOUILL\u00c8RES VTT l\u00e9geres et tr\u00e8s ventil\u00e9es recommand\u00e9e pour TRAIL , ENDURO et FREERIDE"},"content":{"rendered":"<h2>GENOUILL\u00c8RES l\u00e9geres et tr\u00e8s ventil\u00e9es pour VTT recommand\u00e9e pour ENDURO, FREERIDE, DH, BMX<\/h2>\n<p>Quels sont les points forts de ces <strong>genouill\u00e8res VTT<\/strong> pour l\u2018<strong>ENDURO, TRAIL et FREERIDE ?<\/strong><\/p>\n<p>Tout d\u2019abord, elles sont tr\u00e8s FACILES \u00c0 PORTER gr\u00e2ce \u00e0 leur construction SANS bandes Velcro , et \u00e0 l\u2019insert protecteur tridimensionnel qui s\u2019assouplit avec la chaleur du corps et et s\u2019adaptent parfaitement au genou.<\/p>\n<p>Les <strong>genouill\u00e8res VTT<\/strong> sont TELLEMENT CONFORTABLES que vous quitterez la maison en les portant et vous n&rsquo;aurez plus besoin de les transporter dans un sac \u00e0 dos ou sac banane, ni de les baisser au niveau du mollet.<\/p>\n<figure id=\"attachment_2214\" aria-describedby=\"caption-attachment-2214\" style=\"width: 300px\" class=\"wp-caption aligncenter\"><img loading=\"lazy\" decoding=\"async\" class=\"size-medium wp-image-2214\" src=\"https:\/\/www.newbikeproducts.com\/wp-content\/uploads\/genouilleres-VTT-ENDURO-NBP-300x300.jpg\" alt=\"genouill\u00e8res homologu\u00e9es VTT ENDURO EBIKE\" width=\"300\" height=\"300\" srcset=\"https:\/\/www.newbikeproducts.com\/wp-content\/uploads\/genouilleres-VTT-ENDURO-NBP-300x300.jpg 300w, https:\/\/www.newbikeproducts.com\/wp-content\/uploads\/genouilleres-VTT-ENDURO-NBP-1024x1024.jpg 1024w, https:\/\/www.newbikeproducts.com\/wp-content\/uploads\/genouilleres-VTT-ENDURO-NBP-150x150.jpg 150w, https:\/\/www.newbikeproducts.com\/wp-content\/uploads\/genouilleres-VTT-ENDURO-NBP-768x768.jpg 768w, https:\/\/www.newbikeproducts.com\/wp-content\/uploads\/genouilleres-VTT-ENDURO-NBP-1536x1536.jpg 1536w, https:\/\/www.newbikeproducts.com\/wp-content\/uploads\/genouilleres-VTT-ENDURO-NBP-2048x2048.jpg 2048w, https:\/\/www.newbikeproducts.com\/wp-content\/uploads\/genouilleres-VTT-ENDURO-NBP-600x600.jpg 600w, https:\/\/www.newbikeproducts.com\/wp-content\/uploads\/genouilleres-VTT-ENDURO-NBP-100x100.jpg 100w, https:\/\/www.newbikeproducts.com\/wp-content\/uploads\/genouilleres-VTT-ENDURO-NBP-50x50.jpg 50w\" sizes=\"auto, (max-width: 300px) 100vw, 300px\" \/><figcaption id=\"caption-attachment-2214\" class=\"wp-caption-text\">genouill\u00e8res homologu\u00e9es pour VTT, ENDURO, EBIKE &#8211; D\u00c9TAILS DE CONSTRUCTION<\/figcaption><\/figure>\n<p>Ce confort se traduit \u00e9galement en S\u00c9CURIT\u00c9, car vous les porterez pendant TOUTE la sortie, et des accidents peuvent se produire m\u00eame sur des tron\u00e7ons insignifiants.<\/p>\n<p>Je pense qu\u2019il vous est \u00e9galement arriv\u00e9, par paresse, de ne pas mettre vos coudi\u00e8res sur des tron\u00e7ons de parcours qui le m\u00e9ritaient, simplement parce qu\u2019elles se trouvaient au fond de votre sac \u00e0 dos. ou sur le mollet et il \u00e9tait p\u00e9nible de les remonter et de les ajuster.<\/p>\n<p>Vous n\u2019avez plus l\u2019excuse que la chaleur vous fait trop transpirer\u2026.les coudi\u00e8res NBP vous les porterez dans TOUS LES CLIMATS et TOUTES LES SAISONS car elles sont fabriqu\u00e9es en POLYAMIDE mesh qui permet \u00e0 l\u2019air et \u00e0 la sueur de passer \u00e0 travers ; m\u00eame l\u2019insert protecteur HOMOLOGU\u00c9 a des trous de ventilation et une structure tridimensionnelle qui permet \u00e0 l\u2019air et \u00e0 l\u2019eau de circuler.<\/p>\n<p>La maille en POLYAMIDE est r\u00e9sistante et fine comme une seconde peau et est \u00e9galement ELASTIQUE pour mieux s\u2019adapter \u00e0 la forme du genou tout en gardant l\u2019ensemble de la genouill\u00e8re en l\u00e9g\u00e8re compression.<\/p>\n<p>Pour la rendre encore plus confortable, nous avons \u00e9galement travaill\u00e9 sur de petits d\u00e9tails comme le type de coutures en contact avec la peau, en choisissant de les r\u00e9aliser en ROVESCIO pour qu\u2019il n\u2019y ait pas d\u2019\u00e9paisseur, un peu comme sur certains cale\u00e7ons de cyclisme.<\/p>\n<p>Une genouill\u00e8re qui glisse au bout de quelques minutes est insupportable ; c&rsquo;est pourquoi nous avons travaill\u00e9 dur pour \u00e9viter ce probl\u00e8me, que nous avons r\u00e9solu en appliquant des \u00e9l\u00e9ments antid\u00e9rapants en silicone et en PU \u00e0 des endroits strat\u00e9giques.<\/p>\n<p>Nous avons \u00e9vit\u00e9 d\u2019utiliser les bandes \u00e9lastiques avec VELCRO, peu pratiques, car il est difficile d\u2019avoir le m\u00eame r\u00e9glage de serrage \u00e0 chaque sortie, avec le risque de les serrer trop ou pas assez ; en outre, il faut faire attention \u00e0 ne pas inverser la genouill\u00e8re droit avec la genouill\u00e8re gauche.<\/p>\n<p>Un autre probl\u00e8me du Velcro est qu\u2019avec la salet\u00e9 et le temps il perd de son efficacit\u00e9, avec le risque qu\u2019il se d\u00e9tache et pende lors d\u2019une descente.<\/p>\n<p>Nous n&rsquo;avons m\u00eame pas pr\u00e9vu de fermetures \u00e9clair, que nous consid\u00e9rons comme une mauvaise solution en termes de confort et de durabilit\u00e9 du produit.<\/p>\n<p>La <strong>genouill\u00e8re VTT NBP<\/strong> est \u00e9quip\u00e9 d&rsquo;une poche pratique pour ins\u00e9rer l&rsquo;insert de protection <strong>HOMOLOGU\u00c9<\/strong> <strong>NIVEAU 2<\/strong>. que vous pouvez retirer lorsque vous d\u00e9cidez de laver la coudi\u00e8re, garantissant ainsi une plus longue dur\u00e9e de vie ; de nombreuses coudi\u00e8res de la concurrence ont ces inserts qui ne peuvent pas \u00eatre retir\u00e9s et donc vous ne pouvez m\u00eame pas v\u00e9rifier, par exemple, si la coque est fissur\u00e9 ou pr\u00e9sente des signes \u00e9vidents de vieillissement tels que des craquelures<\/p>\n<p>Avec NBP, vous pouvez acheter chaque composant endommag\u00e9, seulement l\u2019insert, seulement le bo\u00eetier ou seulement une bande thermocollante !<\/p>\n<p>Vous disposez \u00e9galement de PROTECTIONS LAT\u00c9RALES amovibles en r\u00e9sine visco\u00e9lastique qui vous prot\u00e9geront contre les chocs sur le cadre et les chutes lat\u00e9rales.<\/p>\n<p>COMMENT CHOISIR LA COQUE DE PROTECTION :<\/p>\n<p>NBP vous offre la possibilit\u00e9 de choisir entre deux types d&rsquo;inserts de protection, tous deux de niveau de protection 2, soit le plus \u00e9lev\u00e9 disponible.<\/p>\n<p>Les deux sont fabriqu\u00e9s par la soci\u00e9t\u00e9 allemande SAS-TEC.<\/p>\n<p>Si vous recherchez une protection plus A\u00c9R\u00c9E mais l\u00e9g\u00e8rement moins protectrice, optez pour l&rsquo;\u00c9LASTOM\u00c8RE THERMOPLASTIQUE (TPE) ; si vous recherchez PLUS DE PROTECTION et de L\u00c9G\u00c8RET\u00c9, optez pour la R\u00c9SINE VISCO\u00c9LASTIQUE \u00e0 base de PU. (2 kN de diff\u00e9rence en termes de force r\u00e9siduelle)<\/p>\n<p>En termes de confort, il n&rsquo;y a pas de diff\u00e9rence notable entre les deux inserts des <strong>genouill\u00e8res VTT<\/strong>.<\/p>\n<figure id=\"attachment_2838\" aria-describedby=\"caption-attachment-2838\" style=\"width: 300px\" class=\"wp-caption aligncenter\"><img loading=\"lazy\" decoding=\"async\" class=\"size-medium wp-image-2838\" src=\"https:\/\/www.newbikeproducts.com\/wp-content\/uploads\/\/ginocchiere-MTB-ENDURO-blu-inserto-blu-300x300.jpg\" alt=\"ginocchiere MTB ENDURO\" width=\"300\" height=\"300\" srcset=\"https:\/\/www.newbikeproducts.com\/wp-content\/uploads\/ginocchiere-MTB-ENDURO-blu-inserto-blu-300x300.jpg 300w, https:\/\/www.newbikeproducts.com\/wp-content\/uploads\/ginocchiere-MTB-ENDURO-blu-inserto-blu-1024x1024.jpg 1024w, https:\/\/www.newbikeproducts.com\/wp-content\/uploads\/ginocchiere-MTB-ENDURO-blu-inserto-blu-150x150.jpg 150w, https:\/\/www.newbikeproducts.com\/wp-content\/uploads\/ginocchiere-MTB-ENDURO-blu-inserto-blu-768x768.jpg 768w, https:\/\/www.newbikeproducts.com\/wp-content\/uploads\/ginocchiere-MTB-ENDURO-blu-inserto-blu-600x600.jpg 600w, https:\/\/www.newbikeproducts.com\/wp-content\/uploads\/ginocchiere-MTB-ENDURO-blu-inserto-blu-100x100.jpg 100w, https:\/\/www.newbikeproducts.com\/wp-content\/uploads\/ginocchiere-MTB-ENDURO-blu-inserto-blu-50x50.jpg 50w, https:\/\/www.newbikeproducts.com\/wp-content\/uploads\/ginocchiere-MTB-ENDURO-blu-inserto-blu.jpg 1080w\" sizes=\"auto, (max-width: 300px) 100vw, 300px\" \/><figcaption id=\"caption-attachment-2838\" class=\"wp-caption-text\">GENOULLIERES VTT avec coque en TPE<\/figcaption><\/figure>\n<figure id=\"attachment_2857\" aria-describedby=\"caption-attachment-2857\" style=\"width: 300px\" class=\"wp-caption aligncenter\"><img loading=\"lazy\" decoding=\"async\" class=\"size-medium wp-image-2857\" src=\"https:\/\/www.newbikeproducts.com\/wp-content\/uploads\/\/Coque-genoullieres-coudieres-SAS-TEC-300x300.jpg\" alt=\"PROTEZIONI GINOCCHIO GOMITO-SASTEC-TPE-PU-d3o\" width=\"300\" height=\"300\" srcset=\"https:\/\/www.newbikeproducts.com\/wp-content\/uploads\/Coque-genoullieres-coudieres-SAS-TEC-300x300.jpg 300w, https:\/\/www.newbikeproducts.com\/wp-content\/uploads\/Coque-genoullieres-coudieres-SAS-TEC-1024x1024.jpg 1024w, https:\/\/www.newbikeproducts.com\/wp-content\/uploads\/Coque-genoullieres-coudieres-SAS-TEC-150x150.jpg 150w, https:\/\/www.newbikeproducts.com\/wp-content\/uploads\/Coque-genoullieres-coudieres-SAS-TEC-768x768.jpg 768w, https:\/\/www.newbikeproducts.com\/wp-content\/uploads\/Coque-genoullieres-coudieres-SAS-TEC-600x600.jpg 600w, https:\/\/www.newbikeproducts.com\/wp-content\/uploads\/Coque-genoullieres-coudieres-SAS-TEC-100x100.jpg 100w, https:\/\/www.newbikeproducts.com\/wp-content\/uploads\/Coque-genoullieres-coudieres-SAS-TEC-50x50.jpg 50w, https:\/\/www.newbikeproducts.com\/wp-content\/uploads\/Coque-genoullieres-coudieres-SAS-TEC.jpg 1080w\" sizes=\"auto, (max-width: 300px) 100vw, 300px\" \/><figcaption id=\"caption-attachment-2857\" class=\"wp-caption-text\">PROTECTIONS-VTT-GENOUX-COUDES-SASTEC TPE PU d3o<\/figcaption><\/figure>\n<p>&nbsp;<\/p>\n<figure id=\"attachment_2842\" aria-describedby=\"caption-attachment-2842\" style=\"width: 300px\" class=\"wp-caption aligncenter\"><img loading=\"lazy\" decoding=\"async\" class=\"size-medium wp-image-2842\" src=\"https:\/\/www.newbikeproducts.com\/wp-content\/uploads\/\/ginocchere-MTB-pedalabile-blue-NBP-300x300.jpg\" alt=\"ginocchere MTB pedalabile blu NBP\" width=\"300\" height=\"300\" srcset=\"https:\/\/www.newbikeproducts.com\/wp-content\/uploads\/ginocchere-MTB-pedalabile-blue-NBP-300x300.jpg 300w, https:\/\/www.newbikeproducts.com\/wp-content\/uploads\/ginocchere-MTB-pedalabile-blue-NBP-1024x1024.jpg 1024w, https:\/\/www.newbikeproducts.com\/wp-content\/uploads\/ginocchere-MTB-pedalabile-blue-NBP-150x150.jpg 150w, https:\/\/www.newbikeproducts.com\/wp-content\/uploads\/ginocchere-MTB-pedalabile-blue-NBP-768x768.jpg 768w, https:\/\/www.newbikeproducts.com\/wp-content\/uploads\/ginocchere-MTB-pedalabile-blue-NBP-600x600.jpg 600w, https:\/\/www.newbikeproducts.com\/wp-content\/uploads\/ginocchere-MTB-pedalabile-blue-NBP-100x100.jpg 100w, https:\/\/www.newbikeproducts.com\/wp-content\/uploads\/ginocchere-MTB-pedalabile-blue-NBP-50x50.jpg 50w, https:\/\/www.newbikeproducts.com\/wp-content\/uploads\/ginocchere-MTB-pedalabile-blue-NBP.jpg 1080w\" sizes=\"auto, (max-width: 300px) 100vw, 300px\" \/><figcaption id=\"caption-attachment-2842\" class=\"wp-caption-text\">ginocchere MTB &#8211; MADE IN ITALY con inserto in PU<\/figcaption><\/figure>\n<p>COMMENT CHOISIR VOTRE TAILLE :<\/p>\n<p>regardez le tableau des tailles et prenez un m\u00e8tre de couturi\u00e8re ou un m\u00e8tre ruban et mesurez la CIRCONFERENCE MAXIMALE de votre mollet \u00e0 l\u2019endroit indiqu\u00e9 et d\u00e9terminez la taille de votre genouill\u00e8re ; si vous \u00eates entre deux tailles et que vous avez une forte corpulence, prenez la taille sup\u00e9rieure, si vous \u00eates mince, prenez la taille inf\u00e9rieure.<\/p>\n<p>Notre tableau des tailles est vraiment bien fait et si vous prenez vos mesures correctement, vous n\u2019aurez AUCUN probl\u00e8me d\u2019ajustement !<\/p>\n<figure id=\"attachment_1657\" aria-describedby=\"caption-attachment-1657\" style=\"width: 300px\" class=\"wp-caption aligncenter\"><img loading=\"lazy\" decoding=\"async\" class=\"size-medium wp-image-1657\" src=\"https:\/\/www.newbikeproducts.com\/wp-content\/uploads\/genouilleres-vtt-tailles-nbp-2-300x300.jpg\" alt=\"tailles genouill\u00e8res VTT - NBP\" width=\"300\" height=\"300\" srcset=\"https:\/\/www.newbikeproducts.com\/wp-content\/uploads\/genouilleres-vtt-tailles-nbp-2-300x300.jpg 300w, https:\/\/www.newbikeproducts.com\/wp-content\/uploads\/genouilleres-vtt-tailles-nbp-2-1024x1024.jpg 1024w, https:\/\/www.newbikeproducts.com\/wp-content\/uploads\/genouilleres-vtt-tailles-nbp-2-150x150.jpg 150w, https:\/\/www.newbikeproducts.com\/wp-content\/uploads\/genouilleres-vtt-tailles-nbp-2-768x768.jpg 768w, https:\/\/www.newbikeproducts.com\/wp-content\/uploads\/genouilleres-vtt-tailles-nbp-2-1536x1536.jpg 1536w, https:\/\/www.newbikeproducts.com\/wp-content\/uploads\/genouilleres-vtt-tailles-nbp-2-2048x2048.jpg 2048w, https:\/\/www.newbikeproducts.com\/wp-content\/uploads\/genouilleres-vtt-tailles-nbp-2-600x600.jpg 600w, https:\/\/www.newbikeproducts.com\/wp-content\/uploads\/genouilleres-vtt-tailles-nbp-2-100x100.jpg 100w, https:\/\/www.newbikeproducts.com\/wp-content\/uploads\/genouilleres-vtt-tailles-nbp-2-50x50.jpg 50w\" sizes=\"auto, (max-width: 300px) 100vw, 300px\" \/><figcaption id=\"caption-attachment-1657\" class=\"wp-caption-text\">tailles genouill\u00e8res VTT &#8211; NBP<\/figcaption><\/figure>\n<p>Le prix indiqu\u00e9 est celui d&rsquo;une COUPLE de genouill\u00e8res.<\/p>\n<p>VIDEO avec les aspects les plus importants :<\/p>\n<p><iframe loading=\"lazy\" title=\"Genouill\u00e8res coudi\u00e8res VTT ENDURO DH FREERIDE ultral\u00e9g\u00e8res confortables niveau protection2\" width=\"980\" height=\"551\" src=\"https:\/\/www.youtube.com\/embed\/9euncIEZRfo?feature=oembed\" frameborder=\"0\" allow=\"accelerometer; autoplay; clipboard-write; encrypted-media; gyroscope; picture-in-picture; web-share\" referrerpolicy=\"strict-origin-when-cross-origin\" allowfullscreen><\/iframe><\/p>\n<h4>POINTS FORTS<\/h4>\n<p dir=\"auto\">PROTECTION NIVEAU 2, meilleure absorption des chocs<\/p>\n<p dir=\"auto\">GENOUILL\u00c8RE PEDALABLE, donc tr\u00e8s confortable et pratique, elle sera toujours port\u00e9e !<\/p>\n<p dir=\"auto\">STABLE, adh\u00e9rence maximale gr\u00e2ce aux tissus antid\u00e9rapants<\/p>\n<p dir=\"auto\">RESPIRANTE, gr\u00e2ce \u00e0 l&rsquo;utilisation d&rsquo;une maille \u00e9lastique en polyamide dense et \u00e0 l&rsquo;insert de protection ventil\u00e9<\/p>\n<p dir=\"auto\">PROTECTIONS LAT\u00c9RALES, \u00e9galement utiles contre les coups contre le cadre et les chutes lat\u00e9rales<\/p>\n<p dir=\"auto\">ELASTIQUE, pour un confort accru et une meilleure r\u00e9sistance aux vibrations<\/p>\n<p dir=\"auto\">L\u00c9G\u00c8RE gr\u00e2ce au choix judicieux des mat\u00e9riaux et \u00e0 l\u2019insert a\u00e9r\u00e9 tridimensionnel<\/p>\n<p dir=\"auto\">ETHIC enti\u00e8rement fabriqu\u00e9 en ITALIE<\/p>\n<p dir=\"auto\">BIEN VISIBLE, lettrage r\u00e9fl\u00e9chissant pour votre s\u00e9curit\u00e9 la nuit.<\/p>\n<h4>INFORMATIONS TECHNIQUES<\/h4>\n<p>POIDS : 290 g par paire<\/p>\n<p>NIVEAU DE PROTECTION 2<\/p>\n<p>COMPOSITION DE LA COQUE DE PROTECTION : r\u00e9sine thermoplastique<\/p>\n<p>INSERTS ANTI-GLISSE : PU (polyur\u00e9thane)<\/p>\n<p>TISSU EXT\u00c9RIEUR : polyamide et royca<\/p>\n<p>TISSU POCHE INT\u00c9RIEURE : 54% EA , 46% PES<\/p>\n<p>ORIGINE: ITALIE<\/p>\n<p>&nbsp;<\/p>\n","protected":false},"excerpt":{"rendered":"<p>GENOUILL\u00c8RES l\u00e9geres et tr\u00e8s ventil\u00e9es pour VTT recommand\u00e9e pour ENDURO, FREERIDE, DH, BMX Quels sont les points forts de ces genouill\u00e8res VTT pour l\u2018ENDURO, TRAIL et FREERIDE ? Tout d\u2019abord, elles sont tr\u00e8s FACILES \u00c0 PORTER gr\u00e2ce \u00e0 leur construction SANS bandes Velcro , et \u00e0 l\u2019insert protecteur tridimensionnel qui s\u2019assouplit avec la chaleur du [&hellip;]<\/p>\n","protected":false},"featured_media":2838,"comment_status":"open","ping_status":"closed","template":"","meta":[],"product_brand":[],"product_cat":[364],"product_tag":[383,385,382,386,384],"class_list":{"0":"post-1593","1":"product","2":"type-product","3":"status-publish","4":"has-post-thumbnail","6":"product_cat-protections-vtt","7":"product_tag-genouilleres-confortables-pour-pedaler","8":"product_tag-genouilleres-legeres-vtt","9":"product_tag-genouilleres-vtt","10":"product_tag-genouilleres-vtt-enduro","11":"product_tag-protege-genoux-vtt","13":"first","14":"instock","15":"sale","16":"shipping-taxable","17":"purchasable","18":"product-type-variable"},"tiered_pricing_type":"fixed","tiered_pricing_fixed_rules":[],"tiered_pricing_product_settings":{"layout":"default","base_unit_name":{"singular":null,"plural":null},"default_variation":null},"tiered_pricing_minimum_quantity":null,"tiered_pricing_roles_data":[],"tiered_pricing_percentage_rules":[],"_links":{"self":[{"href":"https:\/\/www.newbikeproducts.com\/fr\/wp-json\/wp\/v2\/product\/1593","targetHints":{"allow":["GET"]}}],"collection":[{"href":"https:\/\/www.newbikeproducts.com\/fr\/wp-json\/wp\/v2\/product"}],"about":[{"href":"https:\/\/www.newbikeproducts.com\/fr\/wp-json\/wp\/v2\/types\/product"}],"replies":[{"embeddable":true,"href":"https:\/\/www.newbikeproducts.com\/fr\/wp-json\/wp\/v2\/comments?post=1593"}],"wp:featuredmedia":[{"embeddable":true,"href":"https:\/\/www.newbikeproducts.com\/fr\/wp-json\/wp\/v2\/media\/2838"}],"wp:attachment":[{"href":"https:\/\/www.newbikeproducts.com\/fr\/wp-json\/wp\/v2\/media?parent=1593"}],"wp:term":[{"taxonomy":"product_brand","embeddable":true,"href":"https:\/\/www.newbikeproducts.com\/fr\/wp-json\/wp\/v2\/product_brand?post=1593"},{"taxonomy":"product_cat","embeddable":true,"href":"https:\/\/www.newbikeproducts.com\/fr\/wp-json\/wp\/v2\/product_cat?post=1593"},{"taxonomy":"product_tag","embeddable":true,"href":"https:\/\/www.newbikeproducts.com\/fr\/wp-json\/wp\/v2\/product_tag?post=1593"}],"curies":[{"name":"wp","href":"https:\/\/api.w.org\/{rel}","templated":true}]}}