{"id":1724,"date":"2024-02-13T16:34:03","date_gmt":"2024-03-15T15:06:32","guid":{"rendered":"https:\/\/www.newbikeproducts.com\/prodotto\/bouchons-de-valve-tubeless\/"},"modified":"2026-02-04T14:21:44","modified_gmt":"2026-02-04T13:21:44","slug":"bouchons-de-valve-tubeless","status":"publish","type":"product","link":"https:\/\/www.newbikeproducts.com\/fr\/prodotto\/bouchons-de-valve-tubeless\/","title":{"rendered":"bouchons de valve tubeless"},"content":{"rendered":"<p>Si vous souhaitez un capuchon qui couvre l&rsquo;int\u00e9gralit\u00e9 de la tige de la valve, la prot\u00e9geant ainsi des coups et de la salet\u00e9, vous \u00eates au bon endroit.<\/p>\n<p>Il s&rsquo;ins\u00e8re par pression et est donc plus pratique que le bouchon \u00e0 vis classique en plastique ou en aluminium.<\/p>\n<p>Sa taille g\u00e9n\u00e9reuse vous \u00e9vitera de le perdre facilement, par exemple entre les feuilles.<\/p>\n<p>Ce capuchon n&rsquo;exerce aucune pression sur la tige en laiton, qui est tr\u00e8s d\u00e9licate et facile \u00e0 plier.<\/p>\n<p>De plus, l&rsquo;int\u00e9gralit\u00e9 de la tige de la valve reste prot\u00e9g\u00e9e des pierres et de la boue.<\/p>\n<p>Les lignes sont plus propres et, \u00e0 notre avis, plus esth\u00e9tiques que les syst\u00e8mes actuels.<\/p>\n<p>Pour les groupes sportifs, les fabricants de cadres, des jantes, des chambres \u00e0 air, vous pouvez PERSONNALISER le capuchon de valve NBP avec votre couleur et votre logo pr\u00e9f\u00e9r\u00e9s.<\/p>\n<p>Le poids reste limit\u00e9 \u00e0 1 g.<\/p>\n<p>Hauteur ext\u00e9rieure 32,5 mm<\/p>\n<p>Hauteur utile 30 mm<\/p>\n<p>S&rsquo;adapte \u00e0 tous les types de valves PRESTA<\/p>\n<p>VIDEO:<\/p>\n<p><iframe loading=\"lazy\" title=\"Bouchon VALVE TUBELESS avec DRAPEAU FRAN\u00c7AIS, donnez une touche d&#039;originalit\u00e9 \u00e0 votre v\u00e9lo et roue!.\" width=\"563\" height=\"1000\" src=\"https:\/\/www.youtube.com\/embed\/U4jv3G19-sA?feature=oembed\" frameborder=\"0\" allow=\"accelerometer; autoplay; clipboard-write; encrypted-media; gyroscope; picture-in-picture; web-share\" referrerpolicy=\"strict-origin-when-cross-origin\" allowfullscreen><\/iframe><\/p>\n<p>AVANTAGES<\/p>\n<p>PERSONNALISABLE AVEC DES LOGOS ET DES INSCRIPTIONS<\/p>\n<p>S&rsquo;ADAPTE \u00c0 TOUS LES TYPES DE VALVES PRESTA<\/p>\n<p>PROT\u00c8GE L&rsquo;ENSEMBLE DU CORPS DE LA VALVE contre les chocs et la boue<\/p>\n<p>FACILE ET PRATIQUE \u00c0 MANIPULER<\/p>\n<p>DIFFICILE \u00c0 PERDRE<\/p>\n<p>DONN\u00c9ES TECHNIQUES<\/p>\n<p>TYPE DE VALVE : PRESTA<\/p>\n<p>POIDS : 1 g la paire<\/p>\n<p>DIAM\u00c8TRE EXT\u00c9RIEUR : 8 mm<\/p>\n<p>DIAM\u00c8TRE INT\u00c9RIEUR : 5,8 mm<\/p>\n<p>LONGUEUR UTILE : 30 mm<\/p>\n<p>COMPOSITION : PVC<\/p>\n<p>NOTES D&rsquo;INSTALLATION ET D&rsquo;ENTRETIEN<\/p>\n<p>Le bouchon s&rsquo;ins\u00e8re sans trop appuyer et la tenue est n\u00e9anmoins garantie.<\/p>\n","protected":false},"excerpt":{"rendered":"<p>Si vous souhaitez un capuchon qui couvre l&rsquo;int\u00e9gralit\u00e9 de la tige de la valve, la prot\u00e9geant ainsi des coups et de la salet\u00e9, vous \u00eates au bon endroit. Il s&rsquo;ins\u00e8re par pression et est donc plus pratique que le bouchon \u00e0 vis classique en plastique ou en aluminium. Sa taille g\u00e9n\u00e9reuse vous \u00e9vitera de le [&hellip;]<\/p>\n","protected":false},"featured_media":1846,"comment_status":"open","ping_status":"closed","template":"","meta":[],"product_brand":[],"product_cat":[389],"product_tag":[390],"class_list":{"0":"post-1724","1":"product","2":"type-product","3":"status-publish","4":"has-post-thumbnail","6":"product_cat-composants-vtt","7":"product_tag-bouchons-de-valve-tubeless","8":"product_shipping_class-collissimo-jusqua-0-250","10":"first","11":"instock","12":"sale","13":"shipping-taxable","14":"purchasable","15":"product-type-variable"},"tiered_pricing_type":"fixed","tiered_pricing_fixed_rules":[],"tiered_pricing_product_settings":{"layout":"default","base_unit_name":{"singular":null,"plural":null},"default_variation":null},"tiered_pricing_minimum_quantity":null,"tiered_pricing_roles_data":[],"tiered_pricing_percentage_rules":[],"_links":{"self":[{"href":"https:\/\/www.newbikeproducts.com\/fr\/wp-json\/wp\/v2\/product\/1724","targetHints":{"allow":["GET"]}}],"collection":[{"href":"https:\/\/www.newbikeproducts.com\/fr\/wp-json\/wp\/v2\/product"}],"about":[{"href":"https:\/\/www.newbikeproducts.com\/fr\/wp-json\/wp\/v2\/types\/product"}],"replies":[{"embeddable":true,"href":"https:\/\/www.newbikeproducts.com\/fr\/wp-json\/wp\/v2\/comments?post=1724"}],"wp:featuredmedia":[{"embeddable":true,"href":"https:\/\/www.newbikeproducts.com\/fr\/wp-json\/wp\/v2\/media\/1846"}],"wp:attachment":[{"href":"https:\/\/www.newbikeproducts.com\/fr\/wp-json\/wp\/v2\/media?parent=1724"}],"wp:term":[{"taxonomy":"product_brand","embeddable":true,"href":"https:\/\/www.newbikeproducts.com\/fr\/wp-json\/wp\/v2\/product_brand?post=1724"},{"taxonomy":"product_cat","embeddable":true,"href":"https:\/\/www.newbikeproducts.com\/fr\/wp-json\/wp\/v2\/product_cat?post=1724"},{"taxonomy":"product_tag","embeddable":true,"href":"https:\/\/www.newbikeproducts.com\/fr\/wp-json\/wp\/v2\/product_tag?post=1724"}],"curies":[{"name":"wp","href":"https:\/\/api.w.org\/{rel}","templated":true}]}}