{"id":1771,"date":"2022-10-28T08:32:53","date_gmt":"2024-04-30T19:37:23","guid":{"rendered":"https:\/\/www.newbikeproducts.com\/prodotto\/systeme-de-portage-nbp\/"},"modified":"2026-02-26T09:28:24","modified_gmt":"2026-02-26T08:28:24","slug":"systeme-de-portage-nbp","status":"publish","type":"product","link":"https:\/\/www.newbikeproducts.com\/fr\/prodotto\/systeme-de-portage-nbp\/","title":{"rendered":"Syst\u00e8me de portage NBP"},"content":{"rendered":"<p>NEWBIKEPRODUCTS a d\u00e9velopp\u00e9 son propre syst\u00e8me de transport de VTT sur les \u00e9paules, r\u00e9pondant ainsi \u00e0 la demande des amateurs de V\u00c8LO DE MONTAGNE.<\/p>\n<p>Apr\u00e8s avoir lu des revues et essay\u00e9 les syst\u00e8mes de portage actuels, plus lourds, plus encombrants et surtout peu adaptables aux diff\u00e9rents types de sacs \u00e0 dos, nous avons trouv\u00e9 une solution \u00e0 tous ces probl\u00e8mes, en cr\u00e9ant un <strong>syst\u00e8me de portage<\/strong> plus efficace, plus l\u00e9ger et plus compact ; il tient dans une main et ne p\u00e8se que 110 g au lieu de 200-250 g.<\/p>\n<figure id=\"attachment_1765\" aria-describedby=\"caption-attachment-1765\" style=\"width: 300px\" class=\"wp-caption aligncenter\"><img loading=\"lazy\" decoding=\"async\" class=\"wp-image-1765 size-medium\" src=\"https:\/\/www.newbikeproducts.com\/wp-content\/uploads\/\/sisteme-portage-vtt-nbp-300x300.jpg\" alt=\"Syst\u00e8me de portage NBP\" width=\"300\" height=\"300\" srcset=\"https:\/\/www.newbikeproducts.com\/wp-content\/uploads\/sisteme-portage-vtt-nbp-300x300.jpg 300w, https:\/\/www.newbikeproducts.com\/wp-content\/uploads\/sisteme-portage-vtt-nbp-150x150.jpg 150w, https:\/\/www.newbikeproducts.com\/wp-content\/uploads\/sisteme-portage-vtt-nbp-768x768.jpg 768w, https:\/\/www.newbikeproducts.com\/wp-content\/uploads\/sisteme-portage-vtt-nbp-600x600.jpg 600w, https:\/\/www.newbikeproducts.com\/wp-content\/uploads\/sisteme-portage-vtt-nbp-100x100.jpg 100w, https:\/\/www.newbikeproducts.com\/wp-content\/uploads\/sisteme-portage-vtt-nbp-50x50.jpg 50w, https:\/\/www.newbikeproducts.com\/wp-content\/uploads\/sisteme-portage-vtt-nbp.jpg 1024w\" sizes=\"auto, (max-width: 300px) 100vw, 300px\" \/><figcaption id=\"caption-attachment-1765\" class=\"wp-caption-text\">Syst\u00e8me de portage NBP pour porter le VTT<\/figcaption><\/figure>\n<p>Il se compose de deux sangles avec une boucle et un crochet r\u00e9glable en aluminium\/plastique pour une r\u00e9sistance et une l\u00e9g\u00e8ret\u00e9 maximales ; nous avons ajout\u00e9 un syst\u00e8me de d\u00e9tachement rapide pour les situations d&rsquo;urgence.<\/p>\n<p>Ces deux sangles sont reli\u00e9es par un \u00e9lastique qui les maintient ensemble en permanence et facilite le chargement et le rangement du v\u00e9lo sur le sac \u00e0 dos.<\/p>\n<p>Ce syst\u00e8me de fixation peut \u00e9galement \u00eatre utilis\u00e9 pour transporter les v\u00e9los des enfants lorsqu&rsquo;ils ne veulent plus rouler.<\/p>\n<figure id=\"attachment_919\" aria-describedby=\"caption-attachment-919\" style=\"width: 441px\" class=\"wp-caption aligncenter\"><img loading=\"lazy\" decoding=\"async\" class=\" wp-image-918\" src=\"https:\/\/www.newbikeproducts.com\/wp-content\/uploads\/\/bicibambino-300x273.jpg\" alt=\"Porte-v\u00e9los enfant\" width=\"441\" height=\"401\" srcset=\"https:\/\/www.newbikeproducts.com\/wp-content\/uploads\/bicibambino-300x273.jpg 300w, https:\/\/www.newbikeproducts.com\/wp-content\/uploads\/bicibambino-150x136.jpg 150w, https:\/\/www.newbikeproducts.com\/wp-content\/uploads\/bicibambino-416x378.jpg 416w, https:\/\/www.newbikeproducts.com\/wp-content\/uploads\/bicibambino.jpg 592w\" sizes=\"auto, (max-width: 441px) 100vw, 441px\" \/><figcaption id=\"caption-attachment-919\" class=\"wp-caption-text\">Syst\u00e8me de portage de VTT \u00e9galement utilis\u00e9 pour transporter des v\u00e9los d&rsquo;enfants<\/figcaption><\/figure>\n<p>&nbsp;<\/p>\n<p>Avec le syst\u00e8me de portage NBP, vous pouvez opter pour deux fa\u00e7ons de porter le VTT, avec la fourche \u00e0 l&rsquo;envers (avec risque de bulles d&rsquo;air dans les freins), ou la fourche \u00e0 la verticale, selon votre pr\u00e9f\u00e9rence et votre exp\u00e9rience sur le terrain.<\/p>\n<p>Si vous utilisez le syst\u00e8me de portage MTB sans basculer le v\u00e9lo, vous devrez s\u00e9curiser la roue \u00e0 l&rsquo;avant et le guidon, c&rsquo;est pourquoi une sangle optionnelle est \u00e9galement fournie.<\/p>\n<p>Achetez notre syst\u00e8me et \u00e9pargnez-vous des efforts et des douleurs inutiles !<\/p>\n<p>Voici la vid\u00e9o du fonctionnement du <strong>syst\u00e8me de portage<\/strong> du NBP<\/p>\n<p><iframe loading=\"lazy\" title=\"syst\u00e8me portage vtt\" width=\"980\" height=\"551\" src=\"https:\/\/www.youtube.com\/embed\/8ugGuE4cubU?feature=oembed\" frameborder=\"0\" allow=\"accelerometer; autoplay; clipboard-write; encrypted-media; gyroscope; picture-in-picture; web-share\" referrerpolicy=\"strict-origin-when-cross-origin\" allowfullscreen><\/iframe><\/p>\n<p>&nbsp;<\/p>\n<h4>POINTS FORTS<\/h4>\n<p dir=\"auto\">ADAPTABLE \u00c0 TOUS LES SACS \u00c0 DOS<\/p>\n<p dir=\"auto\">L\u00c9GER ET COMPACT pour \u00eatre facilement transport\u00e9.<\/p>\n<p dir=\"auto\">VOUS AUREZ LES MAINS LIBRES, vous pourrez marcher sans perdre le rythme, et vous \u00e9viterez les douleurs aux \u00e9paules car le poids est partiellement d\u00e9charg\u00e9 sur l&rsquo;ensemble du sac \u00e0 dos.<\/p>\n<p dir=\"auto\">\u00c9VITE LES FOURMILLEMENTS DANS LES BRAS ET LES MAINS.<\/p>\n<p dir=\"auto\">SYST\u00c8ME DE D\u00c9VERROUILLAGE RAPIDE en cas de chute.<\/p>\n<h4 dir=\"auto\">FAIBLESSES<\/h4>\n<p>Par rapport \u00e0 un portage \u00ab\u00a0libre\u00a0\u00bb, votre torse tourne avec le v\u00e9lo, ce ne sont pas vos bras qui font bouger le v\u00e9lo.<\/p>\n<h4 dir=\"auto\">INFORMATIONS TECHNIQUES<\/h4>\n<p>POIDS : 110 gr.<\/p>\n<p>RUBAN EN POLYESTER.<\/p>\n<p>BOUCLES EN D&rsquo;ALUMINIUM et de plastique, l\u00e9g\u00e8res et r\u00e9sistantes.<\/p>\n<p>ORIGINE : ITALIE, \u00e0 l&rsquo;exception des boucles et du syst\u00e8me de d\u00e9crochage qui sont fabriqu\u00e9s en Asie.<\/p>\n","protected":false},"excerpt":{"rendered":"<p>NEWBIKEPRODUCTS a d\u00e9velopp\u00e9 son propre syst\u00e8me de transport de VTT sur les \u00e9paules, r\u00e9pondant ainsi \u00e0 la demande des amateurs de V\u00c8LO DE MONTAGNE. Apr\u00e8s avoir lu des revues et essay\u00e9 les syst\u00e8mes de portage actuels, plus lourds, plus encombrants et surtout peu adaptables aux diff\u00e9rents types de sacs \u00e0 dos, nous avons trouv\u00e9 une [&hellip;]<\/p>\n","protected":false},"featured_media":1765,"comment_status":"open","ping_status":"closed","template":"","meta":[],"product_brand":[],"product_cat":[85,82],"product_tag":[394,395,396],"class_list":{"0":"post-1771","1":"product","2":"type-product","3":"status-publish","4":"has-post-thumbnail","6":"product_cat-sac-a-dos","7":"product_cat-sacoche-de-voyage-et-sacs-a-dos","8":"product_tag-portage-vtt","9":"product_tag-systeme-portage","10":"product_tag-velo-de-montagne","11":"product_shipping_class-collissimo-jusqua-0-250","13":"first","14":"instock","15":"sale","16":"shipping-taxable","17":"purchasable","18":"product-type-simple"},"tiered_pricing_type":"fixed","tiered_pricing_fixed_rules":[],"tiered_pricing_product_settings":{"layout":"default","base_unit_name":{"singular":null,"plural":null},"default_variation":null},"tiered_pricing_minimum_quantity":null,"tiered_pricing_roles_data":[],"tiered_pricing_percentage_rules":[],"_links":{"self":[{"href":"https:\/\/www.newbikeproducts.com\/fr\/wp-json\/wp\/v2\/product\/1771","targetHints":{"allow":["GET"]}}],"collection":[{"href":"https:\/\/www.newbikeproducts.com\/fr\/wp-json\/wp\/v2\/product"}],"about":[{"href":"https:\/\/www.newbikeproducts.com\/fr\/wp-json\/wp\/v2\/types\/product"}],"replies":[{"embeddable":true,"href":"https:\/\/www.newbikeproducts.com\/fr\/wp-json\/wp\/v2\/comments?post=1771"}],"wp:featuredmedia":[{"embeddable":true,"href":"https:\/\/www.newbikeproducts.com\/fr\/wp-json\/wp\/v2\/media\/1765"}],"wp:attachment":[{"href":"https:\/\/www.newbikeproducts.com\/fr\/wp-json\/wp\/v2\/media?parent=1771"}],"wp:term":[{"taxonomy":"product_brand","embeddable":true,"href":"https:\/\/www.newbikeproducts.com\/fr\/wp-json\/wp\/v2\/product_brand?post=1771"},{"taxonomy":"product_cat","embeddable":true,"href":"https:\/\/www.newbikeproducts.com\/fr\/wp-json\/wp\/v2\/product_cat?post=1771"},{"taxonomy":"product_tag","embeddable":true,"href":"https:\/\/www.newbikeproducts.com\/fr\/wp-json\/wp\/v2\/product_tag?post=1771"}],"curies":[{"name":"wp","href":"https:\/\/api.w.org\/{rel}","templated":true}]}}