{"id":1876,"date":"2024-06-03T22:49:15","date_gmt":"2024-06-03T20:49:15","guid":{"rendered":"https:\/\/www.newbikeproducts.com\/?post_type=product&#038;p=1876"},"modified":"2025-10-31T06:22:58","modified_gmt":"2025-10-31T05:22:58","slug":"poignees-vtt-enduro-made-in-italy","status":"publish","type":"product","link":"https:\/\/www.newbikeproducts.com\/fr\/prodotto\/poignees-vtt-enduro-made-in-italy\/","title":{"rendered":"POIGN\u00c9ES VTT &#8211; MADE IN ITALY"},"content":{"rendered":"<h2 class=\"western\"><strong>POIGN\u00c9ES VTT<\/strong><\/h2>\n<p>Bonjour \u00e0 tous, NBP a choisi de vous proposer cette poign\u00e9e car elle correspond parfaitement \u00e0 nos valeurs telles que la PRODUCTION LOCALE, la QUALITE et la DURABILITE d&rsquo;un produit !<\/p>\n<figure id=\"attachment_1888\" aria-describedby=\"caption-attachment-1888\" style=\"width: 300px\" class=\"wp-caption aligncenter\"><img loading=\"lazy\" decoding=\"async\" class=\"wp-image-1888 size-medium\" title=\"POIGN\u00c9ES VTT LOCK ON\" src=\"https:\/\/www.newbikeproducts.com\/wp-content\/uploads\/\/POIGNEES-VTT-LOCK-ON-made-in-italy-300x300.jpg\" alt=\"POIGN\u00c9ES VTT LOCK ON made in italy\" width=\"300\" height=\"300\" srcset=\"https:\/\/www.newbikeproducts.com\/wp-content\/uploads\/POIGNEES-VTT-LOCK-ON-made-in-italy-300x300.jpg 300w, https:\/\/www.newbikeproducts.com\/wp-content\/uploads\/POIGNEES-VTT-LOCK-ON-made-in-italy-150x150.jpg 150w, https:\/\/www.newbikeproducts.com\/wp-content\/uploads\/POIGNEES-VTT-LOCK-ON-made-in-italy-768x768.jpg 768w, https:\/\/www.newbikeproducts.com\/wp-content\/uploads\/POIGNEES-VTT-LOCK-ON-made-in-italy-600x600.jpg 600w, https:\/\/www.newbikeproducts.com\/wp-content\/uploads\/POIGNEES-VTT-LOCK-ON-made-in-italy-100x100.jpg 100w, https:\/\/www.newbikeproducts.com\/wp-content\/uploads\/POIGNEES-VTT-LOCK-ON-made-in-italy-50x50.jpg 50w, https:\/\/www.newbikeproducts.com\/wp-content\/uploads\/POIGNEES-VTT-LOCK-ON-made-in-italy.jpg 1024w\" sizes=\"auto, (max-width: 300px) 100vw, 300px\" \/><figcaption id=\"caption-attachment-1888\" class=\"wp-caption-text\">POIGN\u00c9ES VTT LOCK ON made in italy<\/figcaption><\/figure>\n<p>Apr\u00e8s l&rsquo;avoir essay\u00e9, nous pensons pouvoir proposer ce poign\u00e9e VTT non seulement pour sa qualit\u00e9 mais aussi pour son esth\u00e9tisme et sa large gamme de couleurs (une dizaine).<br \/>\n<strong>POIGN\u00c9E VTT<\/strong> &#8211; LARGE GAMME DE COULEURS &#8211; FABRIQU\u00c9E EN ITALIE Excellente prise en main gr\u00e2ce \u00e0 la qualit\u00e9 des mat\u00e9riaux et au design de la poign\u00e9e.<\/p>\n<p>NBP a compar\u00e9 ce grip avec des produits plus souples sans trouver de diff\u00e9rences perceptibles en termes de confort et d&rsquo;absorption des vibrations ; la duret\u00e9 moyenne choisie s&rsquo;est av\u00e9r\u00e9e \u00eatre un excellent compromis entre le confort et la durabilit\u00e9 du grip en cas de chutes et de frottements des extr\u00e9mit\u00e9s sur le sol, les pierres, les arbres, les murs\u2026<\/p>\n<p>Les poign\u00e9es trop souples risquent de s&rsquo;ab\u00eemer rapidement sur les c\u00f4t\u00e9s ext\u00e9rieurs et d&rsquo;entrer en contact avec le m\u00e9tal du guidon, cr\u00e9ant des coupures, m\u00eame profondes, en cas d&rsquo;impact.<\/p>\n<p>NBP pr\u00e9f\u00e9rait les poign\u00e9es sans parties m\u00e9talliques rigides sur la face ext\u00e9rieure pour des raisons de s\u00e9curit\u00e9 en cas d&rsquo;impact avec le corps et aussi pour des raisons esth\u00e9tiques, car la finition m\u00e9tallique, une fois ray\u00e9e, est plus visible que le caoutchouc.<\/p>\n<p>Les <strong>poign\u00e9es VTT<\/strong> sont fabriqu\u00e9es \u00e0 partir d&rsquo;une famille d&rsquo;\u00e9lastom\u00e8res thermoplastiques de haute qualit\u00e9, dont la structure mol\u00e9culaire, bas\u00e9e sur des copolym\u00e8res \u00e0 blocs de styr\u00e8ne, conf\u00e8re au produit non seulement la durabilit\u00e9, mais aussi l&rsquo;\u00e9lasticit\u00e9 n\u00e9cessaire pour obtenir l&rsquo;effet d&rsquo;absorption des chocs tant recherch\u00e9 dans les conditions les plus difficiles.<\/p>\n<p>Les poign\u00e9es sont extr\u00eamement r\u00e9sistantes aux UV, \u00e0 l&rsquo;ozone et aux intemp\u00e9ries, et conservent leur \u00e9lasticit\u00e9 m\u00eame \u00e0 des temp\u00e9ratures tr\u00e8s basses.<\/p>\n<p>La sensation \u00e0 l&rsquo;usage est celle d&rsquo;une poign\u00e9e cylindrique, donc apparemment neutre en termes de r\u00e9partition des forces dans les diff\u00e9rentes zones d&rsquo;appui de la main, mais la zone centrale pr\u00e9sente une partie plus \u00ab\u00a0c\u00e9dante\u00a0\u00bb, pr\u00eate \u00e0 donner au pilote l&rsquo;effet d&rsquo;un coussin \u00ab\u00a0dynamique\u00a0\u00bb qui agit sur les forces d\u00e9velopp\u00e9es par les fortes pressions exerc\u00e9es par la main.<\/p>\n<p>Le corps de la poign\u00e9e est con\u00e7u pour faciliter le montage sur le guidon. La pr\u00e9sence du collier de serrage rend le syst\u00e8me rapide et efficace ; la vis de serrage est de type M4, en acier avec traitement de blocage du filetage, dimensionn\u00e9e pour \u00eatre utilis\u00e9e avec un couple de serrage de 3,0 N\/m. Le collier est en aluminium peint avec traitement ED Coating.<\/p>\n<h4>POINTS FORTS<\/h4>\n<p>ADH\u00c9RENCE MAXIMALE gr\u00e2ce aux mat\u00e9riaux choisis et \u00e0 la conception.<\/p>\n<p>FACILIT\u00c9 DE D\u00c9MONTAGE ET DE MONTAGE gr\u00e2ce au syst\u00e8me d&#8217;embo\u00eetement (anneau avec vis de serrage).<\/p>\n<p>M\u00c9LANGE MOYEN : absorbe et neutralise les vibrations<\/p>\n<p>BEAU car con\u00e7u avec soin<\/p>\n<p>FACILE \u00c0 COMBINER LES COULEURS gr\u00e2ce \u00e0 la large gamme de couleurs<\/p>\n<p>L\u00c9G\u00c8RE, gr\u00e2ce au choix judicieux des mat\u00e9riaux<\/p>\n<p>R\u00c9SISTANT AUX RAYONS UV<\/p>\n<p>RESISTANT \u00c0 LA SCREPULATION il reste inchang\u00e9 dans le temps et conserve son \u00e9lasticit\u00e9 m\u00eame \u00e0 des temp\u00e9ratures tr\u00e8s basses<\/p>\n<p>ETHIQUE, fabriqu\u00e9 enti\u00e8rement en ITALIE.<\/p>\n<h4 dir=\"auto\">INFORMATIONS TECHNIQUES<\/h4>\n<p>POIDS : 113 g par paire<\/p>\n<p>DIAM\u00c8TRE EXT\u00c9RIEUR : 31 mm<\/p>\n<p>DIAM\u00c8TRE INT\u00c9RIEUR : 22 mm<\/p>\n<p>LONGUEUR : 130 mm<\/p>\n<p>COMPOSITION : \u00e9lastom\u00e8res thermoplastiques<\/p>\n<p>VERROUILLAGE LOCK ON : aluminium avec rev\u00eatement ED (d\u00e9p\u00f4t \u00e9lectrophor\u00e9tique)<\/p>\n<p>VIS DE BLOCAGE : acier inoxydable M4 (ne rouille pas)<\/p>\n<p>PROVENANCE : ITALIE<\/p>\n<h4 dir=\"auto\">NOTES SUR L&rsquo;INSTALLATION ET L&rsquo;ENTRETIEN<\/h4>\n<p>Serrer la vis M4 avec un couple de 3,0 N\/m.<\/p>\n<p>Les couleurs claires sont plus salissantes, mais se nettoient facilement avec de l&rsquo;eau et une \u00e9ponge.<\/p>\n<p>&nbsp;<\/p>\n","protected":false},"excerpt":{"rendered":"<p>POIGN\u00c9ES VTT Bonjour \u00e0 tous, NBP a choisi de vous proposer cette poign\u00e9e car elle correspond parfaitement \u00e0 nos valeurs telles que la PRODUCTION LOCALE, la QUALITE et la DURABILITE d&rsquo;un produit ! Apr\u00e8s l&rsquo;avoir essay\u00e9, nous pensons pouvoir proposer ce poign\u00e9e VTT non seulement pour sa qualit\u00e9 mais aussi pour son esth\u00e9tisme et sa [&hellip;]<\/p>\n","protected":false},"featured_media":1790,"comment_status":"open","ping_status":"closed","template":"","meta":[],"product_brand":[],"product_cat":[389],"product_tag":[403,404,405],"class_list":{"0":"post-1876","1":"product","2":"type-product","3":"status-publish","4":"has-post-thumbnail","6":"product_cat-composants-vtt","7":"product_tag-manopole-bicicletta-fr","8":"product_tag-manopole-mtb-fr","9":"product_tag-manopole-mtb-enduro-fr","10":"product_shipping_class-collissimo-0-250-0-500-fr","12":"first","13":"instock","14":"sale","15":"shipping-taxable","16":"purchasable","17":"product-type-variable"},"tiered_pricing_type":"fixed","tiered_pricing_fixed_rules":[],"tiered_pricing_product_settings":{"layout":"default","base_unit_name":{"singular":null,"plural":null},"default_variation":null},"tiered_pricing_minimum_quantity":null,"tiered_pricing_roles_data":[],"tiered_pricing_percentage_rules":[],"_links":{"self":[{"href":"https:\/\/www.newbikeproducts.com\/fr\/wp-json\/wp\/v2\/product\/1876","targetHints":{"allow":["GET"]}}],"collection":[{"href":"https:\/\/www.newbikeproducts.com\/fr\/wp-json\/wp\/v2\/product"}],"about":[{"href":"https:\/\/www.newbikeproducts.com\/fr\/wp-json\/wp\/v2\/types\/product"}],"replies":[{"embeddable":true,"href":"https:\/\/www.newbikeproducts.com\/fr\/wp-json\/wp\/v2\/comments?post=1876"}],"wp:featuredmedia":[{"embeddable":true,"href":"https:\/\/www.newbikeproducts.com\/fr\/wp-json\/wp\/v2\/media\/1790"}],"wp:attachment":[{"href":"https:\/\/www.newbikeproducts.com\/fr\/wp-json\/wp\/v2\/media?parent=1876"}],"wp:term":[{"taxonomy":"product_brand","embeddable":true,"href":"https:\/\/www.newbikeproducts.com\/fr\/wp-json\/wp\/v2\/product_brand?post=1876"},{"taxonomy":"product_cat","embeddable":true,"href":"https:\/\/www.newbikeproducts.com\/fr\/wp-json\/wp\/v2\/product_cat?post=1876"},{"taxonomy":"product_tag","embeddable":true,"href":"https:\/\/www.newbikeproducts.com\/fr\/wp-json\/wp\/v2\/product_tag?post=1876"}],"curies":[{"name":"wp","href":"https:\/\/api.w.org\/{rel}","templated":true}]}}