{"id":2357,"date":"2025-01-07T16:53:59","date_gmt":"2025-01-07T15:53:59","guid":{"rendered":"https:\/\/www.newbikeproducts.com\/prodotto\/sacco-a-pelo-quit-tre-stagioni\/"},"modified":"2025-02-05T17:54:09","modified_gmt":"2025-02-05T16:54:09","slug":"sac-de-couchage-quilt-trois-saisons","status":"publish","type":"product","link":"https:\/\/www.newbikeproducts.com\/fr\/prodotto\/sac-de-couchage-quilt-trois-saisons\/","title":{"rendered":"Sac de couchage &#8211; QUIT trois saisons &#8211; COMFORTABLE, ULTRAL\u00c9GER et COMPACT"},"content":{"rendered":"<h2><strong>SAC DE COUCHAGE &#8211;\u00a0 QUILT &#8211; MADE IN ITALY<\/strong><\/h2>\n<p>Afin de garantir la l\u00e9g\u00e8ret\u00e9 maximale et le volume minimal d&rsquo;un sac de couchage QUILT, nous avons utilis\u00e9 du duvet d&rsquo;oie avec un pouvoir de remplissage de 850 CUIN ( FILL POWER ) au lieu de 650\/750 pour les duvets moins chers, mais plus volumineux et plus lourds.<\/p>\n<p>Les tissus ont \u00e9galement \u00e9t\u00e9 s\u00e9lectionn\u00e9s parmi les meilleurs fabricants capables de les rendre tr\u00e8s fins et r\u00e9sistants \u00e0 la fois. Le poids est de 26 g\/m2 et le tissu est compos\u00e9 \u00e0 100 % de polyamide avec un traitement d\u00e9perlant DWR sans PFC.<\/p>\n<p>Nous avons choisi la version QUILT du sac de couchage et non le sac de couchage momie classique parce que nous consid\u00e9rons qu&rsquo;il est plus confortable et que vous aurez l&rsquo;impression de dormir sous votre couette \u00e0 la maison, vous aurez plus de libert\u00e9 de mouvement au niveau des \u00e9paules, des jambes et des pieds.<\/p>\n<figure id=\"attachment_2272\" aria-describedby=\"caption-attachment-2272\" style=\"width: 300px\" class=\"wp-caption aligncenter\"><img loading=\"lazy\" decoding=\"async\" class=\"size-medium wp-image-2274\" src=\"https:\/\/www.newbikeproducts.com\/wp-content\/uploads\/\/sac-de-couchage-quilt-MADE-IN-ITALY-300x300.jpg\" alt=\"sacco a pelo MADE IN ITALY\" width=\"300\" height=\"300\" srcset=\"https:\/\/www.newbikeproducts.com\/wp-content\/uploads\/sac-de-couchage-quilt-MADE-IN-ITALY-300x300.jpg 300w, https:\/\/www.newbikeproducts.com\/wp-content\/uploads\/sac-de-couchage-quilt-MADE-IN-ITALY-150x150.jpg 150w, https:\/\/www.newbikeproducts.com\/wp-content\/uploads\/sac-de-couchage-quilt-MADE-IN-ITALY-768x768.jpg 768w, https:\/\/www.newbikeproducts.com\/wp-content\/uploads\/sac-de-couchage-quilt-MADE-IN-ITALY-600x600.jpg 600w, https:\/\/www.newbikeproducts.com\/wp-content\/uploads\/sac-de-couchage-quilt-MADE-IN-ITALY-100x100.jpg 100w, https:\/\/www.newbikeproducts.com\/wp-content\/uploads\/sac-de-couchage-quilt-MADE-IN-ITALY-50x50.jpg 50w, https:\/\/www.newbikeproducts.com\/wp-content\/uploads\/sac-de-couchage-quilt-MADE-IN-ITALY.jpg 1024w\" sizes=\"auto, (max-width: 300px) 100vw, 300px\" \/><figcaption id=\"caption-attachment-2272\" class=\"wp-caption-text\">sacco a pelo quilt &#8211; mudulabile e MADE IN ITALY<\/figcaption><\/figure>\n<p>Pour les personnes qui dorment sur le c\u00f4t\u00e9, c&rsquo;est la solution id\u00e9ale pour avoir le dos TOUJOURS chaud de mani\u00e8re uniforme, ce qui n&rsquo;est pas le cas avec les sacs de couchage de type momie qui ont un garnissage en duvet plus bas dans le dos et dont la moiti\u00e9 du dos est moins garnie de plumes.<\/p>\n<p>Il s&rsquo;agit d&rsquo;un produit printemps-\u00e9t\u00e9-automne et vous pouvez choisir entre ces niveaux de T COMFORT et T LIMITE en fonction de la quantit\u00e9 de plumes utilis\u00e9es :<\/p>\n<p>COMFORT\/LIMITE &#8211; 850 plumes FILL POWER : 12\/8 150 gr &#8211; 10\/6 200 gr &#8211; 8\/4 250 gr<\/p>\n<p>Un bon QUILT garantira ses performances thermiques s&rsquo;il est associ\u00e9 \u00e0 un matelas ad\u00e9quat ayant un indice d&rsquo;isolation (QR) \u00e9lev\u00e9 et n&rsquo;\u00e9tant pas trop serr\u00e9 ; nous recommandons le mod\u00e8le NEO-AIR-XLITE NXT de THERMAREST, fabriqu\u00e9 en Irlande.<\/p>\n<p>Le point faible des couettes disponibles sur le march\u00e9 est le syst\u00e8me de fixation au matelas, qui ne garantit pas toujours une bonne \u00e9tanch\u00e9it\u00e9 entre le matelas et le sac de couchage, en cr\u00e9ant des fentes et des courants d&rsquo;air lorsque l&rsquo;on tourne le dos pour changer de position.<\/p>\n<p>NBP a con\u00e7u et r\u00e9alis\u00e9 un syst\u00e8me innovant compos\u00e9 de sangles \u00e9lastiques avec des extr\u00e9mit\u00e9s en plastique et des anneaux qui permettent de fixer le quilt au matelas, en r\u00e9solvant au mieux le probl\u00e8me des \u00ab courants d&rsquo;air \u00bb ; la praticit\u00e9 de la connexion matelas\/quilt est \u00e9galement int\u00e9ressante car elle reste toujours en place sans qu&rsquo;il soit n\u00e9cessaire de connecter et d&rsquo;ajuster d&rsquo;autres \u00e9l\u00e9ments.<\/p>\n<p>Vous pouvez \u00e9galement utiliser ce QUIT comme couette pour votre lit d&rsquo;int\u00e9rieur simple de 190*80 cm, ou double si vous \u00eates un couple ; cette option vous permettra de profiter au maximum de ce produit et de rentabiliser plus rapidement votre investissement dans un sac de couchage polyvalent de haute qualit\u00e9, tout en \u00e9tant respectueux de l&rsquo;environnement.<\/p>\n<p>Si vous poss\u00e9dez deux de nos duvets, vous pouvez les combiner soit HORIZONTALEMENT dans une version \u00ab double \u00bb, soit SUPERPOS\u00c9 pour l&rsquo;utiliser dans des climats plus froids, ce qui porte la T COMFORT \u00e0 5\u00b0 T LIMIT 1\u00b0.<\/p>\n<p>Pour tous ceux qui aiment r\u00e9duire le poids et le volume, nous avons \u00e9galement pr\u00e9vu la version PONCHO qui vous permet de laisser votre doudoune \u00e0 la maison, \u00e9conomisant ainsi de l&rsquo;espace et du poids.<\/p>\n<p>&nbsp;<\/p>\n<figure id=\"attachment_2312\" aria-describedby=\"caption-attachment-2312\" style=\"width: 300px\" class=\"wp-caption aligncenter\"><img loading=\"lazy\" decoding=\"async\" class=\"size-medium wp-image-2314\" src=\"https:\/\/www.newbikeproducts.com\/wp-content\/uploads\/\/PONCHO-en-douvet-quilt-300x300.jpg\" alt=\"PONCHO PIUMINO\" width=\"300\" height=\"300\" srcset=\"https:\/\/www.newbikeproducts.com\/wp-content\/uploads\/PONCHO-en-douvet-quilt-300x300.jpg 300w, https:\/\/www.newbikeproducts.com\/wp-content\/uploads\/PONCHO-en-douvet-quilt-150x150.jpg 150w, https:\/\/www.newbikeproducts.com\/wp-content\/uploads\/PONCHO-en-douvet-quilt-768x768.jpg 768w, https:\/\/www.newbikeproducts.com\/wp-content\/uploads\/PONCHO-en-douvet-quilt-600x600.jpg 600w, https:\/\/www.newbikeproducts.com\/wp-content\/uploads\/PONCHO-en-douvet-quilt-100x100.jpg 100w, https:\/\/www.newbikeproducts.com\/wp-content\/uploads\/PONCHO-en-douvet-quilt-50x50.jpg 50w, https:\/\/www.newbikeproducts.com\/wp-content\/uploads\/PONCHO-en-douvet-quilt.jpg 1024w\" sizes=\"auto, (max-width: 300px) 100vw, 300px\" \/><figcaption id=\"caption-attachment-2312\" class=\"wp-caption-text\">PONCHO in piumino quilt<\/figcaption><\/figure>\n<p>Afin de garantir une DISTRIBUTION HOMOGENE des plumes et donc de maintenir l&rsquo;isolation et le confort dans le temps, une construction de l&rsquo;enveloppe avec des chevrons \u00e0 mi-hauteur a \u00e9t\u00e9 choisie ; cela \u00e9vite que les plumes se d\u00e9placent d&rsquo;un c\u00f4t\u00e9, cr\u00e9ant des vides et des pertes de chaleur ; ce choix a un impact important sur les temps et les co\u00fbts d&#8217;emballage, mais si l&rsquo;on veut des produits performants, il faut faire ces choix.<\/p>\n<p>TOUS ces d\u00e9tails font la diff\u00e9rence dans l&rsquo;utilisation et justifient les prix de la R&amp;D et du MADE IN ITALY (nos principaux concurrents font fabriquer leurs produits en CHINE et en AFRIQUE DU NORD \u00e0 bas prix).<\/p>\n<p><iframe loading=\"lazy\" title=\"SAC DE COUCHAGE OU QUILT ULTRA-L\u00c9GER - 850 CUIN ( FILL POWER )\" width=\"980\" height=\"551\" src=\"https:\/\/www.youtube.com\/embed\/3Fm7bCQhEhs?feature=oembed\" frameborder=\"0\" allow=\"accelerometer; autoplay; clipboard-write; encrypted-media; gyroscope; picture-in-picture; web-share\" referrerpolicy=\"strict-origin-when-cross-origin\" allowfullscreen><\/iframe><\/p>\n<p>Nous lan\u00e7ons une PRE-VENTE, comme nous l&rsquo;avons fait dans le pass\u00e9 pour d&rsquo;autres produits NBP que vous pouvez maintenant toujours trouver en stock.<\/p>\n<p>De plus, les 5 premiers clients recevront 5 PIQUETS EN FIBRE DE CARBONE GRATUITS, \u00e9galement con\u00e7us et fabriqu\u00e9s par NBP, en guise de remerciement pour la confiance que vous nous avez t\u00e9moign\u00e9e !<\/p>\n<p>Avec cette image, vous verrez les dates de lancement et la livraison pr\u00e9vue si vous atteignez au moins 5 commandes, auquel cas vous serez rembours\u00e9s ; si vous d\u00e9passez 30 PI\u00c8CES pr\u00e9command\u00e9es, vous recevrez tous une r\u00e9duction suppl\u00e9mentaire de 80\/100 \u20ac et serez rembours\u00e9s de la diff\u00e9rence.<\/p>\n<figure id=\"attachment_2316\" aria-describedby=\"caption-attachment-2316\" style=\"width: 461px\" class=\"wp-caption aligncenter\"><img loading=\"lazy\" decoding=\"async\" class=\" wp-image-2316\" src=\"https:\/\/www.newbikeproducts.com\/wp-content\/uploads\/\/PROGRAMMAPROGETTO-SACCO-A-PELO-QUILT-300x157.jpg\" alt=\"PROGRAMMA SACCO A PELO PREVENDITA\" width=\"461\" height=\"241\" srcset=\"https:\/\/www.newbikeproducts.com\/wp-content\/uploads\/PROGRAMMAPROGETTO-SACCO-A-PELO-QUILT-300x157.jpg 300w, https:\/\/www.newbikeproducts.com\/wp-content\/uploads\/PROGRAMMAPROGETTO-SACCO-A-PELO-QUILT-1024x534.jpg 1024w, https:\/\/www.newbikeproducts.com\/wp-content\/uploads\/PROGRAMMAPROGETTO-SACCO-A-PELO-QUILT-150x78.jpg 150w, https:\/\/www.newbikeproducts.com\/wp-content\/uploads\/PROGRAMMAPROGETTO-SACCO-A-PELO-QUILT-768x401.jpg 768w, https:\/\/www.newbikeproducts.com\/wp-content\/uploads\/PROGRAMMAPROGETTO-SACCO-A-PELO-QUILT-1536x802.jpg 1536w, https:\/\/www.newbikeproducts.com\/wp-content\/uploads\/PROGRAMMAPROGETTO-SACCO-A-PELO-QUILT-2048x1069.jpg 2048w, https:\/\/www.newbikeproducts.com\/wp-content\/uploads\/PROGRAMMAPROGETTO-SACCO-A-PELO-QUILT-600x313.jpg 600w\" sizes=\"auto, (max-width: 461px) 100vw, 461px\" \/><figcaption id=\"caption-attachment-2316\" class=\"wp-caption-text\">PROGRAMMA SACCO A PELO PREVENDITA<\/figcaption><\/figure>\n<div>\n<p>Achetez et ramenez \u00e0 la maison un excellent produit FABRIQU\u00c9 EN ITALIE qui vous gardera confortable et au chaud pendant vos aventures !<\/p>\n<p>POINTS FORTS<\/p>\n<p>POLYVALENT, 2 ou 3 produits en un, QUIT, DOWN QUILT COVER et variante PONCHO<\/p>\n<p>ULTRA-LEGER, excellent rapport VOLUME\/MPOIDS (850 FILL POWER) gr\u00e2ce \u00e0 la qualit\u00e9 du duvet d&rsquo;oie blanc et aux tissus techniques choisis.<\/p>\n<p>ULTRA-COMPACT et facile \u00e0 transporter, seulement 1,5 litres de volume une fois compress\u00e9 dans la housse<\/p>\n<p>MADE IN ITALY, pour maintenir localement les capacit\u00e9s techniques dans la fabrication des sacs de couchage et des doudounes.<\/p>\n<p>DONN\u00c9ES TECHNIQUES<\/p>\n<p>QUALIT\u00c9 DES PLUMES : 850 DE POUVOIR DE GONFLEMENT<\/p>\n<p>POIDS TOTAL, y compris le syst\u00e8me de fixation du matelas et la housse : 500, 450 g et 400 g VERSION 150 g poids des plumes seulement<\/p>\n<p>Poids de plumes seul : 150 , 200 ou 250 GR<\/p>\n<p>GRAMMAGE DU TISSU : 26 gr\/m2 produit par TORAY, gamme AIRTASTIC \u00ae<\/p>\n<p>COMPOSITION DU TISSU : 100 POLYAMIDE, 60 % d&rsquo;origine v\u00e9g\u00e9tale avec traitement d\u00e9perlant DWR sans PFC.<\/p>\n<p>NOMBRE DE BUDS ET HAUTEUR : 22 x 9,5 cm<\/p>\n<p>TEMP\u00c9RATURE DE CONFORT : 12,10,8<\/p>\n<p>LIMITE DE TEMP\u00c9RATURE : 8.6.4 \u00b0C<\/p>\n<p>TAILLE MAXIMALE DE L&rsquo;UTILISATEUR : 185 cm<\/p>\n<p>DIMENSIONS OUVERTES : rectangle de 210 x 120 cm<\/p>\n<p>DIMENSIONS DU BO\u00ceTIER, HAUTEUR ET DIAM\u00c8TRE : 19\/11 cm<\/p>\n<p>volume de l&rsquo;\u00e9tui : 1,5 l<\/p>\n<p>PROVENANCE : ITALIE<\/p>\n<\/div>\n<div>\n<p>&nbsp;<\/p>\n<\/div>\n<p>&nbsp;<\/p>\n<p>&nbsp;<\/p>\n","protected":false},"excerpt":{"rendered":"<p>SAC DE COUCHAGE &#8211;\u00a0 QUILT &#8211; MADE IN ITALY Afin de garantir la l\u00e9g\u00e8ret\u00e9 maximale et le volume minimal d&rsquo;un sac de couchage QUILT, nous avons utilis\u00e9 du duvet d&rsquo;oie avec un pouvoir de remplissage de 850 CUIN ( FILL POWER ) au lieu de 650\/750 pour les duvets moins chers, mais plus volumineux et [&hellip;]<\/p>\n","protected":false},"featured_media":2274,"comment_status":"open","ping_status":"closed","template":"","meta":[],"product_brand":[],"product_cat":[81],"product_tag":[454,455,456,457],"class_list":{"0":"post-2357","1":"product","2":"type-product","3":"status-publish","4":"has-post-thumbnail","6":"product_cat-bivouac-camping","7":"product_tag-850-fill-power-fr","8":"product_tag-quilt-fr","9":"product_tag-sacco-a-pelo-fr","10":"product_tag-sacco-a-pelo-ultraleggero-fr","12":"first","13":"instock","14":"shipping-taxable","15":"purchasable","16":"product-type-variable"},"tiered_pricing_type":"fixed","tiered_pricing_fixed_rules":[],"tiered_pricing_product_settings":{"layout":"default","base_unit_name":{"singular":null,"plural":null},"default_variation":null},"tiered_pricing_minimum_quantity":null,"tiered_pricing_roles_data":[],"tiered_pricing_percentage_rules":[],"_links":{"self":[{"href":"https:\/\/www.newbikeproducts.com\/fr\/wp-json\/wp\/v2\/product\/2357","targetHints":{"allow":["GET"]}}],"collection":[{"href":"https:\/\/www.newbikeproducts.com\/fr\/wp-json\/wp\/v2\/product"}],"about":[{"href":"https:\/\/www.newbikeproducts.com\/fr\/wp-json\/wp\/v2\/types\/product"}],"replies":[{"embeddable":true,"href":"https:\/\/www.newbikeproducts.com\/fr\/wp-json\/wp\/v2\/comments?post=2357"}],"wp:featuredmedia":[{"embeddable":true,"href":"https:\/\/www.newbikeproducts.com\/fr\/wp-json\/wp\/v2\/media\/2274"}],"wp:attachment":[{"href":"https:\/\/www.newbikeproducts.com\/fr\/wp-json\/wp\/v2\/media?parent=2357"}],"wp:term":[{"taxonomy":"product_brand","embeddable":true,"href":"https:\/\/www.newbikeproducts.com\/fr\/wp-json\/wp\/v2\/product_brand?post=2357"},{"taxonomy":"product_cat","embeddable":true,"href":"https:\/\/www.newbikeproducts.com\/fr\/wp-json\/wp\/v2\/product_cat?post=2357"},{"taxonomy":"product_tag","embeddable":true,"href":"https:\/\/www.newbikeproducts.com\/fr\/wp-json\/wp\/v2\/product_tag?post=2357"}],"curies":[{"name":"wp","href":"https:\/\/api.w.org\/{rel}","templated":true}]}}