{"id":2390,"date":"2024-10-08T14:22:22","date_gmt":"2025-02-06T09:39:13","guid":{"rendered":"https:\/\/www.newbikeproducts.com\/?post_type=product&#038;p=2390"},"modified":"2025-02-06T10:59:51","modified_gmt":"2025-02-06T09:59:51","slug":"insert-genouilleres-coudieres-vtt-enduro-freeride-dh-niveau2","status":"publish","type":"product","link":"https:\/\/www.newbikeproducts.com\/fr\/prodotto\/insert-genouilleres-coudieres-vtt-enduro-freeride-dh-niveau2\/","title":{"rendered":"INSERT DE GENOUILL\u00c8RES ET COUDI\u00c8RES VTT ENDURO FREERIDE DH &#8211; NIVEAU 2"},"content":{"rendered":"<h2>INSERT DE GENOUILL\u00c8RES ET COUDI\u00c8RES VTT ENDURO FREERIDE DH &#8211; NIVEAU 2<\/h2>\n<p>NEWBIKEPRODUCTS &#8211; NBP a choisi d&rsquo;utiliser ces inserts homologu\u00e9s NIVEAU 2 pour ses genouill\u00e8res et coudi\u00e8res VTT en raison de leur haute qualit\u00e9, adaptabilit\u00e9 et l\u00e9g\u00e8ret\u00e9.<\/p>\n<p>Ces inserts sont fabriqu\u00e9s en r\u00e9sine souple VISCO ELASTIC qui durcit instantan\u00e9ment lors de l&rsquo;impact, absorbant le choc.<\/p>\n<p>L&rsquo;<strong>insert de protection <\/strong>pour<strong> genoux <\/strong>et<strong> coudes<\/strong> pr\u00e9sente une structure tridimensionnelle \u00ab\u00a0TRIPLEFLEX\u00a0\u00bb qui permet la circulation de l&rsquo;air et de la vapeur gr\u00e2ce \u00e0 la pr\u00e9sence d&rsquo;interstices et de trous.<\/p>\n<p>la structure tridimensionnelle en TRIPLEFELX et les deux coupes lat\u00e9rales permettent d&rsquo;avoir une genouill\u00e8re et une coudi\u00e8re qui s&rsquo;adaptent au mieux aux diff\u00e9rentes morphologies et restent en position plus facilement.<\/p>\n<p>Le mat\u00e9riau choisi et la structure TRIPLEFLEX avec trous d&rsquo;a\u00e9ration permettent d&rsquo;obtenir un produit TR\u00c8S L\u00c9GER par rapport aux inserts utilis\u00e9s dans les genouill\u00e8res et coudi\u00e8res NIVEAU 2.<\/p>\n<p>La <strong>coque<\/strong> <strong>de protection<\/strong> ne fait que 1 cm d&rsquo;\u00e9paisseur ce qui le rend tr\u00e8s discret sous les v\u00eatements et agr\u00e9able \u00e0 porter.<\/p>\n<p>Le prix indiqu\u00e9 se r\u00e9f\u00e8re \u00e0 la paire d&rsquo;inserts.<\/p>\n<h4>POINTS FORTS<\/h4>\n<p>NIVEAU DE PROTECTION 2, meilleure absorption des chocs<\/p>\n<p>R\u00c9SINE VISCO \u00c9LASTIQUE, durcit lors de l&rsquo;impact en absorbant l&rsquo;\u00e9nergie, ne se d\u00e9truit pas, ne se fissure pas et peut toujours \u00eatre utilis\u00e9e.<\/p>\n<p>STRUCTURE TRIPLEFLEX, donc tr\u00e8s confortable et pratique, elle sera toujours port\u00e9e !<\/p>\n<p>AREATA, gr\u00e2ce aux trous et \u00e0 la construction TRIPLEFLEX<\/p>\n<p>L\u00c9GER gr\u00e2ce au choix judicieux des mat\u00e9riaux et du type de construction<\/p>\n<p>\u00c9THIQUE made in EUROPE (BULGARIE).<\/p>\n<h4>INFORMATIONS TECHNIQUES<\/h4>\n<p>POIDS : 165 g par paire<\/p>\n<p>DIMENSIONS DE L&rsquo;INSERT\u00a0: env. 253\/163\/10mm<\/p>\n<p>NIVEAU DE PROTECTION\u00a0:\u00a02<\/p>\n<p>COMPOSITION DE L&rsquo;INSERT DE PROTECTION : r\u00e9sine thermoplastique<\/p>\n<p>ORIGINE : BULGARIE<\/p>\n","protected":false},"excerpt":{"rendered":"<p>INSERT DE GENOUILL\u00c8RES ET COUDI\u00c8RES VTT ENDURO FREERIDE DH &#8211; NIVEAU 2 NEWBIKEPRODUCTS &#8211; NBP a choisi d&rsquo;utiliser ces inserts homologu\u00e9s NIVEAU 2 pour ses genouill\u00e8res et coudi\u00e8res VTT en raison de leur haute qualit\u00e9, adaptabilit\u00e9 et l\u00e9g\u00e8ret\u00e9. Ces inserts sont fabriqu\u00e9s en r\u00e9sine souple VISCO ELASTIC qui durcit instantan\u00e9ment lors de l&rsquo;impact, absorbant le [&hellip;]<\/p>\n","protected":false},"featured_media":1489,"comment_status":"open","ping_status":"closed","template":"","meta":[],"product_brand":[],"product_cat":[364],"product_tag":[475,476,477,478,479],"class_list":{"0":"post-2390","1":"product","2":"type-product","3":"status-publish","4":"has-post-thumbnail","6":"product_cat-protections-vtt","7":"product_tag-inserti-ginocchiere-fr","8":"product_tag-inserti-gomitiere-fr","9":"product_tag-inserti-protezioni-fr","10":"product_tag-inserto-ginocchiere-nbp-fr","11":"product_tag-inserto-gomitiera-nbp-fr","13":"first","14":"instock","15":"shipping-taxable","16":"purchasable","17":"product-type-simple"},"tiered_pricing_type":"fixed","tiered_pricing_fixed_rules":[],"tiered_pricing_product_settings":{"layout":"default","base_unit_name":{"singular":null,"plural":null},"default_variation":null},"tiered_pricing_minimum_quantity":null,"tiered_pricing_roles_data":[],"tiered_pricing_percentage_rules":[],"_links":{"self":[{"href":"https:\/\/www.newbikeproducts.com\/fr\/wp-json\/wp\/v2\/product\/2390","targetHints":{"allow":["GET"]}}],"collection":[{"href":"https:\/\/www.newbikeproducts.com\/fr\/wp-json\/wp\/v2\/product"}],"about":[{"href":"https:\/\/www.newbikeproducts.com\/fr\/wp-json\/wp\/v2\/types\/product"}],"replies":[{"embeddable":true,"href":"https:\/\/www.newbikeproducts.com\/fr\/wp-json\/wp\/v2\/comments?post=2390"}],"wp:featuredmedia":[{"embeddable":true,"href":"https:\/\/www.newbikeproducts.com\/fr\/wp-json\/wp\/v2\/media\/1489"}],"wp:attachment":[{"href":"https:\/\/www.newbikeproducts.com\/fr\/wp-json\/wp\/v2\/media?parent=2390"}],"wp:term":[{"taxonomy":"product_brand","embeddable":true,"href":"https:\/\/www.newbikeproducts.com\/fr\/wp-json\/wp\/v2\/product_brand?post=2390"},{"taxonomy":"product_cat","embeddable":true,"href":"https:\/\/www.newbikeproducts.com\/fr\/wp-json\/wp\/v2\/product_cat?post=2390"},{"taxonomy":"product_tag","embeddable":true,"href":"https:\/\/www.newbikeproducts.com\/fr\/wp-json\/wp\/v2\/product_tag?post=2390"}],"curies":[{"name":"wp","href":"https:\/\/api.w.org\/{rel}","templated":true}]}}