{"id":241,"date":"2021-11-26T14:58:02","date_gmt":"2021-11-26T13:58:02","guid":{"rendered":"https:\/\/www.newbikeproducts.com\/prodotto\/porta-cartina\/"},"modified":"2023-09-03T07:25:08","modified_gmt":"2023-09-03T05:25:08","slug":"porte-carte","status":"publish","type":"product","link":"https:\/\/www.newbikeproducts.com\/fr\/prodotto\/porte-carte\/","title":{"rendered":"Porte carte"},"content":{"rendered":"<h2>PORTE CARTE pour vos voyages \u00e0 v\u00e9lo en MTB, FAT BIKE, ou v\u00e9lo gravel!<\/h2>\n<p>Partirez vous en vacances uniquement avec une CARTE DE CR\u00c9DIT et sans un peu de monnaie ?<br \/>\nNBP NON ! Voil\u00e0 porquoi nous avons cr\u00e9\u00e9 ce <strong>porte-carte<\/strong> et <strong>telephone<\/strong>, malgr\u00e9 le d\u00e9veloppement du GPS.<\/p>\n<p>La technologie est une bonne chose, mais si elle ne fonctionne plus ou si la batterie est d\u00e9charg\u00e9e, disposer d&rsquo;une carte papier est un SECURITE et vous \u00e9vitez de g\u00e2cher vos vacancdes!<\/p>\n<p>Vous pouvez imprimer votre trace en utilisant un fond de carte et l&rsquo;\u00e9chelle de votre choix ; trouve comment!<\/p>\n<p>Gr\u00e2ce au syst\u00e8me de accrochage, vous pouvez facilement orienter la carte et consulter les deux c\u00f4t\u00e9s.<\/p>\n<p>En plus de la poche pour ins\u00e9rer les cartes, il y a deux poches pour ins\u00e9rer, par exemple, la carte de cr\u00e9dit et une autre poche pour ins\u00e9rer le t\u00e9l\u00e9phone portable au cas o\u00f9 vous voudriez l&rsquo;utiliser comme support de t\u00e9l\u00e9phone.<\/p>\n<p>Il peut \u00e9galement \u00eatre utilis\u00e9 comme porte-\u00e9tiquette de course ou d&rsquo;\u00e9v\u00e9nement sportif en \u00e9vitant l&rsquo;utilisation de pinces et de pinces pour le d\u00e9tacher!<\/p>\n<h3>POINTS FORTS<\/h3>\n<p>PAS DE D\u00c9PENDANCE \u00c9NERG\u00c9TIQUE &#8211; pas de stress de recharger, inutile de transporter de lourdes batteries de soutien<\/p>\n<p>LISIBILIT\u00c9 EXCELLENTE &#8211; sous le soleil et sur un petit \u00e9cran il est difficile de lire<\/p>\n<p>FACILE \u00c0 FIXER grace au systeme a sangle et clips<\/p>\n<p>ADAPT\u00c9 \u00c0 TOUS LES TYPES DE V\u00c9LOS<\/p>\n<p>Possibilit\u00e9 d&rsquo;ins\u00e9rer le t\u00e9l\u00e9phone portable dans une poche sp\u00e9ciale<\/p>\n<h3>INFORMATION TECHNIQUES<\/h3>\n<p>BO\u00ceTIER : enti\u00e8rement thermosoud\u00e9 et sans coutures en PVC de qualit\u00e9 et transparent ; Syst\u00e8me de verrouillage de rail \u00c9TANCHE<\/p>\n<p>POIDS : 60 gr<\/p>\n<p>TAILLE : FORMAT PAPIER A5<\/p>\n<p>ORIGINE: ITALIE<\/p>\n","protected":false},"excerpt":{"rendered":"<p>Porte-cartes \u00e9tanche en PVC<\/p>\n","protected":false},"featured_media":434,"comment_status":"open","ping_status":"closed","template":"","meta":[],"product_brand":[],"product_cat":[100,82],"product_tag":[102,103,101,104],"class_list":{"0":"post-241","1":"product","2":"type-product","3":"status-publish","4":"has-post-thumbnail","6":"product_cat-non-classe","7":"product_cat-sacoche-de-voyage-et-sacs-a-dos","8":"product_tag-porte-carter","9":"product_tag-porte-carte-etanche","10":"product_tag-porte-map","11":"product_tag-support-etanche-pour-telephone-portable","12":"product_shipping_class-collissimo-jusqua-0-250","14":"first","15":"instock","16":"sale","17":"shipping-taxable","18":"purchasable","19":"product-type-simple"},"tiered_pricing_type":"fixed","tiered_pricing_fixed_rules":[],"tiered_pricing_product_settings":{"layout":"default","base_unit_name":{"singular":null,"plural":null},"default_variation":null},"tiered_pricing_minimum_quantity":null,"tiered_pricing_roles_data":[],"tiered_pricing_percentage_rules":[],"_links":{"self":[{"href":"https:\/\/www.newbikeproducts.com\/fr\/wp-json\/wp\/v2\/product\/241","targetHints":{"allow":["GET"]}}],"collection":[{"href":"https:\/\/www.newbikeproducts.com\/fr\/wp-json\/wp\/v2\/product"}],"about":[{"href":"https:\/\/www.newbikeproducts.com\/fr\/wp-json\/wp\/v2\/types\/product"}],"replies":[{"embeddable":true,"href":"https:\/\/www.newbikeproducts.com\/fr\/wp-json\/wp\/v2\/comments?post=241"}],"wp:featuredmedia":[{"embeddable":true,"href":"https:\/\/www.newbikeproducts.com\/fr\/wp-json\/wp\/v2\/media\/434"}],"wp:attachment":[{"href":"https:\/\/www.newbikeproducts.com\/fr\/wp-json\/wp\/v2\/media?parent=241"}],"wp:term":[{"taxonomy":"product_brand","embeddable":true,"href":"https:\/\/www.newbikeproducts.com\/fr\/wp-json\/wp\/v2\/product_brand?post=241"},{"taxonomy":"product_cat","embeddable":true,"href":"https:\/\/www.newbikeproducts.com\/fr\/wp-json\/wp\/v2\/product_cat?post=241"},{"taxonomy":"product_tag","embeddable":true,"href":"https:\/\/www.newbikeproducts.com\/fr\/wp-json\/wp\/v2\/product_tag?post=241"}],"curies":[{"name":"wp","href":"https:\/\/api.w.org\/{rel}","templated":true}]}}