{"id":245,"date":"2021-11-23T18:21:28","date_gmt":"2021-11-23T17:21:28","guid":{"rendered":"https:\/\/www.newbikeproducts.com\/prodotto\/pochette-pour-arseaux-et-piquets\/"},"modified":"2026-01-24T19:23:22","modified_gmt":"2026-01-24T18:23:22","slug":"pochette-cadre-vtt-pour-arceaux-et-piquets","status":"publish","type":"product","link":"https:\/\/www.newbikeproducts.com\/fr\/prodotto\/pochette-cadre-vtt-pour-arceaux-et-piquets\/","title":{"rendered":"POCHETTE DE CADRE  VTT"},"content":{"rendered":"<h3 class=\"caption\">POCHETTE DE CADRE\u00a0 VTT &#8211; TOP TUBE<\/h3>\n<p>Nous avons cr\u00e9\u00e9 pour les voyageurs les plus exigeants une <strong>sacoche de cadre<\/strong> D\u00c9DI\u00c9E au transport des ARCEAUX et PIQUETS ou SARDINES de la tente.<\/p>\n<p>La pochette a \u00e9t\u00e9 con\u00e7ue pour \u00e9viter les interf\u00e9rences avec le porte-bidon et les amortisseurs des cadres VTT, la pochette s&rsquo;ins\u00e8re donc facilement \u00e0 l&rsquo;int\u00e9rieur du cadre ou sur le tube sup\u00e9rieur.<\/p>\n<p>La <strong>pochette v\u00e9lo<\/strong> reste tr\u00e8s compacte et discr\u00e8te, avec seulement 30 g contre les 200\/300 g des concurrents, vous ne trouverez rien de plus l\u00e9ger.<\/p>\n<p>NBP a choisi un tissu \u00e9lastique identique \u00e0 celui de la sacoche de cadre de 16 litres, \u00e0 la seule diff\u00e9rence que les coutures ne sont pas thermocoll\u00e9es, car l&rsquo;imperm\u00e9abilit\u00e9 n&rsquo;est pas n\u00e9cessaire pour contenir des piquets et des arceaux.<\/p>\n<p>L&rsquo;installation sur le cadre est facilit\u00e9e gr\u00e2ce au tissu \u00e9lastique et aux deux bandes velcro.<\/p>\n<p>Les fermetures \u00e9clair sont fragiles, v\u00e9ritable point faible , si nous le pouvons nous les \u00e9vitons; c&rsquo;est pourquoi nous avons pr\u00e9f\u00e9r\u00e9 un syst\u00e8me velcro.<\/p>\n<p>\u00c0 l&rsquo;avenir, nous pr\u00e9voyons d&rsquo;offrir plusieurs tailles pour le m\u00eame article; si vous avez des besoins particuliers veuillez nous en informer.<\/p>\n<p>Si vous souhaitez voyager en VTT\u00a0 sans perdre le plaisir de conduire, nous vous conseillons de n&rsquo;acheter que des tentes de camping COMPACTES \u00e0 arceaux courts (&lt;32 cm). Cela permet d&rsquo;ins\u00e9rer les arceaux \u00e0 l&rsquo;int\u00e9rieur du cadre et non dans la sacoche de guidon qui interf\u00e8re avec les c\u00e2bles de frein et de vitesse et peut provoquer des oscillations D\u00c9SAGR\u00c9ABLES.<\/p>\n<p>De plus la sacoche de guidon masque la vue sur la roue avant.<\/p>\n<p>Ci-dessous vous trouverez une vid\u00e9o explicative de la petite sacoche NBP, n&rsquo;h\u00e9sitez pas \u00e0 la partager avec les personnes qui pourraient \u00eatre int\u00e9ress\u00e9es.<\/p>\n<p><iframe loading=\"lazy\" title=\"borse bikepacking NBP - astuccio paleria tenda ideale per MTB\" width=\"980\" height=\"735\" src=\"https:\/\/www.youtube.com\/embed\/oAx6sO2Va0Y?feature=oembed\" frameborder=\"0\" allow=\"accelerometer; autoplay; clipboard-write; encrypted-media; gyroscope; picture-in-picture\" allowfullscreen><\/iframe><\/p>\n<h3>POINTS FORTS<\/h3>\n<p>TR\u00c8S L\u00c9G\u00c8RE, seulement 30 g contre 200\/300 g de produits \u00e9quivalents<\/p>\n<p>TISSU \u00c9LASTIQUE ET ANTID\u00c9RAPANT pour une plus grande adaptabilit\u00e9 au cadre et au contenu<\/p>\n<p>RAPIDE ET PRATIQUE \u00c0 FIXER, gr\u00e2ce au syst\u00e8me velcro<\/p>\n<h4>INFORMATIONS TECHNIQUES<\/h4>\n<p>COMPOSITION: 75 % polyamide, 25 % \u00e9lasthanne + enduit POLYUR\u00c9THANE ; 215g\/m2<\/p>\n<p>POIDS : 30 gr<\/p>\n<p>TAILLE : 32x5x2 cm<\/p>\n<p>ORIGINE: ITALIE<\/p>\n<h4>ENTRETIEN ET INSTRUCTIONS<\/h4>\n<p>Gr\u00e2ce au rev\u00eatement en polyur\u00e9thane, les sacoches NBP sont faciles \u00e0 nettoyer, il suffit d&rsquo;utiliser de l&rsquo;eau et une \u00e9ponge; laissez les bien s\u00e9cher et rangez les dans un endroit sec.<\/p>\n","protected":false},"excerpt":{"rendered":"<p><strong>POCHETTE VTT PORTE ARCEAUX TENTE &#8211;\u00a0( 30 GR &#8211; 32x5x2 cm )<\/strong><\/p>\n","protected":false},"featured_media":395,"comment_status":"open","ping_status":"closed","template":"","meta":[],"product_brand":[],"product_cat":[83,82],"product_tag":[115,113,118,112,117,114,116],"class_list":{"0":"post-245","1":"product","2":"type-product","3":"status-publish","4":"has-post-thumbnail","6":"product_cat-sacoche-de-cadre","7":"product_cat-sacoche-de-voyage-et-sacs-a-dos","8":"product_tag-pochette-pour-arseaux-et-piquets-tente","9":"product_tag-sacoche-bikepacking","10":"product_tag-sacoche-de-cadre-bikepacking","11":"product_tag-sacoche-de-cadre-nbp","12":"product_tag-sacoches-bikepacking","13":"product_tag-sacoches-de-cadre","14":"product_tag-sacoches-de-cadre-nbp","16":"first","17":"instock","18":"sale","19":"shipping-taxable","20":"purchasable","21":"product-type-simple"},"tiered_pricing_type":"fixed","tiered_pricing_fixed_rules":[],"tiered_pricing_product_settings":{"layout":"default","base_unit_name":{"singular":null,"plural":null},"default_variation":null},"tiered_pricing_minimum_quantity":null,"tiered_pricing_roles_data":[],"tiered_pricing_percentage_rules":[],"_links":{"self":[{"href":"https:\/\/www.newbikeproducts.com\/fr\/wp-json\/wp\/v2\/product\/245","targetHints":{"allow":["GET"]}}],"collection":[{"href":"https:\/\/www.newbikeproducts.com\/fr\/wp-json\/wp\/v2\/product"}],"about":[{"href":"https:\/\/www.newbikeproducts.com\/fr\/wp-json\/wp\/v2\/types\/product"}],"replies":[{"embeddable":true,"href":"https:\/\/www.newbikeproducts.com\/fr\/wp-json\/wp\/v2\/comments?post=245"}],"wp:featuredmedia":[{"embeddable":true,"href":"https:\/\/www.newbikeproducts.com\/fr\/wp-json\/wp\/v2\/media\/395"}],"wp:attachment":[{"href":"https:\/\/www.newbikeproducts.com\/fr\/wp-json\/wp\/v2\/media?parent=245"}],"wp:term":[{"taxonomy":"product_brand","embeddable":true,"href":"https:\/\/www.newbikeproducts.com\/fr\/wp-json\/wp\/v2\/product_brand?post=245"},{"taxonomy":"product_cat","embeddable":true,"href":"https:\/\/www.newbikeproducts.com\/fr\/wp-json\/wp\/v2\/product_cat?post=245"},{"taxonomy":"product_tag","embeddable":true,"href":"https:\/\/www.newbikeproducts.com\/fr\/wp-json\/wp\/v2\/product_tag?post=245"}],"curies":[{"name":"wp","href":"https:\/\/api.w.org\/{rel}","templated":true}]}}