{"id":251,"date":"2021-11-24T10:30:54","date_gmt":"2021-11-24T09:30:54","guid":{"rendered":"https:\/\/www.newbikeproducts.com\/prodotto\/maillot-velo-en-laine-merinos\/"},"modified":"2021-12-29T09:14:48","modified_gmt":"2021-12-29T08:14:48","slug":"maillot-velo-en-laine-merinos","status":"publish","type":"product","link":"https:\/\/www.newbikeproducts.com\/fr\/prodotto\/maillot-velo-en-laine-merinos\/","title":{"rendered":"Maillot v\u00e9lo en laine merinos"},"content":{"rendered":"<h2>T-SHIRT TECHNIQUE ET THERMIQUE EN LAINE MERINOS<\/h2>\n<p>NEWBIKEPRODUCTS pr\u00e9f\u00e8re les fibres naturelles telles que la LAINE par rapport aux fibres synth\u00e9tiques pour des questions TECHNIQUES et \u00c9COLOGIQUES.<\/p>\n<p>D&rsquo;un point de vue technique, la <strong>LAINE MERINOS<\/strong> garantit une excellente r\u00e9gulation de la temp\u00e9rature du corps, vous garde au frais pendant l&rsquo;\u00e9t\u00e9 et maintient la chaleur pendant l&rsquo;hiver.<\/p>\n<p>Le <strong>maillot v\u00e9lo en laine m\u00e9rinos<\/strong> est DOUX et L\u00c9GER gr\u00e2ce \u00e0 la structure de ses fibres, il vous garantit un grand confort.<\/p>\n<p>La propriet\u00e0 <em>antibatterica<\/em> della lana limita l&rsquo;insorgenza di <em>cattivi odor<\/em><strong>i,<\/strong> aspetto non trascurabile per chi viaggia per pi\u00f9 giorni, non avendo magari la possibilit\u00e0 di lavare spesso.<\/p>\n<p>De plus, du point de vue \u00c9COLOGIQUE, la laine est biod\u00e9gradable et renouvelable!<\/p>\n<p>Nous avons choisi la TECHNOLOGIE SEAMLESS pour garantir un EXCELLENT ajustement gr\u00e2ce \u00e0 la r\u00e9duction de la pr\u00e9sence des coutures.<\/p>\n<p>Ce\u00a0maillot cycliste laine merinos est construit sur des m\u00e9tiers circulaires de mani\u00e8re \u00e0 obtenir un tissu tridimensionnel; l&rsquo;utilisation de 2% d&rsquo;\u00e9lasthanne permet de donner une structure et de maintenir sa forme dans le temps;3% polyamide donne une plus grande r\u00e9sistance que les produits 100% laine m\u00e9rinos.<\/p>\n<p>De plus, il est possible d&rsquo;ajuster l&rsquo;\u00e9paisseur et de modifier la structure du tissu dans des zones sp\u00e9cifiques, ce qui n&rsquo;est pas possible \u00e0 partir du tissu bidimensionnel, \u00e0 moins d&rsquo; utiliser des tissus diff\u00e9rents augmentant n\u00e9cessairement les coutures, les temps de production et les co\u00fbts.<\/p>\n<p>Vous pouvez choisir entre deux types de cols, selon vos go\u00fbts et votre utilisation; si vous utilisez un pull en laine m\u00e9rinos en hiver, le col roul\u00e9 est recommand\u00e9.<\/p>\n<p>Vous pouvez l\u2019utiliser pour de nombreuses activit\u00e9s de plein air telles que la randonn\u00e9e, le ski alpinisme, les d\u00e9placements \u00e0 v\u00e9lo ou en VTT, v\u00e9lo TAF, trail running en montagne.<\/p>\n<p>POINTS FORTS<\/p>\n<p>CONFORT MAXIMAL gr\u00e2ce \u00e0 la douceur de la laine m\u00e9rinos et \u00e0 la construction tubulaire sans couture.<\/p>\n<p>EXCELLENTE R\u00c9GULATION de l&rsquo;humidit\u00e9 et de la temp\u00e9rature gr\u00e2ce aux fibres et aux propri\u00e9t\u00e9s de la laine m\u00e9rinos.<\/p>\n<p>R\u00c9DUCTIONS DES ODEURS ET PROLIF\u00c9RATIONS DES BACT\u00c9RIES gr\u00e2ce aux propri\u00e9t\u00e9s antibact\u00e9riennes de la laine.<\/p>\n<p>L\u00c9GER ET FACILE \u00c0 S\u00c9CHER<\/p>\n<p>LOGO NBP R\u00c9FL\u00c9CHISSANT pour une meilleure visibilit\u00e9 la nuit<br \/>\nINFORMATIONS TECHNIQUES<\/p>\n<p>COULEURS: noir<\/p>\n<p>COMPOSITION: 95% laine merino, 3% polyammide e 2% elasthanne<\/p>\n<p>POIDS : 200 gr (\u00a0taille L\/XL )<\/p>\n<p>GRAMMAGE: 200 gr\/m2<\/p>\n<p>TAILLES : S\/M, L\/XL, 2XL\/3XL<\/p>\n<p>ORIGINE: ITALIE<\/p>\n","protected":false},"excerpt":{"rendered":"<p>maillot de cyclisme en laine m\u00e9rinos<\/p>\n","protected":false},"featured_media":555,"comment_status":"open","ping_status":"closed","template":"","meta":[],"product_brand":[],"product_cat":[79,80],"product_tag":[254,255,253,251,257,247],"class_list":{"0":"post-251","1":"product","2":"type-product","3":"status-publish","4":"has-post-thumbnail","6":"product_cat-vetements-cycle","7":"product_cat-vetements-en-laine-merinos","8":"product_tag-maillot-de-cyclisme-en-laine-merinos","9":"product_tag-maniche-lunghe-in-lana-merino","10":"product_tag-maillot-vtt-en-laine-merinos","11":"product_tag-ous-vetement-en-laine-merinos","12":"product_tag-veste-thermique-en-laine-merinos","13":"product_tag-vetements-de-cyclisme-en-laine-merinos","14":"product_shipping_class-collissimo-jusqua-0-250","16":"first","17":"instock","18":"shipping-taxable","19":"purchasable","20":"product-type-variable"},"tiered_pricing_type":"fixed","tiered_pricing_fixed_rules":[],"tiered_pricing_product_settings":{"layout":"default","base_unit_name":{"singular":null,"plural":null},"default_variation":null},"tiered_pricing_minimum_quantity":null,"tiered_pricing_roles_data":[],"tiered_pricing_percentage_rules":[],"_links":{"self":[{"href":"https:\/\/www.newbikeproducts.com\/fr\/wp-json\/wp\/v2\/product\/251","targetHints":{"allow":["GET"]}}],"collection":[{"href":"https:\/\/www.newbikeproducts.com\/fr\/wp-json\/wp\/v2\/product"}],"about":[{"href":"https:\/\/www.newbikeproducts.com\/fr\/wp-json\/wp\/v2\/types\/product"}],"replies":[{"embeddable":true,"href":"https:\/\/www.newbikeproducts.com\/fr\/wp-json\/wp\/v2\/comments?post=251"}],"wp:featuredmedia":[{"embeddable":true,"href":"https:\/\/www.newbikeproducts.com\/fr\/wp-json\/wp\/v2\/media\/555"}],"wp:attachment":[{"href":"https:\/\/www.newbikeproducts.com\/fr\/wp-json\/wp\/v2\/media?parent=251"}],"wp:term":[{"taxonomy":"product_brand","embeddable":true,"href":"https:\/\/www.newbikeproducts.com\/fr\/wp-json\/wp\/v2\/product_brand?post=251"},{"taxonomy":"product_cat","embeddable":true,"href":"https:\/\/www.newbikeproducts.com\/fr\/wp-json\/wp\/v2\/product_cat?post=251"},{"taxonomy":"product_tag","embeddable":true,"href":"https:\/\/www.newbikeproducts.com\/fr\/wp-json\/wp\/v2\/product_tag?post=251"}],"curies":[{"name":"wp","href":"https:\/\/api.w.org\/{rel}","templated":true}]}}