{"id":2533,"date":"2025-04-18T13:45:21","date_gmt":"2025-04-18T11:45:21","guid":{"rendered":"https:\/\/www.newbikeproducts.com\/?post_type=product&#038;p=2533"},"modified":"2026-04-10T12:39:32","modified_gmt":"2026-04-10T10:39:32","slug":"cuissard-vtt-cyclisme-avec-protection-hanches-niveau2","status":"publish","type":"product","link":"https:\/\/www.newbikeproducts.com\/fr\/prodotto\/cuissard-vtt-cyclisme-avec-protection-hanches-niveau2\/","title":{"rendered":"CUISSARD VTT CYCLISME AVEC PROTECTEURS DES HANCHES AMOVIBILES"},"content":{"rendered":"<h2>Cuissard VTT CYCLISME avec protections hances \/ f\u00e9mur amovibles de niveau 2.<\/h2>\n<p>NEWBIKEPRODUCTS a r\u00e9ussi \u00e0 fabriquer un <strong>cuissard VTT<\/strong> avec un niveau de confort \u00e9lev\u00e9 gr\u00e2ce \u00e0 un mod\u00e8le OPTIMAL, des tissus de qualit\u00e9 et le choix du coussinet de la soci\u00e9t\u00e9 italienne bien connue ELASTIC INTERFACE.<\/p>\n<figure id=\"attachment_2761\" aria-describedby=\"caption-attachment-2761\" style=\"width: 300px\" class=\"wp-caption aligncenter\"><img loading=\"lazy\" decoding=\"async\" class=\"size-medium wp-image-2761\" src=\"https:\/\/www.newbikeproducts.com\/wp-content\/uploads\/cuissard-VTT-avec-protection-NBP-1-300x300.jpg\" alt=\"sous-pantalon avec protections aux hanches et aux f\u00e9mur\" width=\"300\" height=\"300\" srcset=\"https:\/\/www.newbikeproducts.com\/wp-content\/uploads\/cuissard-VTT-avec-protection-NBP-1-300x300.jpg 300w, https:\/\/www.newbikeproducts.com\/wp-content\/uploads\/cuissard-VTT-avec-protection-NBP-1-150x150.jpg 150w, https:\/\/www.newbikeproducts.com\/wp-content\/uploads\/cuissard-VTT-avec-protection-NBP-1-768x768.jpg 768w, https:\/\/www.newbikeproducts.com\/wp-content\/uploads\/cuissard-VTT-avec-protection-NBP-1-600x600.jpg 600w, https:\/\/www.newbikeproducts.com\/wp-content\/uploads\/cuissard-VTT-avec-protection-NBP-1-100x100.jpg 100w, https:\/\/www.newbikeproducts.com\/wp-content\/uploads\/cuissard-VTT-avec-protection-NBP-1-50x50.jpg 50w, https:\/\/www.newbikeproducts.com\/wp-content\/uploads\/cuissard-VTT-avec-protection-NBP-1.jpg 1024w\" sizes=\"auto, (max-width: 300px) 100vw, 300px\" \/><figcaption id=\"caption-attachment-2761\" class=\"wp-caption-text\">sous-pantalon avec protections aux hanches et aux f\u00e9mur<\/figcaption><\/figure>\n<p>Au cours de la phase de test, nous avons essay\u00e9 plusieurs peaux de chamois et avons constat\u00e9 des diff\u00e9rences notables en termes de confort ; nous avons finalement opt\u00e9 pour le mod\u00e8le <strong>MTB TRAIL<\/strong> d&rsquo;<strong>ELASTIC INTERFACE<\/strong>, qui pr\u00e9sente diff\u00e9rentes \u00e9paisseurs et densit\u00e9s de mat\u00e9riaux en fonction des zones de contact avec la selle.<\/p>\n<figure id=\"attachment_2554\" aria-describedby=\"caption-attachment-2554\" style=\"width: 300px\" class=\"wp-caption aligncenter\"><img loading=\"lazy\" decoding=\"async\" class=\"size-medium wp-image-2554\" src=\"https:\/\/www.newbikeproducts.com\/wp-content\/uploads\/FONDELLO-BICI-MTB-TRAIL-ELASTIC-INTERFACE-300x300.jpg\" alt=\"FONDELLO BICI MTB TRAIL \" width=\"300\" height=\"300\" srcset=\"https:\/\/www.newbikeproducts.com\/wp-content\/uploads\/FONDELLO-BICI-MTB-TRAIL-ELASTIC-INTERFACE-300x300.jpg 300w, https:\/\/www.newbikeproducts.com\/wp-content\/uploads\/FONDELLO-BICI-MTB-TRAIL-ELASTIC-INTERFACE-150x150.jpg 150w, https:\/\/www.newbikeproducts.com\/wp-content\/uploads\/FONDELLO-BICI-MTB-TRAIL-ELASTIC-INTERFACE-768x768.jpg 768w, https:\/\/www.newbikeproducts.com\/wp-content\/uploads\/FONDELLO-BICI-MTB-TRAIL-ELASTIC-INTERFACE-600x600.jpg 600w, https:\/\/www.newbikeproducts.com\/wp-content\/uploads\/FONDELLO-BICI-MTB-TRAIL-ELASTIC-INTERFACE-100x100.jpg 100w, https:\/\/www.newbikeproducts.com\/wp-content\/uploads\/FONDELLO-BICI-MTB-TRAIL-ELASTIC-INTERFACE-50x50.jpg 50w, https:\/\/www.newbikeproducts.com\/wp-content\/uploads\/FONDELLO-BICI-MTB-TRAIL-ELASTIC-INTERFACE.jpg 1024w\" sizes=\"auto, (max-width: 300px) 100vw, 300px\" \/><figcaption id=\"caption-attachment-2554\" class=\"wp-caption-text\">cussin VTT MTB TRAIL<\/figcaption><\/figure>\n<p>Le cuissard MTB Trail a une courbure multidirectionnelle qui permet un ajustement parfait et donne au cycliste une libert\u00e9 de mouvement maximale gr\u00e2ce \u00e0 ses ailes en tissu.<\/p>\n<p>Un canal central r\u00e9duit l&rsquo;engourdissement et la pression sur la zone p\u00e9rin\u00e9ale et maintient une circulation sanguine stable.<\/p>\n<p>La zone ischiatique a \u00e9t\u00e9 renforc\u00e9e avec le mat\u00e9riau sp\u00e9cial Hybrid Cell System, un syst\u00e8me exclusif ELASTIC INTERFACE avec une structure cellulaire mixte qui fournit un retour \u00e9lastique incroyable. Gr\u00e2ce \u00e0 cela, le rembourrage est beaucoup plus l\u00e9ger et plus fin qu&rsquo;un gel et est \u00e9galement beaucoup plus r\u00e9sistant \u00e0 l&rsquo;usure et respirant.<\/p>\n<figure id=\"attachment_2575\" aria-describedby=\"caption-attachment-2575\" style=\"width: 300px\" class=\"wp-caption aligncenter\"><img loading=\"lazy\" decoding=\"async\" class=\"size-medium wp-image-2575\" src=\"https:\/\/www.newbikeproducts.com\/wp-content\/uploads\/MTB-TRAIL-fondello-FOAMS-300x145.jpg\" alt=\"FONDELLO MTB TRAIL ELASTIC INTERFACE\" width=\"300\" height=\"145\" srcset=\"https:\/\/www.newbikeproducts.com\/wp-content\/uploads\/MTB-TRAIL-fondello-FOAMS-300x145.jpg 300w, https:\/\/www.newbikeproducts.com\/wp-content\/uploads\/MTB-TRAIL-fondello-FOAMS-150x72.jpg 150w, https:\/\/www.newbikeproducts.com\/wp-content\/uploads\/MTB-TRAIL-fondello-FOAMS.jpg 566w\" sizes=\"auto, (max-width: 300px) 100vw, 300px\" \/><figcaption id=\"caption-attachment-2575\" class=\"wp-caption-text\">FONDELLO MTB TRAIL ELASTIC INTERFACE<\/figcaption><\/figure>\n<p>Les diff\u00e9rentes \u00e9paisseurs et densit\u00e9s assurent un confort maximal.<\/p>\n<p>C&rsquo;est pourquoi il est particuli\u00e8rement appr\u00e9ci\u00e9 par certains grands sp\u00e9cialistes de l&rsquo;ultra-cyclisme, car il offre un excellent confort m\u00eame apr\u00e8s de nombreuses heures de v\u00e9lo.<\/p>\n<p>Les mat\u00e9riaux choisis ne cr\u00e9ent pas d&rsquo;irritation sur la peau et vous pouvez rouler pendant des heures.<\/p>\n<p>La pr\u00e9sence de trous am\u00e9liore la respirabilit\u00e9 et vous n&rsquo;aurez pas la sensation de transpiration.<\/p>\n<p>CHOIX DES PROTECTIONS<\/p>\n<p>NBP vous offre la possibilit\u00e9 de choisir entre deux types d&rsquo;inserts de protection, tous deux de niveau de protection 2, qui est le plus \u00e9lev\u00e9 que vous puissiez trouver.<\/p>\n<p>Si vous recherchez une protection plus A\u00c9R\u00c9E mais l\u00e9g\u00e8rement moins protectrice, optez pour l&rsquo;\u00c9LASTOM\u00c8RE THERMOPLASTIQUE (TPE) ; si vous recherchez PLUS DE PROTECTION et de L\u00c9G\u00c8RET\u00c9, optez pour la R\u00c9SINE VISCO\u00c9LASTIQUE \u00e0 base de PU. (2,7 kN de diff\u00e9rence en termes de force r\u00e9siduelle)<\/p>\n<p>En termes de confort, il n&rsquo;y a pas de diff\u00e9rence perceptible entre les deux inserts pour les hanches\/f\u00e9murs.<\/p>\n<figure id=\"attachment_2903\" aria-describedby=\"caption-attachment-2903\" style=\"width: 300px\" class=\"wp-caption aligncenter\"><img loading=\"lazy\" decoding=\"async\" class=\"size-medium wp-image-2903\" src=\"https:\/\/www.newbikeproducts.com\/wp-content\/uploads\/cuissard-vtt-coque-anche-femur-betac-sastec-300x300.jpg\" alt=\"Coques de protections pour les hanches et les cuisses, \u00e0 int\u00e9grer dans les sous-pantalons de VTT ENDURO\" width=\"300\" height=\"300\" srcset=\"https:\/\/www.newbikeproducts.com\/wp-content\/uploads\/cuissard-vtt-coque-anche-femur-betac-sastec-300x300.jpg 300w, https:\/\/www.newbikeproducts.com\/wp-content\/uploads\/cuissard-vtt-coque-anche-femur-betac-sastec-1024x1024.jpg 1024w, https:\/\/www.newbikeproducts.com\/wp-content\/uploads\/cuissard-vtt-coque-anche-femur-betac-sastec-150x150.jpg 150w, https:\/\/www.newbikeproducts.com\/wp-content\/uploads\/cuissard-vtt-coque-anche-femur-betac-sastec-768x768.jpg 768w, https:\/\/www.newbikeproducts.com\/wp-content\/uploads\/cuissard-vtt-coque-anche-femur-betac-sastec-600x600.jpg 600w, https:\/\/www.newbikeproducts.com\/wp-content\/uploads\/cuissard-vtt-coque-anche-femur-betac-sastec-100x100.jpg 100w, https:\/\/www.newbikeproducts.com\/wp-content\/uploads\/cuissard-vtt-coque-anche-femur-betac-sastec-50x50.jpg 50w, https:\/\/www.newbikeproducts.com\/wp-content\/uploads\/cuissard-vtt-coque-anche-femur-betac-sastec.jpg 1080w\" sizes=\"auto, (max-width: 300px) 100vw, 300px\" \/><figcaption id=\"caption-attachment-2903\" class=\"wp-caption-text\">Protections pour les hanches et les cuisses, \u00e0 int\u00e9grer dans les sous-pantalons de VTT, d&rsquo;ENDURO et de BMX<\/figcaption><\/figure>\n<p>CHOISIR LA TAILLE<\/p>\n<p>Prenez un m\u00e8tre ruban ou un ruban de couturi\u00e8re et mesurez votre tour de taille, en le positionnant comme indiqu\u00e9 sur l&rsquo;image (bien en dessous du nombril et au niveau de la hanche).<\/p>\n<figure id=\"attachment_2978\" aria-describedby=\"caption-attachment-2978\" style=\"width: 300px\" class=\"wp-caption aligncenter\"><img loading=\"lazy\" decoding=\"async\" class=\"size-medium wp-image-2978\" src=\"https:\/\/www.newbikeproducts.com\/wp-content\/uploads\/TAILLES-CUISSARD-VTT-FR-3-300x300.jpg\" alt=\"choi des tailles sous-short VTT - enduro\" width=\"300\" height=\"300\" srcset=\"https:\/\/www.newbikeproducts.com\/wp-content\/uploads\/TAILLES-CUISSARD-VTT-FR-3-300x300.jpg 300w, https:\/\/www.newbikeproducts.com\/wp-content\/uploads\/TAILLES-CUISSARD-VTT-FR-3-150x150.jpg 150w, https:\/\/www.newbikeproducts.com\/wp-content\/uploads\/TAILLES-CUISSARD-VTT-FR-3-768x768.jpg 768w, https:\/\/www.newbikeproducts.com\/wp-content\/uploads\/TAILLES-CUISSARD-VTT-FR-3-600x600.jpg 600w, https:\/\/www.newbikeproducts.com\/wp-content\/uploads\/TAILLES-CUISSARD-VTT-FR-3-100x100.jpg 100w, https:\/\/www.newbikeproducts.com\/wp-content\/uploads\/TAILLES-CUISSARD-VTT-FR-3-50x50.jpg 50w, https:\/\/www.newbikeproducts.com\/wp-content\/uploads\/TAILLES-CUISSARD-VTT-FR-3.jpg 941w\" sizes=\"auto, (max-width: 300px) 100vw, 300px\" \/><figcaption id=\"caption-attachment-2978\" class=\"wp-caption-text\">choi des tailles sous-short cuissard VTT -NBP<\/figcaption><\/figure>\n<p>Vous pouvez acheter ce produit au prix de lancement r\u00e9duit, APPROPRIEZ-LE, tout retour pour mauvaise taille est GRATUIT !<\/p>\n<h4>POINTS FORTS<\/h4>\n<p>PROTECTION LAT\u00c9RALE DES HANCHES, plus de protection sans sacrifier le CONFORT<\/p>\n<p>PROTECTION NIVEAU 2, plus d&rsquo;absorption des chocs<\/p>\n<p>PROTECTIONS AMOVIBLES \u00e0 retirer lors du lavage pour garantir une plus longue dur\u00e9e de vie de l&rsquo;insert et du short.<\/p>\n<p>COUTURES ROVESCI\u00c9ES, tr\u00e8s confortables et sans marques sur la peau !<\/p>\n<p>AMORTISSEMENT DE CONFORT SUP\u00c9RIEUR, gr\u00e2ce \u00e0 des densit\u00e9s et des \u00e9paisseurs qui varient en fonction des diff\u00e9rentes zones d&rsquo;appui sur la selle<\/p>\n<p>ANTI-GLISSE INT\u00c9GR\u00c9 DANS LE TISSU, sans sur\u00e9paisseur ni couture, pour un maximum de confort.<\/p>\n<p>TISSUS ANTI-ALLERGIQUES<\/p>\n<p>ETHIQUE, enti\u00e8rement fabriqu\u00e9 en ITALIE.<\/p>\n<h4>DONN\u00c9ES TECHNIQUES<\/h4>\n<p>POIDS : 280 g avec protections, 170 g sans protections (taille M)<\/p>\n<p>NIVEAU DE PROTECTION : 2<\/p>\n<p>taille du coussin : 36 cm de longueur et 20 cm de largeur.<\/p>\n<p>COMPOSITION DE L&rsquo;INSERTION DE PROTECTION : r\u00e9sine thermoplastique<\/p>\n<p>FABRICANT ET MOD\u00c8LE DE CUSSIN : ELASTIC INTERFACE , mod. MTB TRAIL<\/p>\n<p>TISSU : polyamide et royca<\/p>\n<p>PROVENANCE : ITALIE<\/p>\n","protected":false},"excerpt":{"rendered":"<p>sous-v\u00eatement de VTT &#8211; cuissard VTT ENDURO<\/p>\n","protected":false},"featured_media":2761,"comment_status":"open","ping_status":"closed","template":"","meta":[],"product_brand":[],"product_cat":[364,79],"product_tag":[586,587,589,588],"class_list":{"0":"post-2533","1":"product","2":"type-product","3":"status-publish","4":"has-post-thumbnail","6":"product_cat-protections-vtt","7":"product_cat-vetements-cycle","8":"product_tag-cuissardvtt","9":"product_tag-cuissardvtt-protections-anches-et-femur","10":"product_tag-short-cyclisme-avec-protecteur","11":"product_tag-sous-shortvtt","13":"first","14":"instock","15":"sale","16":"shipping-taxable","17":"purchasable","18":"product-type-variable"},"tiered_pricing_type":"fixed","tiered_pricing_fixed_rules":[],"tiered_pricing_product_settings":{"layout":"default","base_unit_name":{"singular":null,"plural":null},"default_variation":null},"tiered_pricing_minimum_quantity":null,"tiered_pricing_roles_data":[],"tiered_pricing_percentage_rules":[],"_links":{"self":[{"href":"https:\/\/www.newbikeproducts.com\/fr\/wp-json\/wp\/v2\/product\/2533","targetHints":{"allow":["GET"]}}],"collection":[{"href":"https:\/\/www.newbikeproducts.com\/fr\/wp-json\/wp\/v2\/product"}],"about":[{"href":"https:\/\/www.newbikeproducts.com\/fr\/wp-json\/wp\/v2\/types\/product"}],"replies":[{"embeddable":true,"href":"https:\/\/www.newbikeproducts.com\/fr\/wp-json\/wp\/v2\/comments?post=2533"}],"wp:featuredmedia":[{"embeddable":true,"href":"https:\/\/www.newbikeproducts.com\/fr\/wp-json\/wp\/v2\/media\/2761"}],"wp:attachment":[{"href":"https:\/\/www.newbikeproducts.com\/fr\/wp-json\/wp\/v2\/media?parent=2533"}],"wp:term":[{"taxonomy":"product_brand","embeddable":true,"href":"https:\/\/www.newbikeproducts.com\/fr\/wp-json\/wp\/v2\/product_brand?post=2533"},{"taxonomy":"product_cat","embeddable":true,"href":"https:\/\/www.newbikeproducts.com\/fr\/wp-json\/wp\/v2\/product_cat?post=2533"},{"taxonomy":"product_tag","embeddable":true,"href":"https:\/\/www.newbikeproducts.com\/fr\/wp-json\/wp\/v2\/product_tag?post=2533"}],"curies":[{"name":"wp","href":"https:\/\/api.w.org\/{rel}","templated":true}]}}