{"id":269,"date":"2021-11-27T14:52:55","date_gmt":"2021-11-27T13:52:55","guid":{"rendered":"https:\/\/www.newbikeproducts.com\/prodotto\/tente-ultra-legere-camp-minima-2-places\/"},"modified":"2022-05-24T14:10:01","modified_gmt":"2022-05-24T12:10:01","slug":"tente-ultra-legere-camp-minima-2-places","status":"publish","type":"product","link":"https:\/\/www.newbikeproducts.com\/fr\/prodotto\/tente-ultra-legere-camp-minima-2-places\/","title":{"rendered":"TENTE ULTRA-L\u00c9G\u00c8RE &#8211; CAMP MINIMA 2 PLACES"},"content":{"rendered":"<h2><strong>TENTE ULTRA-L\u00c9G\u00c8RE &#8211; CAMP MINIMA 2 PLACES<\/strong><\/h2>\n<p>NBP a s\u00e9lectionn\u00e9 cette tente ultra-l\u00e9g\u00e8re qui vous accompagnera dans vos aventures <strong>VTT<\/strong> vous permettant un rapport poids \/ volume OPTIMAL et une HABITABILIT\u00c9 acceptable.<\/p>\n<p>La tente <strong>CAMP MINIMA<\/strong> pour deux personnes ne p\u00e8se que 1.56 kg housse, arceaux et piquets compris.<\/p>\n<p>Si vous pr\u00e9voyez de voyager souvent seul, vous pouvez opter pour la tente monoplace CAMP, mais vous perdrez beaucoup en habitabilit\u00e9 et en flexibilit\u00e9. Vous pourrez donc utiliser vous-m\u00eame la tente biplace en acceptant d&#8217;emporter 400 grammes suppl\u00e9mentaires.<\/p>\n<p>La <strong>tente CAMP MINIMA<\/strong> a une double paroi qui \u00e9vite le probl\u00e8me de condensation qui se produit g\u00e9n\u00e9ralement dans les tentes mono paroi moins ch\u00e8res. Lorsque les conditions m\u00e9t\u00e9orologiques le permettent, vous avez l&rsquo;avantage de pouvoir utiliser la moustiquaire uniquement, sans le toit, de pouvoir admirer la lune et le ciel \u00e9toil\u00e9!<\/p>\n<p>La structure de la <strong>tente<\/strong> est un <strong>tunnel<\/strong> et est tr\u00e8s facile et rapide \u00e0 assembler, avec des arceaux de diff\u00e9rentes couleurs qui facilitent l&rsquo;assemblage; elle n&rsquo;est pas autoportante, c&rsquo;est-\u00e0-dire qu&rsquo;elle ne tient pas seule si elle n&rsquo;est pas fix\u00e9e avec des sardines.<\/p>\n<p>Dans l&rsquo;entr\u00e9e principale de la tente, vous avez juste la place pour mettredeux sacs \u00e0 dos de 20\/30 litre et vos chaussures.<\/p>\n<p>Bien que ce soit une tente ultral\u00e9g\u00e8re son TAPIS DE SOL est en polyester 190T\/N avec rev\u00eatement en polyur\u00e9thane \u00e0 l&rsquo;\u00e9tanch\u00e9it\u00e9 de 5000 mm de colonne d&rsquo;eau et des coutures thermosoud\u00e9es!<\/p>\n<p>Le toit de la tente CAMP MINIMA est en Nylon 30D avec rev\u00eatement polyur\u00e9thane et \u00e9tanche jusqu&rsquo;\u00e0 2000 mm de colonne d&rsquo;eau. Tissu avec traitement silicone et coutures thermocoll\u00e9es.<\/p>\n<p>Tente id\u00e9ale pour une utilisation en trois saisons.<\/p>\n<p>Adapt\u00e9e \u00e0 toutes les aventures, cette tente tunnel est id\u00e9ale pour le VTT BUL, le camping,les treck, les bivouacs, raids et randonn\u00e9es \u00e0 pied, le trail.<\/p>\n<h4>POINTS FORTS<\/h4>\n<p>Excellent rapport qualit\u00e9 prix<\/p>\n<p>Facile \u00e0 assembler<\/p>\n<p>Facile \u00e0 transporter car tr\u00e8s compact et avec des arceaux COURTS<\/p>\n<p>Les arceaux ne mesurent que 29 cm de long pour un diam\u00e8tre de seulement 13 cm ; les tentes concurrentes ont \u00e9t\u00e9 con\u00e7ues pour une utilisation en trekking et ont des b\u00e2tons LONGS entre 35 et 45 cm trop volumineux pour s&rsquo;adapter facilement \u00e0 l&rsquo;int\u00e9rieur du cadre d&rsquo;un VTT, surtout s&rsquo;il est bi-amorti.<\/p>\n<p>Nous d\u00e9conseillons fortement de mettre les ARCEAUX de tente sur le guidon car il est difficile de le fixer de mani\u00e8re stable, et en cas de chute vous pourriez d\u00e9former les arceaux ou pire encore \u00e9craser les c\u00e2bles de frein hydrauliques risquant de laisser de l&rsquo;air en les rendant inutilisables.<\/p>\n<p>DONN\u00c9ES TECHNIQUES<\/p>\n<p>Poids TOTAL TENTE ULTRA L\u00c9GER : 1,55 kg avec \u00e9tuis.<\/p>\n<p>16 piquets avec longe pour une extraction facile du sol, poids 10 g chacun, section en V (ATTENTION sur le march\u00e9 il existe des anciens mod\u00e8les qui ont des piquets de section ronde qui se replient TR\u00c8S facilement, c&rsquo;est pourquoi nous avons cr\u00e9\u00e9 des piquets en fibre de carbone que vous pouvez acheter )<\/p>\n<p>dimensions hors tout des chevilles : diam\u00e8tre 30 mm, longueur 15 mm.<\/p>\n<p>ARCEAUX pr\u00e9-courb\u00e9 avec un poids total de 235 g avec \u00e9tui, 5 g avec \u00e9tui; longueur 29 mm pour un diam\u00e8tre de 13 mm, diam\u00e8tre des arceaux 7 mm.<\/p>\n<p>COLEUR: Bleu clair<\/p>\n<p><\/p>\n<p><\/p>\n","protected":false},"excerpt":{"rendered":"<p>Tente 2 personnes ULTRALIGHT &#8211; 1,5 kg<\/p>\n","protected":false},"featured_media":577,"comment_status":"open","ping_status":"closed","template":"","meta":[],"product_brand":[],"product_cat":[81],"product_tag":[269,268,270,271,272],"class_list":{"0":"post-269","1":"product","2":"type-product","3":"status-publish","4":"has-post-thumbnail","6":"product_cat-bivouac-camping","7":"product_tag-tente-bikepacking","8":"product_tag-tente-camp-minima-2sl","9":"product_tag-tente-de-camping-2-personnes","10":"product_tag-tente-tunnel-2-places","11":"product_tag-tente-ultralegere-pour-deux-personnes","12":"product_shipping_class-collissimo-1-2-fr","14":"first","15":"instock","16":"shipping-taxable","17":"purchasable","18":"product-type-simple"},"tiered_pricing_type":"fixed","tiered_pricing_fixed_rules":[],"tiered_pricing_product_settings":{"layout":"default","base_unit_name":{"singular":null,"plural":null},"default_variation":null},"tiered_pricing_minimum_quantity":null,"tiered_pricing_roles_data":[],"tiered_pricing_percentage_rules":[],"_links":{"self":[{"href":"https:\/\/www.newbikeproducts.com\/fr\/wp-json\/wp\/v2\/product\/269","targetHints":{"allow":["GET"]}}],"collection":[{"href":"https:\/\/www.newbikeproducts.com\/fr\/wp-json\/wp\/v2\/product"}],"about":[{"href":"https:\/\/www.newbikeproducts.com\/fr\/wp-json\/wp\/v2\/types\/product"}],"replies":[{"embeddable":true,"href":"https:\/\/www.newbikeproducts.com\/fr\/wp-json\/wp\/v2\/comments?post=269"}],"wp:featuredmedia":[{"embeddable":true,"href":"https:\/\/www.newbikeproducts.com\/fr\/wp-json\/wp\/v2\/media\/577"}],"wp:attachment":[{"href":"https:\/\/www.newbikeproducts.com\/fr\/wp-json\/wp\/v2\/media?parent=269"}],"wp:term":[{"taxonomy":"product_brand","embeddable":true,"href":"https:\/\/www.newbikeproducts.com\/fr\/wp-json\/wp\/v2\/product_brand?post=269"},{"taxonomy":"product_cat","embeddable":true,"href":"https:\/\/www.newbikeproducts.com\/fr\/wp-json\/wp\/v2\/product_cat?post=269"},{"taxonomy":"product_tag","embeddable":true,"href":"https:\/\/www.newbikeproducts.com\/fr\/wp-json\/wp\/v2\/product_tag?post=269"}],"curies":[{"name":"wp","href":"https:\/\/api.w.org\/{rel}","templated":true}]}}