{"id":273,"date":"2021-11-29T14:36:30","date_gmt":"2021-11-29T13:36:30","guid":{"rendered":"https:\/\/www.newbikeproducts.com\/prodotto\/cle-demonte-obus-valve-tubeless\/"},"modified":"2021-12-17T16:56:48","modified_gmt":"2021-12-17T15:56:48","slug":"cle-demonte-obus-valve-tubeless","status":"publish","type":"product","link":"https:\/\/www.newbikeproducts.com\/fr\/prodotto\/cle-demonte-obus-valve-tubeless\/","title":{"rendered":"Cl\u00e9 d\u00e9monte obus valve tubeless"},"content":{"rendered":"<p><iframe loading=\"lazy\" title=\"CHIAVE SMONTA VALVOLA TUBELESS MULTIFUNZIONE\" width=\"980\" height=\"551\" src=\"https:\/\/www.youtube.com\/embed\/Rg15Jh0XR6A?feature=oembed\" frameborder=\"0\" allow=\"accelerometer; autoplay; clipboard-write; encrypted-media; gyroscope; picture-in-picture\" allowfullscreen><\/iframe><\/p>\n<h2>CL\u00c9\/OUTIL POUR D\u00c9MONTER LA VALVE TUBELESS<\/h2>\n<p>Le logo de la soci\u00e9t\u00e9 NEWBIKEPRODUCTS est n\u00e9 de l&rsquo;id\u00e9e de cr\u00e9er une <strong> cl\u00e9 d\u00e9monte obus valve tubeless.<\/strong><\/p>\n<p>Cette cl\u00e9 a de MEILLEURES caract\u00e9ristiques fonctionnelles et esth\u00e9tiques que ce que l&rsquo;on peut trouver sur le march\u00e9.<\/p>\n<p>Elle est\u00a0 fabriqu\u00e9e en EUROPE comme TOUS les produits de la marque NBP.<\/p>\n<p>La cl\u00e9 d\u00e9monte valve TUBELESS la plus COMMUNE se perd FACILEMENT de par sa tr\u00e8s petite taille et sa couleur noire.<\/p>\n<p>Nous avons donc cr\u00e9\u00e9 une cl\u00e9 color\u00e9e de plus grande dimension et plus ergonomique pour faciliter les op\u00e9rations de serrage\/d\u00e9vissage qui ne sont pas ais\u00e9es du fait de l&rsquo;encombrement des rayons.<\/p>\n<p>Un cordon pratique vous \u00e9vitera de la perdre. Vous pourrez toujours l&#8217;emporter avec vous en l&rsquo;attachant \u00e0 votre cl\u00e9 de maison, par exemple, ou en l&rsquo;utilisant comme tirette sur une fermeture \u00e9clair d&rsquo;un sac \u00e0 dos ou d&rsquo;une veste de v\u00e9lo ou encore en l&rsquo;accrochant sur votre \u00e9tabli.<\/p>\n<p>Pour TOUJOURS vous offrir le MEILLEUR nous avons fait l&rsquo;effort d&rsquo;ajouter une autre fonctionnalit\u00e9 \u00e0 la cl\u00e9 NBP en cr\u00e9ant un logement pour ins\u00e9rer <strong> l&rsquo;attache rapide cha\u00eene<\/strong>, un autre PETIT objet que vous devriez toujours avoir avec vous pour r\u00e9soudre les probl\u00e8mes sur la cha\u00eene.<\/p>\n<p>Deux anneaux en caoutchouc permettent l&rsquo;insertion de l&rsquo;obus qui doit toujours \u00eatre emport\u00e9 avec vous.<\/p>\n<p>Du point de vue environnemental, nous avons la conscience tranquille, cette cl\u00e9 utilise des d\u00e9chets de fabrication de lunettes obtenus par d\u00e9coupe de plaques de 5 mm en r\u00e9sine ac\u00e9tal r\u00e9sistante.<\/p>\n<p>Il est possible d&rsquo;avoir une large gamme de couleurs et d&rsquo;effets.<\/p>\n<p>Cette cl\u00e9 d\u00e9monte valve tubeless est fabriqu\u00e9e par un artisan fran\u00e7ais et tous les composants, cordon, plaque sont fabriqu\u00e9s en FRANCE; l&rsquo;anneau en caoutchouc est fabriqu\u00e9 en ITALIE !<\/p>\n<p>Si vous aimez les d\u00e9tails et les objets multifonctionnels, vous aurez toujours cette cl\u00e9 avec vous!<\/p>\n<h4>POINTS FORTS<\/h4>\n<p>CL\u00c9 MULTIFONCTION<\/p>\n<ul>\n<li>cl\u00e9 d\u00e9monte obus<\/li>\n<li>porte maillon rapide<\/li>\n<li>porte obus<\/li>\n<li>tirette pour fermeture \u00e9clair d&rsquo;un sac \u00e0 dos ou d&rsquo;une veste de v\u00e9lo<\/li>\n<li>porte cl\u00e9<\/li>\n<li>logo NBP<\/li>\n<\/ul>\n<p>SUPER L\u00c9GER, seulement 3 gr gr\u00e2ce \u00e0 l&rsquo;utilisation d&rsquo;une r\u00e9sine ac\u00e9tal<\/p>\n<p>ERGONOMIQUE permettant de serrer facilement la valve PRESTA TUBELESS<\/p>\n<p>ORIGINAL et INGENIEUX<\/p>\n<h4>ENTRETIEN ET INSTRUCTIONS<\/h4>\n<p>Convient aux faux maillons rapides de 9-10-11-12 vitesses<\/p>\n<p>&nbsp;<\/p>\n","protected":false},"excerpt":{"rendered":"<p>Cl\u00e9 MULTIFONCTION l\u00e9g\u00e8re et compacte<\/p>\n","protected":false},"featured_media":405,"comment_status":"open","ping_status":"closed","template":"","meta":[],"product_brand":[],"product_cat":[389,85,82],"product_tag":[134,135,138,263,136,137],"class_list":{"0":"post-273","1":"product","2":"type-product","3":"status-publish","4":"has-post-thumbnail","6":"product_cat-composants-vtt","7":"product_cat-sac-a-dos","8":"product_cat-sacoche-de-voyage-et-sacs-a-dos","9":"product_tag-cle-de-valve","10":"product_tag-demonte-obus-valve-tubeless","11":"product_tag-demontevalve-tubeless","12":"product_tag-nettoyage-demontage-valve-presta","13":"product_tag-obus-valve-presta","14":"product_tag-valve-presta-velo","15":"product_shipping_class-collissimo-jusqua-0-250","17":"first","18":"instock","19":"sale","20":"shipping-taxable","21":"purchasable","22":"product-type-variable"},"tiered_pricing_type":"fixed","tiered_pricing_fixed_rules":[],"tiered_pricing_product_settings":{"layout":"default","base_unit_name":{"singular":null,"plural":null},"default_variation":null},"tiered_pricing_minimum_quantity":null,"tiered_pricing_roles_data":[],"tiered_pricing_percentage_rules":[],"_links":{"self":[{"href":"https:\/\/www.newbikeproducts.com\/fr\/wp-json\/wp\/v2\/product\/273","targetHints":{"allow":["GET"]}}],"collection":[{"href":"https:\/\/www.newbikeproducts.com\/fr\/wp-json\/wp\/v2\/product"}],"about":[{"href":"https:\/\/www.newbikeproducts.com\/fr\/wp-json\/wp\/v2\/types\/product"}],"replies":[{"embeddable":true,"href":"https:\/\/www.newbikeproducts.com\/fr\/wp-json\/wp\/v2\/comments?post=273"}],"wp:featuredmedia":[{"embeddable":true,"href":"https:\/\/www.newbikeproducts.com\/fr\/wp-json\/wp\/v2\/media\/405"}],"wp:attachment":[{"href":"https:\/\/www.newbikeproducts.com\/fr\/wp-json\/wp\/v2\/media?parent=273"}],"wp:term":[{"taxonomy":"product_brand","embeddable":true,"href":"https:\/\/www.newbikeproducts.com\/fr\/wp-json\/wp\/v2\/product_brand?post=273"},{"taxonomy":"product_cat","embeddable":true,"href":"https:\/\/www.newbikeproducts.com\/fr\/wp-json\/wp\/v2\/product_cat?post=273"},{"taxonomy":"product_tag","embeddable":true,"href":"https:\/\/www.newbikeproducts.com\/fr\/wp-json\/wp\/v2\/product_tag?post=273"}],"curies":[{"name":"wp","href":"https:\/\/api.w.org\/{rel}","templated":true}]}}