{"id":320,"date":"2021-11-29T12:16:48","date_gmt":"2021-11-29T11:16:48","guid":{"rendered":"https:\/\/www.newbikeproducts.com\/prodotto\/clips-gancio-magnete-tubo-sacca-idrica-zaino\/"},"modified":"2025-09-06T13:09:28","modified_gmt":"2025-09-06T11:09:28","slug":"clips-fixation-tuyau-poche-a-eau","status":"publish","type":"product","link":"https:\/\/www.newbikeproducts.com\/fr\/prodotto\/clips-fixation-tuyau-poche-a-eau\/","title":{"rendered":"CLIPS\/FIXATION TUYAU POCHE \u00c0 EAU"},"content":{"rendered":"<p><iframe loading=\"lazy\" title=\"GANCIO TUBO sacca idrica zaino MTB - NBP\" width=\"980\" height=\"551\" src=\"https:\/\/www.youtube.com\/embed\/vtczhIPJu8o?feature=oembed\" frameborder=\"0\" allow=\"accelerometer; autoplay; clipboard-write; encrypted-media; gyroscope; picture-in-picture\" allowfullscreen><\/iframe><\/p>\n<p>Nous avons RECON\u00c7U le syst\u00e8me de raccord du tuyau de la <strong> poche \u00e0 eau <\/strong> car nous avons \u00e9t\u00e9 d\u00e9\u00e7us par les syst\u00e8mes \u00e0 clips et aimants actuels qui ne vous permettent pas un raccord et un d\u00e9crochage RAPIDE sans perdre de vue votre trajectoire.<\/p>\n<p>Notre syst\u00e8me se compose de deux composants, un <strong> FIXATIONT \/ CLIPS <\/strong> qui s&rsquo;adapte au diam\u00e8tre du <strong> tube de la poche \u00e0 eau <\/strong> et un RUBAN \u00c9LASTIQUE AVEC BORNES qui vous permet de fixer le crochet \u00e0 tous mod\u00e8les et boucles de sacs \u00e0 dos VTT et plus.<br \/>\nLe crochet \u00e9lastique vous permettra de rapprocher le <strong> tuyau du pack d&rsquo;hydratation <\/strong> de votre bouche et de le repositionner dans la m\u00eame position de d\u00e9part sans que vous ayez \u00e0 effectuer d&rsquo;autres op\u00e9rations qui pourraient distraire le guide.<\/p>\n<p>Aucune couture n&rsquo;est n\u00e9cessaire gr\u00e2ce \u00e0 la pr\u00e9sence de cosses en plastique qui se glissent rapidement dans la boucle de poitrine.<\/p>\n<p>Il vous sera s\u00fbrement arriv\u00e9 de d\u00e9faire la boucle pectorale du sac \u00e0 dos et d&rsquo;oublier d&rsquo;abord de d\u00e9tacher l&rsquo;aimant ou le clip plastique, cela ne vous arrivera plus jamais car notre crochet reste ancr\u00e9 sur la boucle pectorale.<\/p>\n<p>Voici notre vid\u00e9o de pr\u00e9sentation du syst\u00e8me INNOVANT d&rsquo;accrochage et de d\u00e9crochage de la poche \u00e0 eau, ayez une bonne vue et n&rsquo;h\u00e9sitez pas \u00e0 partager la vid\u00e9o et la page.<\/p>\n<h4>POINTS FORTS<\/h4>\n<p>Op\u00e9ration d&rsquo;accrochage PLUS RAPIDE que le syst\u00e8me d&rsquo;aimant et de clip<\/p>\n<p>Compatible avec toutes les boucles de sacs \u00e0 dos<\/p>\n<p>pas de couture \u00e0 faire<\/p>\n<h4>INFORMATION TECHNIQUES<\/h4>\n<p>COMPOSITION: plastique<\/p>\n<p>POIDS: 3 gr<\/p>\n<p>DIMENSIONS: longueur 7 cm et clips pour tube diam\u00e8tre ext\u00e9rieur 10-12 mm<\/p>\n<p>COULEUR: Noir et gris pour le ruban<\/p>\n<p>ORIGINE: clips CHINE et ruban ITALIE<\/p>\n","protected":false},"excerpt":{"rendered":"<p>Crochet de tuyau pour sac \u00e0 eau INNOVANT, plus efficace que les syst\u00e8mes magn\u00e9tiques actuels !<\/p>\n","protected":false},"featured_media":579,"comment_status":"open","ping_status":"closed","template":"","meta":[],"product_brand":[],"product_cat":[85,82],"product_tag":[193,192,191,190],"class_list":{"0":"post-320","1":"product","2":"type-product","3":"status-publish","4":"has-post-thumbnail","6":"product_cat-sac-a-dos","7":"product_cat-sacoche-de-voyage-et-sacs-a-dos","8":"product_tag-aimant-sac-deau","9":"product_tag-clip-aimante-pour-tube-de-sac-hydratation","10":"product_tag-clips-pour-sac-a-eau","11":"product_tag-crochet-pour-sac-a-eau","12":"product_shipping_class-collissimo-jusqua-0-250","14":"first","15":"instock","16":"sale","17":"shipping-taxable","18":"purchasable","19":"product-type-simple"},"tiered_pricing_type":"fixed","tiered_pricing_fixed_rules":[],"tiered_pricing_product_settings":{"layout":"default","base_unit_name":{"singular":null,"plural":null},"default_variation":null},"tiered_pricing_minimum_quantity":null,"tiered_pricing_roles_data":[],"tiered_pricing_percentage_rules":[],"_links":{"self":[{"href":"https:\/\/www.newbikeproducts.com\/fr\/wp-json\/wp\/v2\/product\/320","targetHints":{"allow":["GET"]}}],"collection":[{"href":"https:\/\/www.newbikeproducts.com\/fr\/wp-json\/wp\/v2\/product"}],"about":[{"href":"https:\/\/www.newbikeproducts.com\/fr\/wp-json\/wp\/v2\/types\/product"}],"replies":[{"embeddable":true,"href":"https:\/\/www.newbikeproducts.com\/fr\/wp-json\/wp\/v2\/comments?post=320"}],"wp:featuredmedia":[{"embeddable":true,"href":"https:\/\/www.newbikeproducts.com\/fr\/wp-json\/wp\/v2\/media\/579"}],"wp:attachment":[{"href":"https:\/\/www.newbikeproducts.com\/fr\/wp-json\/wp\/v2\/media?parent=320"}],"wp:term":[{"taxonomy":"product_brand","embeddable":true,"href":"https:\/\/www.newbikeproducts.com\/fr\/wp-json\/wp\/v2\/product_brand?post=320"},{"taxonomy":"product_cat","embeddable":true,"href":"https:\/\/www.newbikeproducts.com\/fr\/wp-json\/wp\/v2\/product_cat?post=320"},{"taxonomy":"product_tag","embeddable":true,"href":"https:\/\/www.newbikeproducts.com\/fr\/wp-json\/wp\/v2\/product_tag?post=320"}],"curies":[{"name":"wp","href":"https:\/\/api.w.org\/{rel}","templated":true}]}}