{"id":354,"date":"2021-11-25T17:28:09","date_gmt":"2021-11-25T16:28:09","guid":{"rendered":"https:\/\/www.newbikeproducts.com\/prodotto\/picchetti-tenda-fibra-di-carbonio\/"},"modified":"2025-08-12T18:17:18","modified_gmt":"2025-08-12T16:17:18","slug":"piquets-sardine-tente-ultralegers-en-fibre-de-carbone","status":"publish","type":"product","link":"https:\/\/www.newbikeproducts.com\/fr\/prodotto\/piquets-sardine-tente-ultralegers-en-fibre-de-carbone\/","title":{"rendered":"PIQUETS \/ SARDINE DE TENTE ULTRAL\u00c9GERS EN FIBRE DE CARBONE"},"content":{"rendered":"<h2>PIQUETS \/ SARDINE DE TENTE ULTRAL\u00c9GERS ET COMPACTS EN FIBRE DE CARBONE<\/h2>\n<p>Pour vos aventures OUTDOOR, \u00e0 v\u00e9lo ou \u00e0 pied, le gain de place et de poids fait la diff\u00e9rence en termes de CONFORT GLOBAL<\/p>\n<p>Si vous voyagez en autonomie ou semi-autonomie il y a beaucoup de mat\u00e9riel \u00e0 transporter m\u00eame apr\u00e8s une s\u00e9lection MINIMALISTE minutieuse, donc choisir avec soin chaque objet qui vous sera strictement utile vous permettra d&rsquo;\u00e9conomiser plusieurs kg, ce qui n&rsquo;est pas n\u00e9gligeable!<\/p>\n<p>L&rsquo;id\u00e9e de faire ces <strong>piquets tente en fibre de carbone<\/strong> \u00e0 combiner avec une tente ultral\u00e9ger d\u00e9coule de cette philosophie, R\u00c9DUIRE POIDS et VOLUME gr\u00e2ce aux choix de conception et \u00e0 la s\u00e9lection de mat\u00e9riaux et de composants de haute qualit\u00e9.<\/p>\n<p>Le <strong> piquet carbone NBP <\/strong> est plus l\u00e9ger que les <strong> piquets de tente en titane <\/strong> et les <strong> piquets en aluminium. <\/strong><\/p>\n<figure id=\"attachment_2140\" aria-describedby=\"caption-attachment-2140\" style=\"width: 300px\" class=\"wp-caption aligncenter\"><img loading=\"lazy\" decoding=\"async\" class=\"size-medium wp-image-2140\" src=\"https:\/\/www.newbikeproducts.com\/wp-content\/uploads\/piquet-de-tente-fibre-carbone-aluminium-titane-2-300x300.jpg\" alt=\"piquet fibre carbone aluminium titane COMPACT et ULTRAL\u00c9GER\" width=\"300\" height=\"300\" srcset=\"https:\/\/www.newbikeproducts.com\/wp-content\/uploads\/piquet-de-tente-fibre-carbone-aluminium-titane-2-300x300.jpg 300w, https:\/\/www.newbikeproducts.com\/wp-content\/uploads\/piquet-de-tente-fibre-carbone-aluminium-titane-2-1024x1024.jpg 1024w, https:\/\/www.newbikeproducts.com\/wp-content\/uploads\/piquet-de-tente-fibre-carbone-aluminium-titane-2-150x150.jpg 150w, https:\/\/www.newbikeproducts.com\/wp-content\/uploads\/piquet-de-tente-fibre-carbone-aluminium-titane-2-768x768.jpg 768w, https:\/\/www.newbikeproducts.com\/wp-content\/uploads\/piquet-de-tente-fibre-carbone-aluminium-titane-2-1536x1536.jpg 1536w, https:\/\/www.newbikeproducts.com\/wp-content\/uploads\/piquet-de-tente-fibre-carbone-aluminium-titane-2-600x600.jpg 600w, https:\/\/www.newbikeproducts.com\/wp-content\/uploads\/piquet-de-tente-fibre-carbone-aluminium-titane-2-100x100.jpg 100w, https:\/\/www.newbikeproducts.com\/wp-content\/uploads\/piquet-de-tente-fibre-carbone-aluminium-titane-2-50x50.jpg 50w, https:\/\/www.newbikeproducts.com\/wp-content\/uploads\/piquet-de-tente-fibre-carbone-aluminium-titane-2.jpg 2047w\" sizes=\"auto, (max-width: 300px) 100vw, 300px\" \/><figcaption id=\"caption-attachment-2140\" class=\"wp-caption-text\">Piquet tente fibre carbone\u00a0 COMPACT et ULTRAL\u00c9GER<\/figcaption><\/figure>\n<p>Le nombre de piquets que vous pouvez trouver dans la plupart des tentes de camping ULTRA L\u00c9GERES varie de 10 \u00e0 16 selon s&rsquo;il s&rsquo;agit d&rsquo;une tente autoportante ou non; consid\u00e9rant que le poids d&rsquo;un piquet en aluminium et titan est de 10 gr, le gain de poids avec les PIQUETS NBP variera d&rsquo;un minimum de 60 gr \u00e0 96 gr.<\/p>\n<p>Cette comparaison a \u00e9t\u00e9 faite en tenant compte des piquets \u00e0 section en V et rectangulaires les plus courants, utilis\u00e9s dans les tentes ultra-l\u00e9g\u00e8res et compactes.<\/p>\n<p>Si vous envisagez de choisir une tente tunnel comme la CAMP MINIMA, l\u00e9g\u00e8re et compacte, \u00e9quip\u00e9e de 16 piquets en V vous \u00e9conomiserez 96 gr.<\/p>\n<p>La section rectangulaire permet d&rsquo;avoir une \u00e9conomie de volume de 40% par rapport aux sardines \u00e0 section en V; cette valeur augmente \u00e0 nouveau pour les piquets \u00e0 section en Y ou rondes avec t\u00eate en crochet.<\/p>\n<p>Une autre particularit\u00e9 des piquets de tente untra-l\u00e9ger en fibre de carbone NBP est leur longueur de seulement 13 cm que nous consid\u00e9rons largement suffisante pour le terrain que vous rencontrerez le plus souvent, il est inutile de laisser les piquets d\u00e9passer du sol de plusieurs centim\u00e8tres car vous ne pourrez pas les enfoncer compl\u00e8tement dans un sol compact et caillouteux.<\/p>\n<p>Les sardines que vous trouvez sur le march\u00e9, principalement d&rsquo;origine asiatique, ont une longueur de 15 cm.<\/p>\n<p>NEWBIKEPRODUCTS aime les d\u00e9tails et les produits MULTIFONCTIONS, donc m\u00eame un \u00ab\u00a0simple piquet\u00a0\u00bb offre la possibilit\u00e9 de TIRER LES RAYONS gr\u00e2ce \u00e0 l&rsquo;\u00e9tude de la forme de sa t\u00eate, vous permettant de serrer ou desserrer les rayons avec une extr\u00eame facilit\u00e9 gr\u00e2ce \u00e0 l&rsquo;effet \u00ab\u00a0levier\u00a0\u00bb \u00ab\u00a0du piquet.<\/p>\n<p>Le piquet NBP vous permet de serrer des \u00e9crous de 3,3 mm qui est la taille la plus courante sur les roues VTT ou GRAVEL r\u00e9centes sans utiliser de pinces ou de cl\u00e9s sp\u00e9cifiques.<\/p>\n<p>Ce d\u00e9tail sera s\u00fbrement appr\u00e9ci\u00e9 des voyageurs et des aventuriers \u00e0 v\u00e9lo, en VTT ou en GRAVEL.<\/p>\n<p>POINTS FORTS<\/p>\n<p>L\u00c9G\u00c8RT\u00c9 IMBATTABLE, seulement 4 gr\/piquet, \u00e9conomie de 70% de poids<\/p>\n<p>COMPACIT\u00c9, gr\u00e2ce \u00e0 la section rectangulaire, \u00e9conomie de 40% de volume<\/p>\n<p>MULTIFONCTION, la t\u00eate cl\u00e9 \u00e0 rayons<\/p>\n<p>PLUS FACILE \u00c0 NETTOYER que les syst\u00e8mes Y et V<br \/>\nne plie pas comme les piquets ronds<\/p>\n<p>DONN\u00c9ES TECHNIQUES<\/p>\n<p>COMPOSITION: fibre de carbone<\/p>\n<p>POIDS: 4 gr<\/p>\n<p>DIMENSIONS: longueur 13 cm et \u00e9paisseur 4 mm<\/p>\n<p>COULEUR: noire<\/p>\n<p>ORIGINE: ITALIE<\/p>\n<p><iframe loading=\"lazy\" title=\"Picchetti per tende da campeggio ultraleggeri in fibra di carbonio solo 3gr invece di 10gr alluminio\" width=\"980\" height=\"551\" src=\"https:\/\/www.youtube.com\/embed\/NIvFKe3bDKA?feature=oembed\" frameborder=\"0\" allow=\"accelerometer; autoplay; clipboard-write; encrypted-media; gyroscope; picture-in-picture; web-share\" referrerpolicy=\"strict-origin-when-cross-origin\" allowfullscreen><\/iframe><\/p>\n","protected":false},"excerpt":{"rendered":"<p>PIQUETS \/ SARDINE DE TENTE ULTRAL\u00c9GERS ET COMPACTS EN FIBRE DE CARBONE Pour vos aventures OUTDOOR, \u00e0 v\u00e9lo ou \u00e0 pied, le gain de place et de poids fait la diff\u00e9rence en termes de CONFORT GLOBAL Si vous voyagez en autonomie ou semi-autonomie il y a beaucoup de mat\u00e9riel \u00e0 transporter m\u00eame apr\u00e8s une s\u00e9lection [&hellip;]<\/p>\n","protected":false},"featured_media":2140,"comment_status":"open","ping_status":"closed","template":"","meta":[],"product_brand":[],"product_cat":[81],"product_tag":[258,259,262,261,260],"class_list":{"0":"post-354","1":"product","2":"type-product","3":"status-publish","4":"has-post-thumbnail","6":"product_cat-bivouac-camping","7":"product_tag-piquet-en-aluminium","8":"product_tag-piquets-de-tente-en-fibre-de-carbone","9":"product_tag-piquets-de-tente-ultralegers","10":"product_tag-piquets-et-sardine-tente","11":"product_tag-piquets-et-sardines-en-titane","12":"product_shipping_class-collissimo-jusqua-0-250","14":"first","15":"instock","16":"shipping-taxable","17":"purchasable","18":"product-type-variable"},"tiered_pricing_type":"fixed","tiered_pricing_fixed_rules":[],"tiered_pricing_product_settings":{"layout":"default","base_unit_name":{"singular":null,"plural":null},"default_variation":null},"tiered_pricing_minimum_quantity":null,"tiered_pricing_roles_data":[],"tiered_pricing_percentage_rules":[],"_links":{"self":[{"href":"https:\/\/www.newbikeproducts.com\/fr\/wp-json\/wp\/v2\/product\/354","targetHints":{"allow":["GET"]}}],"collection":[{"href":"https:\/\/www.newbikeproducts.com\/fr\/wp-json\/wp\/v2\/product"}],"about":[{"href":"https:\/\/www.newbikeproducts.com\/fr\/wp-json\/wp\/v2\/types\/product"}],"replies":[{"embeddable":true,"href":"https:\/\/www.newbikeproducts.com\/fr\/wp-json\/wp\/v2\/comments?post=354"}],"wp:featuredmedia":[{"embeddable":true,"href":"https:\/\/www.newbikeproducts.com\/fr\/wp-json\/wp\/v2\/media\/2140"}],"wp:attachment":[{"href":"https:\/\/www.newbikeproducts.com\/fr\/wp-json\/wp\/v2\/media?parent=354"}],"wp:term":[{"taxonomy":"product_brand","embeddable":true,"href":"https:\/\/www.newbikeproducts.com\/fr\/wp-json\/wp\/v2\/product_brand?post=354"},{"taxonomy":"product_cat","embeddable":true,"href":"https:\/\/www.newbikeproducts.com\/fr\/wp-json\/wp\/v2\/product_cat?post=354"},{"taxonomy":"product_tag","embeddable":true,"href":"https:\/\/www.newbikeproducts.com\/fr\/wp-json\/wp\/v2\/product_tag?post=354"}],"curies":[{"name":"wp","href":"https:\/\/api.w.org\/{rel}","templated":true}]}}