{"id":725,"date":"2021-12-01T10:23:45","date_gmt":"2021-12-01T09:23:45","guid":{"rendered":"https:\/\/www.newbikeproducts.com\/prodotto\/banane-pour-vtt-enduro\/"},"modified":"2026-04-20T09:35:02","modified_gmt":"2026-04-20T07:35:02","slug":"banane-pour-vtt-enduro","status":"publish","type":"product","link":"https:\/\/www.newbikeproducts.com\/fr\/prodotto\/banane-pour-vtt-enduro\/","title":{"rendered":"Banane pour VTT &#8211; ENDURO"},"content":{"rendered":"<p dir=\"auto\">Si vous cherchez une alternative au sac \u00e0 dos pour emporter avec vous le n\u00e9cessaire pour une excursion d&rsquo;une journ\u00e9e, le <strong>banane NBP<\/strong> est une alternative valable.<\/p>\n<p dir=\"auto\">Par rapport \u00e0 nos concurrents nous avons utilis\u00e9 un tissu en maille \u00e9lastique tr\u00e8s r\u00e9sistant qui permet un s\u00e9chage rapide de la sueur et permet de TOUJOURS garder le contenu en COMPRESSION en \u00e9vitant qu&rsquo;il soi ballott\u00e9; vous n&rsquo;aurez pas besoin des sangles de compression peu pratiques.<\/p>\n<div dir=\"auto\">\n<p>Vous avez sur les hanches deux poches \u00e9lastiques SANS FERMETURE \u00c9CLAIR, CONFORTABLES et BIEN TAILLE o\u00f9 vous pouvez facilement ins\u00e9rer votre t\u00e9l\u00e9phone, portefeuille, chambre \u00e0 air, cl\u00e9s de maison, barres energetique, etc.<\/p>\n<\/div>\n<div dir=\"auto\"><\/div>\n<div dir=\"auto\">Vous pourrez ins\u00e9rer ces objets d&rsquo;UNE SEULE MAIN, ce qui est IMPOSSIBLE avec les bananes des concurrents qui ont des fermetures \u00e9clair et des tissus rigides.<\/div>\n<p><!--more--><\/p>\n<p dir=\"auto\">La poche centrale est en tissu maill\u00e9 \u00e9lastique et a une capacit\u00e9 variable jusqu&rsquo;\u00e0 environ 2 litres ; \u00e0 l&rsquo;int\u00e9rieur, vous trouverez deux poches \u00e9lastiques pratiques de diff\u00e9rentes tailles pour mieux organiser vos articles.<\/p>\n<p dir=\"auto\">Quatre passants \u00e9lastiques vous seront utiles pour attacher une pompe ou des lunettes de soleil\/lunettes de protection.<\/p>\n<figure id=\"attachment_702\" aria-describedby=\"caption-attachment-702\" style=\"width: 300px\" class=\"wp-caption aligncenter\"><img loading=\"lazy\" decoding=\"async\" class=\"size-medium wp-image-703\" src=\"https:\/\/www.newbikeproducts.com\/wp-content\/uploads\/\/sac-banane-detail-pompe-lunettes-300x300.jpg\" alt=\"marsupio MTB NBP occhiali protettivi e pompa\" width=\"300\" height=\"300\" srcset=\"https:\/\/www.newbikeproducts.com\/wp-content\/uploads\/sac-banane-detail-pompe-lunettes-300x300.jpg 300w, https:\/\/www.newbikeproducts.com\/wp-content\/uploads\/sac-banane-detail-pompe-lunettes-100x100.jpg 100w, https:\/\/www.newbikeproducts.com\/wp-content\/uploads\/sac-banane-detail-pompe-lunettes-600x600.jpg 600w, https:\/\/www.newbikeproducts.com\/wp-content\/uploads\/sac-banane-detail-pompe-lunettes-150x150.jpg 150w, https:\/\/www.newbikeproducts.com\/wp-content\/uploads\/sac-banane-detail-pompe-lunettes-768x768.jpg 768w, https:\/\/www.newbikeproducts.com\/wp-content\/uploads\/sac-banane-detail-pompe-lunettes-324x324.jpg 324w, https:\/\/www.newbikeproducts.com\/wp-content\/uploads\/sac-banane-detail-pompe-lunettes-416x416.jpg 416w, https:\/\/www.newbikeproducts.com\/wp-content\/uploads\/sac-banane-detail-pompe-lunettes.jpg 1024w\" sizes=\"auto, (max-width: 300px) 100vw, 300px\" \/><figcaption id=\"caption-attachment-702\" class=\"wp-caption-text\">sac banane VTT NBP avec <span class=\"Y2IQFc\" lang=\"fr\">lunettes de protection et pompe<\/span><\/figcaption><\/figure>\n<p dir=\"auto\">Nous avons abandonn\u00e9 l&rsquo;id\u00e9e d&rsquo;ins\u00e9rer une poche d&rsquo;hydratation de 1,5 litre dans la banane VTT car le poids excessif provoque des oscillations importantes sur le cassante qui r\u00e9duisent consid\u00e9rablement le confort; m\u00eame le tuyau de la poche \u00e0 eau au bout n&rsquo;est pas si confortable, trop \u00e9loign\u00e9 de la bouche et il faudra aspirer avec force.<\/p>\n<p dir=\"auto\">NEWBIKEPRODUCTS pr\u00e9conise donc d&rsquo;ins\u00e9rer de l&rsquo;eau sur le cadre ou d&rsquo;utiliser la poche NBP en ins\u00e9rant des bidons\/flacons rigides ou souples de maximum 500\/700 ml dans la poche centrale.<\/p>\n<p><iframe loading=\"lazy\" title=\"sac banane VTT ENDURO\" width=\"980\" height=\"551\" src=\"https:\/\/www.youtube.com\/embed\/Rw4L6F8Fc8U?feature=oembed\" frameborder=\"0\" allow=\"accelerometer; autoplay; clipboard-write; encrypted-media; gyroscope; picture-in-picture; web-share\" referrerpolicy=\"strict-origin-when-cross-origin\" allowfullscreen><\/iframe><\/p>\n<h4 dir=\"auto\">POINTS FORTS<\/h4>\n<p dir=\"auto\">SANS FERMETURE-\u00c9CLAIR pour garantir PRATICIT\u00c9 et DURABILIT\u00c9!<\/p>\n<p dir=\"auto\">\u00c9LASTIQUE pour plus de confort et de stabilit\u00e9 du contenu<\/p>\n<p dir=\"auto\">L\u00c9GER gr\u00e2ce au choix judicieux des mat\u00e9riaux &#8211; 200 gr<\/p>\n<p dir=\"auto\">CONFORTABLE gr\u00e2ce au tissu tridimensionnel antichoc et respirant<\/p>\n<p dir=\"auto\">\u00c9THIQUE enti\u00e8rement fabriqu\u00e9 en ITALIE<\/p>\n<p dir=\"auto\">POLYVALENT: les volumes varient consid\u00e9rablement gr\u00e2ce au tissu \u00e9lastique et \u00e0 la construction \u00e0 soufflet<\/p>\n<p dir=\"auto\">SPACIEUX vous pouvez \u00e9galement inclure une veste mi-saison, ce qui n&rsquo;est pas possible avec les bananes asiatiques de la concurrence !<\/p>\n<p dir=\"auto\">BIEN VISIBLE: ecritures et bandes r\u00e9fl\u00e9chissantes pour votre s\u00e9curit\u00e9 la nuit<\/p>\n<h4 dir=\"auto\">INFORMATIONS TECHNIQUES<\/h4>\n<p dir=\"auto\">TISSU CONTRE LE CORPS : tissu en maille tridimensionnelle, respirant et capable d&rsquo;absorber les chocs<\/p>\n<p dir=\"auto\">TISSU DES POCHES: filet en polyamide dense, \u00e9lastique et r\u00e9sistant.<\/p>\n<p dir=\"auto\">\u00c9CRITURES ET LOGOS: mat\u00e9riau r\u00e9fl\u00e9chissant pour augmenter votre visibilit\u00e9 et votre s\u00e9curit\u00e9 la nuit.<\/p>\n<p dir=\"auto\">TAILLE UNIQUE<\/p>\n<p dir=\"auto\">VOLUME: 2.5 l<\/p>\n<p dir=\"auto\">POIDS : 200 gr \u00e0 la place de 450\/550 gr<\/p>\n<p dir=\"auto\">FABRIQU\u00c9 EN: ITALIE<\/p>\n","protected":false},"excerpt":{"rendered":"<p>Si vous cherchez une alternative au sac \u00e0 dos pour emporter avec vous le n\u00e9cessaire pour une excursion d&rsquo;une journ\u00e9e, le banane NBP est une alternative valable. Par rapport \u00e0 nos concurrents nous avons utilis\u00e9 un tissu en maille \u00e9lastique tr\u00e8s r\u00e9sistant qui permet un s\u00e9chage rapide de la sueur et permet de TOUJOURS garder [&hellip;]<\/p>\n","protected":false},"featured_media":693,"comment_status":"open","ping_status":"closed","template":"","meta":[],"product_brand":[],"product_cat":[84,82],"product_tag":[223,224,222,221,67],"class_list":{"0":"post-725","1":"product","2":"type-product","3":"status-publish","4":"has-post-thumbnail","6":"product_cat-banane","7":"product_cat-sacoche-de-voyage-et-sacs-a-dos","8":"product_tag-banane-trail-running","9":"product_tag-banane-vtt-fr","10":"product_tag-banane-vtt","11":"product_tag-banane-vtt-enduro","12":"product_tag-marsupio-sportivo","13":"product_shipping_class-moins-2-kg","15":"first","16":"instock","17":"shipping-taxable","18":"purchasable","19":"product-type-variable"},"tiered_pricing_type":"fixed","tiered_pricing_fixed_rules":[],"tiered_pricing_product_settings":{"layout":"default","base_unit_name":{"singular":null,"plural":null},"default_variation":null},"tiered_pricing_minimum_quantity":null,"tiered_pricing_roles_data":[],"tiered_pricing_percentage_rules":[],"_links":{"self":[{"href":"https:\/\/www.newbikeproducts.com\/fr\/wp-json\/wp\/v2\/product\/725","targetHints":{"allow":["GET"]}}],"collection":[{"href":"https:\/\/www.newbikeproducts.com\/fr\/wp-json\/wp\/v2\/product"}],"about":[{"href":"https:\/\/www.newbikeproducts.com\/fr\/wp-json\/wp\/v2\/types\/product"}],"replies":[{"embeddable":true,"href":"https:\/\/www.newbikeproducts.com\/fr\/wp-json\/wp\/v2\/comments?post=725"}],"wp:featuredmedia":[{"embeddable":true,"href":"https:\/\/www.newbikeproducts.com\/fr\/wp-json\/wp\/v2\/media\/693"}],"wp:attachment":[{"href":"https:\/\/www.newbikeproducts.com\/fr\/wp-json\/wp\/v2\/media?parent=725"}],"wp:term":[{"taxonomy":"product_brand","embeddable":true,"href":"https:\/\/www.newbikeproducts.com\/fr\/wp-json\/wp\/v2\/product_brand?post=725"},{"taxonomy":"product_cat","embeddable":true,"href":"https:\/\/www.newbikeproducts.com\/fr\/wp-json\/wp\/v2\/product_cat?post=725"},{"taxonomy":"product_tag","embeddable":true,"href":"https:\/\/www.newbikeproducts.com\/fr\/wp-json\/wp\/v2\/product_tag?post=725"}],"curies":[{"name":"wp","href":"https:\/\/api.w.org\/{rel}","templated":true}]}}