{"id":739,"date":"2022-04-01T13:49:42","date_gmt":"2022-04-01T11:49:42","guid":{"rendered":"https:\/\/www.newbikeproducts.com\/prodotto\/dorsale-protettiva-per-zaino-mtb\/"},"modified":"2024-09-13T18:00:26","modified_gmt":"2024-09-13T16:00:26","slug":"dorsale-de-protection-pour-sac-a-dos-vtt","status":"publish","type":"product","link":"https:\/\/www.newbikeproducts.com\/fr\/prodotto\/dorsale-de-protection-pour-sac-a-dos-vtt\/","title":{"rendered":"DORSALE DE PROTECTION POUR SAC \u00c0 DOS VTT"},"content":{"rendered":"<h2>PROTECTION DORSALE HOMOLOGU\u00c9E COMPATIBLE avec le sac \u00e0 dos VTT NEWBIKEPRODUCTS<\/h2>\n<p>Pour tous ceux qui veulent une <strong>protection dorsale VTT <\/strong> HOMOLOGU\u00c9E NIVEAU 1 ou 2 nous avons s\u00e9lectionn\u00e9 les protections de la soci\u00e9t\u00e9 SAS-TEC qui selon nos tests sont les plus confortables et ont un bon rapport PROTECTION\/POIDS.<\/p>\n<p>Ces protections dorsales sont fabriqu\u00e9es en mousse visco\u00e9lastique souple avec d&rsquo;excellentes valeurs d&rsquo;absorption des chocs ; avec la chaleur corporelle la mati\u00e8re se r\u00e9chauffe, se modelant pour suivre au mieux l&rsquo;anatomie du corps.<\/p>\n<p>Au moment de l&rsquo;impact, la force cin\u00e9tique est transmise aux atomes qui en se liant fermement entre eux RIGIDIFIENT la structure, absorbant l&rsquo;impact et prot\u00e9geant le corps.<\/p>\n<p>Contrairement \u00e0 d&rsquo;autres mat\u00e9riaux absorbant les chocs, cette mousse visco\u00e9lastique est \u00e9galement capable de SUPPORTER DES COUPS R\u00c9P\u00c9T\u00c9S (les impacts ne d\u00e9truisent pas les protections) et r\u00e9agit m\u00eame \u00e0 la moindre application de force.<\/p>\n<p>On peut dire que le mat\u00e9riau visco-\u00e9lastique utilis\u00e9 pour cette dorsale a \u00e9galement une VIE PLUS LONGUE que d&rsquo;autres produits plus rigides, car en cas de choc, la protection peut \u00eatre R\u00c9UTILIS\u00c9E en toute s\u00e9curit\u00e9, sauf dommage \u00e9vident.<\/p>\n<h4>POINTS FORTS<\/h4>\n<p>LEGERE, seulement 285 gr pour la protection NIVEAU 1 et 360 gr pour la protection NIVEAU 2<\/p>\n<p>A\u00c9R\u00c9E<\/p>\n<p>ANATOMIQUE gr\u00e2ce \u00e0 la mousse visco-\u00e9lastique qui s&rsquo;assouplit avec la chaleur du corps<\/p>\n<p>R\u00c9UTILISABLE m\u00eame apr\u00e8s impact<\/p>\n<p>HOMOLOGU\u00c9E selon la norme EUROPEENNE EN 1621-1 ou 1621-2<\/p>\n<h4>INFORMATIONS TECHNIQUES<\/h4>\n<p>POIDS: 285 gr NIVEAU 1 et 360 gr NIVEAU 2<\/p>\n<p>DIMENSIONS L\/l\/H cm: 45 \/ 23,8 \/ 1,6<\/p>\n<p>TAILLE: convient aux personnes taille entre 1,55 et 1,85 m\u00e8tre<\/p>\n<p>COMPOSITION: r\u00e9sine thermoplastique<\/p>\n<p>ORIGINE: BULGARIE, le r\u00e9sine est ALLEMANDE<\/p>\n","protected":false},"excerpt":{"rendered":"<p>PROTECTION DORSALE HOMOLOGU\u00c9E COMPATIBLE avec le sac \u00e0 dos VTT NEWBIKEPRODUCTS Pour tous ceux qui veulent une protection dorsale VTT HOMOLOGU\u00c9E NIVEAU 1 ou 2 nous avons s\u00e9lectionn\u00e9 les protections de la soci\u00e9t\u00e9 SAS-TEC qui selon nos tests sont les plus confortables et ont un bon rapport PROTECTION\/POIDS. Ces protections dorsales sont fabriqu\u00e9es en mousse [&hellip;]<\/p>\n","protected":false},"featured_media":710,"comment_status":"open","ping_status":"closed","template":"","meta":[],"product_brand":[],"product_cat":[364,85,82],"product_tag":[229,231,230,232],"class_list":{"0":"post-739","1":"product","2":"type-product","3":"status-publish","4":"has-post-thumbnail","6":"product_cat-protections-vtt","7":"product_cat-sac-a-dos","8":"product_cat-sacoche-de-voyage-et-sacs-a-dos","9":"product_tag-dorsale-vtt","10":"product_tag-protecteurs-dh","11":"product_tag-protection-dorsale-vtt","12":"product_tag-protections-pour-vtt","14":"first","15":"instock","16":"sale","17":"shipping-taxable","18":"purchasable","19":"product-type-variable"},"tiered_pricing_type":"fixed","tiered_pricing_fixed_rules":[],"tiered_pricing_product_settings":{"layout":"default","base_unit_name":{"singular":null,"plural":null},"default_variation":null},"tiered_pricing_minimum_quantity":null,"tiered_pricing_roles_data":[],"tiered_pricing_percentage_rules":[],"_links":{"self":[{"href":"https:\/\/www.newbikeproducts.com\/fr\/wp-json\/wp\/v2\/product\/739","targetHints":{"allow":["GET"]}}],"collection":[{"href":"https:\/\/www.newbikeproducts.com\/fr\/wp-json\/wp\/v2\/product"}],"about":[{"href":"https:\/\/www.newbikeproducts.com\/fr\/wp-json\/wp\/v2\/types\/product"}],"replies":[{"embeddable":true,"href":"https:\/\/www.newbikeproducts.com\/fr\/wp-json\/wp\/v2\/comments?post=739"}],"wp:featuredmedia":[{"embeddable":true,"href":"https:\/\/www.newbikeproducts.com\/fr\/wp-json\/wp\/v2\/media\/710"}],"wp:attachment":[{"href":"https:\/\/www.newbikeproducts.com\/fr\/wp-json\/wp\/v2\/media?parent=739"}],"wp:term":[{"taxonomy":"product_brand","embeddable":true,"href":"https:\/\/www.newbikeproducts.com\/fr\/wp-json\/wp\/v2\/product_brand?post=739"},{"taxonomy":"product_cat","embeddable":true,"href":"https:\/\/www.newbikeproducts.com\/fr\/wp-json\/wp\/v2\/product_cat?post=739"},{"taxonomy":"product_tag","embeddable":true,"href":"https:\/\/www.newbikeproducts.com\/fr\/wp-json\/wp\/v2\/product_tag?post=739"}],"curies":[{"name":"wp","href":"https:\/\/api.w.org\/{rel}","templated":true}]}}