{"id":748,"date":"2022-05-09T19:16:40","date_gmt":"2022-05-09T17:16:40","guid":{"rendered":"https:\/\/www.newbikeproducts.com\/prodotto\/zaino-mtb-16-17-litri-impermeabile\/"},"modified":"2024-11-29T09:04:32","modified_gmt":"2024-11-29T08:04:32","slug":"sac-a-dos-vtt-16-17-litres-etanche","status":"publish","type":"product","link":"https:\/\/www.newbikeproducts.com\/fr\/prodotto\/sac-a-dos-vtt-16-17-litres-etanche\/","title":{"rendered":"Sac \u00e0 dos VTT &#8211; EXTENSION 16\/22 litres &#8211; sac \u00e0 dos de voyage \u00e9tanche"},"content":{"rendered":"<p>Si vous avez besoin de plus de volume et d&rsquo;un sac \u00e0 dos VTT \u00e9tanche, vous pouvez ajouter cette EXTENSION au SAC \u00c0 DOS BASE 7\/8 litres que vous avez d\u00e9j\u00e0 appr\u00e9ci\u00e9.<\/p>\n<p>L&rsquo;extension est d&rsquo;environ 16\/17 litres, mais combin\u00e9e avec le sac \u00e0 dos de base, vous pouvez toujours utiliser la poche arri\u00e8re en filet et arriver \u00e0 un volume total d&rsquo;environ 22 litres, de sorte que vous avez avec deux produits 3 SACS \u00c0 DOS tout en conservant un maximum de confort et de stabilit\u00e9.<\/p>\n<h4>SUPER L\u00c9GER<\/h4>\n<p>L&rsquo;extension du sac \u00e0 dos ne p\u00e8se que 165 g et combin\u00e9e \u00e0 la structure de base, vous atteindrez 650 g, un r\u00e9sultat surprenant par rapport \u00e0 d&rsquo;autres sacs \u00e0 dos \u00ab\u00a0\u00e9quivalents\u00a0\u00bb pesant entre 1,1 et 1,5 kg.<\/p>\n<h4>CONFORT MAXIMUM<\/h4>\n<p>Si vous poss\u00e9dez d\u00e9j\u00e0 le SAC A DOS BASE, vous connaissez l&rsquo;exigence NBP en termes de CONFORT; l&rsquo;ajout de ce volume r\u00e9pond aux m\u00eame attentes. Gr\u00e2ce au syst\u00e8me de r\u00e9glage innovant vous pourrez l&rsquo;ajuster COMPL\u00c8TEMENT a sac \u00e0 dos PORT\u00c9, ce qui est impossible avec d&rsquo;autres sacs \u00e0 dos.<\/p>\n<h4>ETANCHE \/ IMPERM\u00c9ABLE ET FACILE \u00c0 NETTOYER<\/h4>\n<p>Par rapport aux sacs \u00e0 dos concurrents, il sera tr\u00e8s facile \u00e0 nettoyer gr\u00e2ce au REV\u00caTEMENT POLYUR\u00c9THANE, un coup d&rsquo;\u00e9ponge et il sera aussi propre qu&rsquo;avant ; le s\u00e9chage sera \u00e9galement tr\u00e8s rapide car aucune salet\u00e9 ni eau ne p\u00e9n\u00e8tre gr\u00e2ce au rev\u00eatement en polyur\u00e9thane et aux coutures thermocoll\u00e9es.<\/p>\n<h4>PRATIQUE<\/h4>\n<p>Vous pouvez enfin oublier les housses de sacs \u00e0 dos peu pratiques et disgracieuses.<\/p>\n<p>En cas de pluie, vous n&rsquo;aurez plus \u00e0 vous arr\u00eater et \u00e0 sortir la housse du sac \u00e0 dos ; tout le contenu sera sec et accessible via une fermeture \u00e9clair \u00e9tanche.<\/p>\n<h4>POLYVALENT<\/h4>\n<p>Si vous n&rsquo;avez pas besoin de plus de volume, vous pouvez facilement retirer l&rsquo;extension et utiliser le SAC A DOS BASE de 7\/8 litres, plus l\u00e9ger et plus respirant.<\/p>\n<h4>FORME ET STYLE<\/h4>\n<p>La sobri\u00e9t\u00e9 nous a permis d&rsquo;avoir un sac \u00e0 dos VTT aux lignes \u00e9pur\u00e9es.Pour le moment, nous pouvons vous proposer 2 variantes de couleur, NOIR et NOIR \/ JAUNE FLUO<\/p>\n<p>Des rubans r\u00e9fl\u00e9chissants et des \u00e9critures embellissent le sac \u00e0 dos.<\/p>\n<h4>POINTS FORTS<\/h4>\n<p dir=\"auto\">SUPER L\u00c9GER gr\u00e2ce au choix judicieux des mat\u00e9riaux &#8211; 165 gr.<\/p>\n<p dir=\"auto\">IMPERMEABLE, coutures thermocoll\u00e9es et enduction polyur\u00e9thane.<\/p>\n<p dir=\"auto\">CONFORTABLE et facile \u00e0 r\u00e9gler gr\u00e2ce au syst\u00e8me innovant.<\/p>\n<p dir=\"auto\">\u00c9THIQUE fabriqu\u00e9 enti\u00e8rement en ITALIE.<\/p>\n<p dir=\"auto\">Les volumes MULTI-USAGE<\/p>\n<h4 dir=\"auto\">INFORMATIONS TECHNIQUES<\/h4>\n<p dir=\"auto\">POIDS : 165gr<\/p>\n<p dir=\"auto\">COMPOSITION tissu ELASTIQUE : 75% polyamide, 25% \u00e9lasthanne + enduction POLYUR\u00c9THANE ; 215 g\/m2<\/p>\n<p dir=\"auto\">ETANCHE\/IMPERMEABLE : coutures thermocoll\u00e9es et tissu avec REV\u00caTEMENT POLYUR\u00c9THANE.<\/p>\n<p dir=\"auto\">ECRITURES ET LOGOS : mati\u00e8re r\u00e9fl\u00e9chissante pour augmenter votre visibilit\u00e9 et votre s\u00e9curit\u00e9 la nuit.<\/p>\n<p dir=\"auto\">TAILLE : TAILLE UNIQUE, id\u00e9ale pour les personnes mesurant entre 1,55 et 1,85 m\u00e8tre<\/p>\n<p dir=\"auto\">ORIGINE : ITALIE<\/p>\n","protected":false},"excerpt":{"rendered":"<p>Extension de 16\/17 litres du sac \u00e0 dos VTT BASE de 7\/8 litres<\/p>\n","protected":false},"featured_media":745,"comment_status":"open","ping_status":"closed","template":"","meta":[],"product_brand":[],"product_cat":[85,82],"product_tag":[420,225,226,227],"class_list":{"0":"post-748","1":"product","2":"type-product","3":"status-publish","4":"has-post-thumbnail","6":"product_cat-sac-a-dos","7":"product_cat-sacoche-de-voyage-et-sacs-a-dos","8":"product_tag-sac-a-dos-impermeable-pour-vtt","9":"product_tag-sac-a-dos-vtt","10":"product_tag-sac-a-dos-vtt-enduro","11":"product_tag-sac-a-dos-vtt-nbp","13":"first","14":"instock","15":"sale","16":"shipping-taxable","17":"purchasable","18":"product-type-variable"},"tiered_pricing_type":"fixed","tiered_pricing_fixed_rules":[],"tiered_pricing_product_settings":{"layout":"default","base_unit_name":{"singular":null,"plural":null},"default_variation":null},"tiered_pricing_minimum_quantity":null,"tiered_pricing_roles_data":[],"tiered_pricing_percentage_rules":[],"_links":{"self":[{"href":"https:\/\/www.newbikeproducts.com\/fr\/wp-json\/wp\/v2\/product\/748","targetHints":{"allow":["GET"]}}],"collection":[{"href":"https:\/\/www.newbikeproducts.com\/fr\/wp-json\/wp\/v2\/product"}],"about":[{"href":"https:\/\/www.newbikeproducts.com\/fr\/wp-json\/wp\/v2\/types\/product"}],"replies":[{"embeddable":true,"href":"https:\/\/www.newbikeproducts.com\/fr\/wp-json\/wp\/v2\/comments?post=748"}],"wp:featuredmedia":[{"embeddable":true,"href":"https:\/\/www.newbikeproducts.com\/fr\/wp-json\/wp\/v2\/media\/745"}],"wp:attachment":[{"href":"https:\/\/www.newbikeproducts.com\/fr\/wp-json\/wp\/v2\/media?parent=748"}],"wp:term":[{"taxonomy":"product_brand","embeddable":true,"href":"https:\/\/www.newbikeproducts.com\/fr\/wp-json\/wp\/v2\/product_brand?post=748"},{"taxonomy":"product_cat","embeddable":true,"href":"https:\/\/www.newbikeproducts.com\/fr\/wp-json\/wp\/v2\/product_cat?post=748"},{"taxonomy":"product_tag","embeddable":true,"href":"https:\/\/www.newbikeproducts.com\/fr\/wp-json\/wp\/v2\/product_tag?post=748"}],"curies":[{"name":"wp","href":"https:\/\/api.w.org\/{rel}","templated":true}]}}