{"id":828,"date":"2022-07-26T15:01:02","date_gmt":"2022-07-26T13:01:02","guid":{"rendered":"https:\/\/www.newbikeproducts.com\/prodotto\/systeme-de-fixation-casque-vtt-sur-sac-a-dos-nbp\/"},"modified":"2023-06-22T21:57:30","modified_gmt":"2023-06-22T19:57:30","slug":"systeme-de-fixation-casque-vtt-sur-sac-a-dos-nbp","status":"publish","type":"product","link":"https:\/\/www.newbikeproducts.com\/fr\/prodotto\/systeme-de-fixation-casque-vtt-sur-sac-a-dos-nbp\/","title":{"rendered":"Syst\u00e8me de fixation CASQUE VTT sur sac \u00e0 dos NBP"},"content":{"rendered":"<h2>SYST\u00c8ME DE FIXATION POUR CASQUE VTT, \u00e9galement INT\u00c9GRAL<\/h2>\n<p>Nous avons pens\u00e9 \u00e0 cette OPTIONNELLE pour tous ceux qui n\u2019aiment pas porter de casque en mont\u00e9e et lors des transferts avec les remont\u00e9es m\u00e9caniques ou les navettes.<\/p>\n<p>Le syst\u00e8me consiste en une rubans avec des bornes sur lesquelles sont ins\u00e9r\u00e9s les crochets qui se fixent au casque et au sac \u00e0 dos; un curseur permet de r\u00e9gler la position du casque au dos du sac \u00e0 dos NBP.<\/p>\n<p>Toutes les pi\u00e8ces sont interchangeables et sans couture, ce qui rend le syst\u00e8me polyvalent et r\u00e9parable sans l\u2019utilisation d\u2019\u00e9quipements sp\u00e9cifiques.<\/p>\n<p>Ce syst\u00e8me reste simple et discret et s\u2019il n\u2019est pas utilis\u00e9, il est cach\u00e9 dans la poche arri\u00e8re, en conservant des lignes esth\u00e9tiques \u00e9pur\u00e9es, sans sangles ni crochets externes qui peuvent se coincer dans les branches et les ronces.<\/p>\n<h4>POINTS FORTS<\/h4>\n<p dir=\"auto\">SUPERLIGHT gr\u00e2ce au choix judicieux des mat\u00e9riaux \u2013 25 gr.<\/p>\n<p dir=\"auto\">DISCRET, s\u2019il n\u2019est pas utilis\u00e9, il peut se ranger dans la poche arri\u00e8re.<\/p>\n<p dir=\"auto\">CONFORTABLE et facile \u00e0 r\u00e9gler gr\u00e2ce au curseur<\/p>\n<p dir=\"auto\">\u00c9THIQUE enti\u00e8rement fabriqu\u00e9 en ITALIE.<\/p>\n<p dir=\"auto\">MULTI-USAGE peut \u00eatre utilis\u00e9 dans d\u2019autres options du sac \u00e0 dos NBP, comme le harnais coupe-vent \/ volume suppl\u00e9mentaire.<\/p>\n<h4 dir=\"auto\">INFORMATIONS TECHNIQUES<\/h4>\n<p dir=\"auto\">POIDS : 25gr la paire<\/p>\n<p dir=\"auto\">COMPOSITION : BOUCLES : NYLON \u2013 RUBANS : POLYESTER<\/p>\n<p dir=\"auto\">EXTENSION : Longueur MAX : 14 cm ; Longueur MINI : 11 cm<\/p>\n<p dir=\"auto\">ORIGINE : ITALIE<\/p>\n","protected":false},"excerpt":{"rendered":"<p><br data-mce-bogus=\"1\"><\/p>\n","protected":false},"featured_media":810,"comment_status":"open","ping_status":"closed","template":"","meta":[],"product_brand":[],"product_cat":[85,82],"product_tag":[334,333,332],"class_list":{"0":"post-828","1":"product","2":"type-product","3":"status-publish","4":"has-post-thumbnail","6":"product_cat-sac-a-dos","7":"product_cat-sacoche-de-voyage-et-sacs-a-dos","8":"product_tag-casque-integral-fixations-sac-a-dos","9":"product_tag-casque-integral-vtt","10":"product_tag-crochet-pour-casque-de-sac-a-dos-vtt","11":"product_shipping_class-collissimo-jusqua-0-250","13":"first","14":"instock","15":"shipping-taxable","16":"purchasable","17":"product-type-variable"},"tiered_pricing_type":"fixed","tiered_pricing_fixed_rules":[],"tiered_pricing_product_settings":{"layout":"default","base_unit_name":{"singular":null,"plural":null},"default_variation":null},"tiered_pricing_minimum_quantity":null,"tiered_pricing_roles_data":[],"tiered_pricing_percentage_rules":[],"_links":{"self":[{"href":"https:\/\/www.newbikeproducts.com\/fr\/wp-json\/wp\/v2\/product\/828","targetHints":{"allow":["GET"]}}],"collection":[{"href":"https:\/\/www.newbikeproducts.com\/fr\/wp-json\/wp\/v2\/product"}],"about":[{"href":"https:\/\/www.newbikeproducts.com\/fr\/wp-json\/wp\/v2\/types\/product"}],"replies":[{"embeddable":true,"href":"https:\/\/www.newbikeproducts.com\/fr\/wp-json\/wp\/v2\/comments?post=828"}],"wp:featuredmedia":[{"embeddable":true,"href":"https:\/\/www.newbikeproducts.com\/fr\/wp-json\/wp\/v2\/media\/810"}],"wp:attachment":[{"href":"https:\/\/www.newbikeproducts.com\/fr\/wp-json\/wp\/v2\/media?parent=828"}],"wp:term":[{"taxonomy":"product_brand","embeddable":true,"href":"https:\/\/www.newbikeproducts.com\/fr\/wp-json\/wp\/v2\/product_brand?post=828"},{"taxonomy":"product_cat","embeddable":true,"href":"https:\/\/www.newbikeproducts.com\/fr\/wp-json\/wp\/v2\/product_cat?post=828"},{"taxonomy":"product_tag","embeddable":true,"href":"https:\/\/www.newbikeproducts.com\/fr\/wp-json\/wp\/v2\/product_tag?post=828"}],"curies":[{"name":"wp","href":"https:\/\/api.w.org\/{rel}","templated":true}]}}