{"id":829,"date":"2022-07-27T16:23:10","date_gmt":"2022-07-27T14:23:10","guid":{"rendered":"https:\/\/www.newbikeproducts.com\/prodotto\/fischietto-di-emergenza-per-zaino-mtb-nbp\/"},"modified":"2023-10-29T22:21:36","modified_gmt":"2023-10-29T21:21:36","slug":"sifflet-durgence-pour-sac-a-dos-vtt-nbp","status":"publish","type":"product","link":"https:\/\/www.newbikeproducts.com\/fr\/prodotto\/sifflet-durgence-pour-sac-a-dos-vtt-nbp\/","title":{"rendered":"Sifflet d&rsquo;urgence pour sac \u00e0 dos VTT NBP"},"content":{"rendered":"<h2>Sifflet d&rsquo;urgence pour sac \u00e0 dos VTT NBP<\/h2>\n<p>Nous ne pouvions passer sous silence ce d\u00e9tail important li\u00e9 \u00e0 votre s\u00e9curit\u00e9, avoir un <strong>sifflet de survie <\/strong>APPROUV\u00c9 avec vous peut vous aider \u00e0 vous retrouver en cas de danger.<\/p>\n<p>Certains sacs \u00e0 dos que vous trouvez sur le march\u00e9 ont des <strong>sifflets de secours<\/strong> int\u00e9gr\u00e9s dans les boucles de poitrine, ils ne sont PAS APPROUV\u00c9S et la qualit\u00e9 et les d\u00e9cibels sont faibles ; avec le sifflet NBP, vous pouvez vous sentir mieux !<\/p>\n<p>Il s&rsquo;enclenche confortablement dans les fentes pr\u00e9vues sur le sac \u00e0 dos NBP et un cordon \u00e9lastique vous emp\u00eache de tomber de vos mains et de le perdre.<\/p>\n<p>Ce sifflet est \u00e9galement fabriqu\u00e9 en ITALIE, cha\u00eene d&rsquo;approvisionnement courte et de qualit\u00e9.<\/p>\n<h4>POINTS FORTS<\/h4>\n<p>APPROUV\u00c9 selon EN ISO 12402-8<\/p>\n<p>L\u00c9GER gr\u00e2ce au choix judicieux des mat\u00e9riaux &#8211; 5 gr<\/p>\n<p>BIEN VISIBLE, gr\u00e2ce au choix de la couleur<\/p>\n<p>ERGONOMIQUE<\/p>\n<p>\u00c9THIQUE fabriqu\u00e9 en ITALIE<\/p>\n<h4 dir=\"auto\">INFORMATIONS&nbsp;TECHNIQUES<\/h4>\n<p dir=\"auto\">POIDS : 5 gr sans cordon<\/p>\n<p>COMPOSITION : Polypropyl\u00e8ne<\/p>\n<p>ORIGINE : ITALIE<\/p>\n","protected":false},"excerpt":{"rendered":"<p><\/p>\n","protected":false},"featured_media":819,"comment_status":"open","ping_status":"closed","template":"","meta":[],"product_brand":[],"product_cat":[81,85,82],"product_tag":[302,303,304],"class_list":{"0":"post-829","1":"product","2":"type-product","3":"status-publish","4":"has-post-thumbnail","6":"product_cat-bivouac-camping","7":"product_cat-sac-a-dos","8":"product_cat-sacoche-de-voyage-et-sacs-a-dos","9":"product_tag-fischietto-aiuto-fr","10":"product_tag-fischietto-emergenza-fr","11":"product_tag-fischietto-soccorso-fr","13":"first","14":"instock","15":"shipping-taxable","16":"purchasable","17":"product-type-simple"},"tiered_pricing_type":"fixed","tiered_pricing_fixed_rules":[],"tiered_pricing_product_settings":{"layout":"default","base_unit_name":{"singular":null,"plural":null},"default_variation":null},"tiered_pricing_minimum_quantity":null,"tiered_pricing_roles_data":[],"tiered_pricing_percentage_rules":[],"_links":{"self":[{"href":"https:\/\/www.newbikeproducts.com\/fr\/wp-json\/wp\/v2\/product\/829","targetHints":{"allow":["GET"]}}],"collection":[{"href":"https:\/\/www.newbikeproducts.com\/fr\/wp-json\/wp\/v2\/product"}],"about":[{"href":"https:\/\/www.newbikeproducts.com\/fr\/wp-json\/wp\/v2\/types\/product"}],"replies":[{"embeddable":true,"href":"https:\/\/www.newbikeproducts.com\/fr\/wp-json\/wp\/v2\/comments?post=829"}],"wp:featuredmedia":[{"embeddable":true,"href":"https:\/\/www.newbikeproducts.com\/fr\/wp-json\/wp\/v2\/media\/819"}],"wp:attachment":[{"href":"https:\/\/www.newbikeproducts.com\/fr\/wp-json\/wp\/v2\/media?parent=829"}],"wp:term":[{"taxonomy":"product_brand","embeddable":true,"href":"https:\/\/www.newbikeproducts.com\/fr\/wp-json\/wp\/v2\/product_brand?post=829"},{"taxonomy":"product_cat","embeddable":true,"href":"https:\/\/www.newbikeproducts.com\/fr\/wp-json\/wp\/v2\/product_cat?post=829"},{"taxonomy":"product_tag","embeddable":true,"href":"https:\/\/www.newbikeproducts.com\/fr\/wp-json\/wp\/v2\/product_tag?post=829"}],"curies":[{"name":"wp","href":"https:\/\/api.w.org\/{rel}","templated":true}]}}