{"id":839,"date":"2022-08-05T11:19:50","date_gmt":"2022-08-05T09:19:50","guid":{"rendered":"https:\/\/www.newbikeproducts.com\/prodotto\/gancio-fibbia-in-fibra-di-carbonio-nastro-da-15-mm-h-12-mm\/"},"modified":"2023-07-21T11:23:34","modified_gmt":"2023-07-21T09:23:34","slug":"crochet-boucle-en-ruban-en-fibre-de-carbone-15-mm","status":"publish","type":"product","link":"https:\/\/www.newbikeproducts.com\/fr\/prodotto\/crochet-boucle-en-ruban-en-fibre-de-carbone-15-mm\/","title":{"rendered":"CROCHET &#8211; BOUCLE EN FIBRE DE CARBONE &#8211; 15 mm h Ruban 1,2 mm"},"content":{"rendered":"<h2>BOUCLE CROCHET EN FIBRE DE CARBONE<\/h2>\n<p>Nous souhaitons am\u00e9liorer la qualit\u00e9 et la durabilit\u00e9 de nos produits et c\u2019est pourquoi nous proposons cette <strong>BOUCLE CROCHET EN FIBRE DE CARBONE<\/strong> cqui sera \u00e9galement utilis\u00e9e dans les versions du sac de voyage VTT \/ GRAVEL, boucles en plastique indestructibles et plus r\u00e9sistantesnte delle fibbie in plastica.BOUCLE CROCHET EN FIBRE DE CARBONE<\/p>\n<p>La boucle \u00e0 crochet en fibre de carbone a \u00e9t\u00e9 con\u00e7ue par NBP pour des ruban d\u2019une largeur de 15 mm et d\u2019une \u00e9paisseur en \u00ab compression \u00bb n\u2019exc\u00e9dant pas 1 mm (ruban \u00e9cras\u00e9 dans le pied \u00e0 coulisse).<\/p>\n<p>Les deux lumi\u00e8res ont une hauteur de seulement 1,5 mm pour emp\u00eacher la courroie de glisser sous l\u2019effort et les vibrations.<\/p>\n<p>Si vous \u00eates un cr\u00e9ateur de mode, cette boucle est tr\u00e8s originale et belle et NBP la met \u00e9galement \u00e0 disposition pour d\u2019autres projets et produits.<\/p>\n<p>Sur demande nous pouvons \u00e9galement vous proposer cette boucle en fibre de carbone pour r\u00e9aliser des ceintures qui ont l\u2019avantage de passer le d\u00e9tecteur de m\u00e9taux des a\u00e9roports sans avoir \u00e0 l\u2019enlever.<\/p>\n<figure id=\"attachment_841\" aria-describedby=\"caption-attachment-841\" style=\"width: 300px\" class=\"wp-caption aligncenter\"><img loading=\"lazy\" decoding=\"async\" class=\"size-medium wp-image-840\" src=\"https:\/\/www.newbikeproducts.com\/wp-content\/uploads\/\/fibbia-pantaloni-carbonio-300x300.jpg\" alt=\"boucle de pantalon en carbone\" width=\"300\" height=\"300\" srcset=\"https:\/\/www.newbikeproducts.com\/wp-content\/uploads\/fibbia-pantaloni-carbonio-300x300.jpg 300w, https:\/\/www.newbikeproducts.com\/wp-content\/uploads\/fibbia-pantaloni-carbonio-100x100.jpg 100w, https:\/\/www.newbikeproducts.com\/wp-content\/uploads\/fibbia-pantaloni-carbonio-600x600.jpg 600w, https:\/\/www.newbikeproducts.com\/wp-content\/uploads\/fibbia-pantaloni-carbonio-150x150.jpg 150w, https:\/\/www.newbikeproducts.com\/wp-content\/uploads\/fibbia-pantaloni-carbonio-768x768.jpg 768w, https:\/\/www.newbikeproducts.com\/wp-content\/uploads\/fibbia-pantaloni-carbonio-324x324.jpg 324w, https:\/\/www.newbikeproducts.com\/wp-content\/uploads\/fibbia-pantaloni-carbonio-416x416.jpg 416w, https:\/\/www.newbikeproducts.com\/wp-content\/uploads\/fibbia-pantaloni-carbonio.jpg 1024w\" sizes=\"auto, (max-width: 300px) 100vw, 300px\" \/><figcaption id=\"caption-attachment-841\" class=\"wp-caption-text\">boucle de pantalon en carbone MADE IN ITALY &#8211; FASHION<\/figcaption><\/figure>\n<h4>POINTS FORTS<\/h4>\n<p>INDESTRUCTIBLE, haute r\u00e9sistance \u00e0 la traction gr\u00e2ce au choix de la FIBRE DE CARBONE<\/p>\n<p>SUPER L\u00c9GER<\/p>\n<h4>INFORMATIONS TECHNIQUES<\/h4>\n<p>COMPOSITION : fibre de carbone<\/p>\n<p>POIDS : 3 grammes<\/p>\n<p>DIMENSIONS : \u00e9paisseur 4 mm et pour rubans d\u2019une largeur de 15 mm et d\u2019une \u00e9paisseur de compression de 1 mm max.<\/p>\n<p>ORIGINE : ITALIE<\/p>\n","protected":false},"excerpt":{"rendered":"<p>BOUCLE CROCHET EN FIBRE DE CARBONE Nous souhaitons am\u00e9liorer la qualit\u00e9 et la durabilit\u00e9 de nos produits et c\u2019est pourquoi nous proposons cette BOUCLE CROCHET EN FIBRE DE CARBONE cqui sera \u00e9galement utilis\u00e9e dans les versions du sac de voyage VTT \/ GRAVEL, boucles en plastique indestructibles et plus r\u00e9sistantesnte delle fibbie in plastica.BOUCLE CROCHET [&hellip;]<\/p>\n","protected":false},"featured_media":833,"comment_status":"open","ping_status":"closed","template":"","meta":[],"product_brand":[],"product_cat":[81,83],"product_tag":[307,308],"class_list":{"0":"post-839","1":"product","2":"type-product","3":"status-publish","4":"has-post-thumbnail","6":"product_cat-bivouac-camping","7":"product_cat-sacoche-de-cadre","8":"product_tag-fibbie-a-gancio-fibbie-di-carbonio-fr","9":"product_tag-fibbie-in-fibra-di-carbonio-fr","10":"product_shipping_class-collissimo-jusqua-0-250","12":"first","13":"instock","14":"shipping-taxable","15":"purchasable","16":"product-type-simple"},"tiered_pricing_type":"fixed","tiered_pricing_fixed_rules":[],"tiered_pricing_product_settings":{"layout":"default","base_unit_name":{"singular":null,"plural":null},"default_variation":null},"tiered_pricing_minimum_quantity":null,"tiered_pricing_roles_data":[],"tiered_pricing_percentage_rules":[],"_links":{"self":[{"href":"https:\/\/www.newbikeproducts.com\/fr\/wp-json\/wp\/v2\/product\/839","targetHints":{"allow":["GET"]}}],"collection":[{"href":"https:\/\/www.newbikeproducts.com\/fr\/wp-json\/wp\/v2\/product"}],"about":[{"href":"https:\/\/www.newbikeproducts.com\/fr\/wp-json\/wp\/v2\/types\/product"}],"replies":[{"embeddable":true,"href":"https:\/\/www.newbikeproducts.com\/fr\/wp-json\/wp\/v2\/comments?post=839"}],"wp:featuredmedia":[{"embeddable":true,"href":"https:\/\/www.newbikeproducts.com\/fr\/wp-json\/wp\/v2\/media\/833"}],"wp:attachment":[{"href":"https:\/\/www.newbikeproducts.com\/fr\/wp-json\/wp\/v2\/media?parent=839"}],"wp:term":[{"taxonomy":"product_brand","embeddable":true,"href":"https:\/\/www.newbikeproducts.com\/fr\/wp-json\/wp\/v2\/product_brand?post=839"},{"taxonomy":"product_cat","embeddable":true,"href":"https:\/\/www.newbikeproducts.com\/fr\/wp-json\/wp\/v2\/product_cat?post=839"},{"taxonomy":"product_tag","embeddable":true,"href":"https:\/\/www.newbikeproducts.com\/fr\/wp-json\/wp\/v2\/product_tag?post=839"}],"curies":[{"name":"wp","href":"https:\/\/api.w.org\/{rel}","templated":true}]}}