{"id":867,"date":"2022-09-05T11:32:47","date_gmt":"2022-09-05T09:32:47","guid":{"rendered":"https:\/\/www.newbikeproducts.com\/prodotto\/borraccia-flessibile-in-titanio\/"},"modified":"2025-01-23T17:17:59","modified_gmt":"2025-01-23T16:17:59","slug":"gourde-souple-en-titane","status":"publish","type":"product","link":"https:\/\/www.newbikeproducts.com\/fr\/prodotto\/gourde-souple-en-titane\/","title":{"rendered":"GOURDE SOUPLE EN TITANE"},"content":{"rendered":"<h2>GOURDE\/BIDON VELO AVEC REV\u00caTEMENT EN TITANE<\/h2>\n<p>Vous pouvez enfin dire adieu \u00e0 l&rsquo;odeur de plastique de vos bidons gr\u00e2ce \u00e0 la doublure int\u00e9rieure en TITANE facile \u00e0 nettoyer et capable de garantir une dur\u00e9e de vie maximale du produit.<\/p>\n<p>Nous avons d\u00e9cid\u00e9 de commencer une collaboration avec cette STARTUP car elle a une philosophie d&rsquo;entreprise tr\u00e8s similaire \u00e0 la n\u00f4tre, INNOVATION, CHA\u00ceNE COURTE et LONGUE DUR\u00c9E des produits; pour des raisons de marge et de logistique, l&rsquo;achat se fera directement sur le site keego.<\/p>\n<p>NEWBIKEPRODUCTS a longtemps test\u00e9 le bidon TITANE pour trouver ses points faibles ou d\u00e9fauts&#8230; mais nous n&rsquo;en avons pas trouv\u00e9 et nous nous sommes rendus compte que c&rsquo;est un produit VRAIMENT BIEN CON\u00c7U, tant du point de vue du choix des mat\u00e9riaux que des formes de les composants.<\/p>\n<p>Malgr\u00e9 un rev\u00eatement en TITANE, la bouteille reste SOUPLE permettant ainsi de se vider compl\u00e8tement et d&rsquo;avoir un joli jet d&rsquo;eau.<\/p>\n<p>M\u00eame le poids de seulement 85 g pour la version 750 ml ou 72 g pour la version 500 ml reste faible et conforme aux bouteilles d&rsquo;eau de m\u00eame capacit\u00e9.<\/p>\n<p>Vous pouvez choisir entre deux formats de gourdes en titane, 500 ml ou 750 ml.<\/p>\n<figure id=\"attachment_2376\" aria-describedby=\"caption-attachment-2376\" style=\"width: 300px\" class=\"wp-caption aligncenter\"><img loading=\"lazy\" decoding=\"async\" class=\"size-medium wp-image-2376\" src=\"https:\/\/www.newbikeproducts.com\/wp-content\/uploads\/\/gourde-en-titane-flexible-vert-militaire-750ml-300x300.webp\" alt=\"borraccia titanio colore verde militare da 750 ml\" width=\"300\" height=\"300\" srcset=\"https:\/\/www.newbikeproducts.com\/wp-content\/uploads\/gourde-en-titane-flexible-vert-militaire-750ml-300x300.webp 300w, https:\/\/www.newbikeproducts.com\/wp-content\/uploads\/gourde-en-titane-flexible-vert-militaire-750ml-150x150.webp 150w, https:\/\/www.newbikeproducts.com\/wp-content\/uploads\/gourde-en-titane-flexible-vert-militaire-750ml-768x768.webp 768w, https:\/\/www.newbikeproducts.com\/wp-content\/uploads\/gourde-en-titane-flexible-vert-militaire-750ml-600x600.webp 600w, https:\/\/www.newbikeproducts.com\/wp-content\/uploads\/gourde-en-titane-flexible-vert-militaire-750ml-100x100.webp 100w, https:\/\/www.newbikeproducts.com\/wp-content\/uploads\/gourde-en-titane-flexible-vert-militaire-750ml-50x50.webp 50w, https:\/\/www.newbikeproducts.com\/wp-content\/uploads\/gourde-en-titane-flexible-vert-militaire-750ml.webp 1000w\" sizes=\"auto, (max-width: 300px) 100vw, 300px\" \/><figcaption id=\"caption-attachment-2376\" class=\"wp-caption-text\">borraccia titanio flessibile 750ml verde militare<\/figcaption><\/figure>\n<p>Le capuchon est l&rsquo;un des d\u00e9tails que NEWBIKEPRODUCTS pr\u00e9f\u00e8re pour sa facilit\u00e9 de nettoyage car il peut \u00eatre facilement d\u00e9mont\u00e9 et inspect\u00e9 pour v\u00e9rifier la pr\u00e9sence de moisissures, difficile \u00e0 voir avec les capuchons traditionnels.<\/p>\n<p>Le bouchon se compose d&rsquo;une bague en plastique et d&rsquo;un bec en SILICONE AMOVIBLE qui permet \u00e9galement d&rsquo;absorber les chocs en cas de chute de la bouteille, en la prot\u00e9geant.<\/p>\n<p>Le corps du bidon pr\u00e9sente des reliefs pour assurer une bonne prise aussi bien en main que dans le porte-bidon ; le rev\u00eatement en plastique a \u00e9galement une bonne r\u00e9sistance aux rayures.<\/p>\n<p>Un porte-bouteille \u00e0 d\u00e9gagement rapide pour VTT a \u00e9galement \u00e9t\u00e9 con\u00e7u (m\u00e9canique et aimant)<\/p>\n<p>Le prix peut para\u00eetre \u00e9lev\u00e9, mais la dur\u00e9e plus longue et tous les avantages de ne pas avoir d&rsquo;odeurs\/moisissures et de boire des micro-plastiques ne doivent pas vous laisser de doutes sur son achat !<\/p>\n<p>Le bidon est \u00e9galement fabriqu\u00e9e localement de mani\u00e8re \u00e9thique en EUROPE \/ ALLEMAGNE.<\/p>\n<p style=\"text-align: center;\">VID\u00c9O GOURDE EN TITANE<\/p>\n<p><iframe loading=\"lazy\" title=\"BORRACCIA IN TITANIO\" width=\"980\" height=\"551\" src=\"https:\/\/www.youtube.com\/embed\/rXd6rJAkd8M?feature=oembed\" frameborder=\"0\" allow=\"accelerometer; autoplay; clipboard-write; encrypted-media; gyroscope; picture-in-picture; web-share\" referrerpolicy=\"strict-origin-when-cross-origin\" allowfullscreen><\/iframe><\/p>\n<h4 dir=\"auto\">POINTS FORTS<\/h4>\n<p>AUCUNE ODEUR et PR\u00c9SENCE DE MICRO-PLASTIQUES gr\u00e2ce au rev\u00eatement interne en TITANE<\/p>\n<p>DURABILIT\u00c9 PLUS LONGUE gr\u00e2ce \u00e0 l&rsquo;utilisation de TITANE<\/p>\n<p>L\u00c9GER gr\u00e2ce au choix judicieux des mat\u00e9riaux &#8211; SEULEMENT 85 gr<\/p>\n<p>FACILE \u00c0 NETTOYER<\/p>\n<p>ETHIQUE made in ALLEMAGNE<\/p>\n<h4 dir=\"auto\">CARACTERISTIQUES TECHNIQUES<\/h4>\n<p>Rev\u00eatement interne en TITANE.<\/p>\n<p>Capuchon amovible en SILICONE.<\/p>\n<p>VOLUME : 750 ml<\/p>\n<p>POIDS : 85 gr<\/p>\n<p>ORIGINE : ALLEMAGNE<\/p>\n","protected":false},"excerpt":{"rendered":"<p>GOURDE\/BIDON VELO AVEC REV\u00caTEMENT EN TITANE Vous pouvez enfin dire adieu \u00e0 l&rsquo;odeur de plastique de vos bidons gr\u00e2ce \u00e0 la doublure int\u00e9rieure en TITANE facile \u00e0 nettoyer et capable de garantir une dur\u00e9e de vie maximale du produit. Nous avons d\u00e9cid\u00e9 de commencer une collaboration avec cette STARTUP car elle a une philosophie d&rsquo;entreprise [&hellip;]<\/p>\n","protected":false},"featured_media":864,"comment_status":"closed","ping_status":"closed","template":"","meta":[],"product_brand":[],"product_cat":[81],"product_tag":[314,315,316,313],"class_list":{"0":"post-867","1":"product","2":"type-product","3":"status-publish","4":"has-post-thumbnail","6":"product_cat-bivouac-camping","7":"product_tag-borraccia-in-titanio-fr","8":"product_tag-borraccia-mtb-fr","9":"product_tag-gourde-velo-en-titane","10":"product_tag-gourde-velo","12":"first","13":"instock","14":"sale","15":"shipping-taxable","16":"product-type-external"},"tiered_pricing_type":"fixed","tiered_pricing_fixed_rules":[],"tiered_pricing_product_settings":{"layout":"default","base_unit_name":{"singular":null,"plural":null},"default_variation":null},"tiered_pricing_minimum_quantity":null,"tiered_pricing_roles_data":[],"tiered_pricing_percentage_rules":[],"_links":{"self":[{"href":"https:\/\/www.newbikeproducts.com\/fr\/wp-json\/wp\/v2\/product\/867","targetHints":{"allow":["GET"]}}],"collection":[{"href":"https:\/\/www.newbikeproducts.com\/fr\/wp-json\/wp\/v2\/product"}],"about":[{"href":"https:\/\/www.newbikeproducts.com\/fr\/wp-json\/wp\/v2\/types\/product"}],"replies":[{"embeddable":true,"href":"https:\/\/www.newbikeproducts.com\/fr\/wp-json\/wp\/v2\/comments?post=867"}],"wp:featuredmedia":[{"embeddable":true,"href":"https:\/\/www.newbikeproducts.com\/fr\/wp-json\/wp\/v2\/media\/864"}],"wp:attachment":[{"href":"https:\/\/www.newbikeproducts.com\/fr\/wp-json\/wp\/v2\/media?parent=867"}],"wp:term":[{"taxonomy":"product_brand","embeddable":true,"href":"https:\/\/www.newbikeproducts.com\/fr\/wp-json\/wp\/v2\/product_brand?post=867"},{"taxonomy":"product_cat","embeddable":true,"href":"https:\/\/www.newbikeproducts.com\/fr\/wp-json\/wp\/v2\/product_cat?post=867"},{"taxonomy":"product_tag","embeddable":true,"href":"https:\/\/www.newbikeproducts.com\/fr\/wp-json\/wp\/v2\/product_tag?post=867"}],"curies":[{"name":"wp","href":"https:\/\/api.w.org\/{rel}","templated":true}]}}